{"id":380341,"date":"2024-04-24T17:51:17","date_gmt":"2024-04-24T14:51:17","guid":{"rendered":"https:\/\/visitwp.dgmedialink.com\/useful-info\/wissenswertes-ueber-zypern\/"},"modified":"2026-03-04T08:10:15","modified_gmt":"2026-03-04T06:10:15","slug":"wissenswertes-ueber-zypern","status":"publish","type":"page","link":"https:\/\/www.visitcyprus.com\/de\/useful-info\/wissenswertes-ueber-zypern\/","title":{"rendered":"Wissenswertes \u00fcber Zypern"},"content":{"rendered":"\t\t<div data-elementor-type=\"wp-page\" data-elementor-id=\"380341\" class=\"elementor elementor-380341 elementor-268960\" data-elementor-post-type=\"page\">\n\t\t\t\t<div class=\"elementor-element elementor-element-2100fc36 e-con-full e-flex e-con e-parent\" data-id=\"2100fc36\" data-element_type=\"container\" data-e-type=\"container\">\n\t\t\t\t<div class=\"elementor-element elementor-element-48b89a7 elementor-widget elementor-widget-breadcrumbs\" data-id=\"48b89a7\" data-element_type=\"widget\" data-e-type=\"widget\" data-widget_type=\"breadcrumbs.default\">\n\t\t\t\t<div class=\"elementor-widget-container\">\n\t\t\t\t\t<p id=\"breadcrumbs\">\tYou are here:\n<span><span><a href=\"https:\/\/www.visitcyprus.com\/de\/\">Home<\/a><\/span><\/span><\/p>\t\t\t\t<\/div>\n\t\t\t\t<\/div>\n\t\t\t\t<\/div>\n\t\t<div class=\"elementor-element elementor-element-6b39499f e-con-full no-banner-page e-flex e-con e-parent\" data-id=\"6b39499f\" data-element_type=\"container\" data-e-type=\"container\">\n\t\t<div class=\"elementor-element elementor-element-5811d4c1 e-con-full e-flex e-con e-child\" data-id=\"5811d4c1\" data-element_type=\"container\" data-e-type=\"container\">\n\t\t\t\t<div class=\"elementor-element elementor-element-abaa32f elementor-widget elementor-widget-heading\" data-id=\"abaa32f\" data-element_type=\"widget\" data-e-type=\"widget\" data-widget_type=\"heading.default\">\n\t\t\t\t<div class=\"elementor-widget-container\">\n\t\t\t\t\t<h2 class=\"elementor-heading-title elementor-size-default\">Wissenswertes \u00fcber Zypern<\/h2>\t\t\t\t<\/div>\n\t\t\t\t<\/div>\n\t\t\t\t<div class=\"elementor-element elementor-element-1c1dd51e elementor-widget elementor-widget-text-editor\" data-id=\"1c1dd51e\" data-element_type=\"widget\" data-e-type=\"widget\" data-widget_type=\"text-editor.default\">\n\t\t\t\t<div class=\"elementor-widget-container\">\n\t\t\t\t\t\t\t\t\t<p>Zypern ist ein Inselstaat im \u00f6stlichen Mittelmeer. Bekannt f\u00fcr sein warmes Klima, seine mit der Blauen Flagge ausgezeichneten Str\u00e4nde, sein reiches kulturelles Erbe und seine herzliche Gastfreundschaft, bietet die Insel ein vielf\u00e4ltiges Reiseerlebnis \u2013 von lebhaften Badeorten und kosmopolitischen St\u00e4dten bis hin zu traditionellen D\u00f6rfern, Naturpfaden und UNESCO-Welterbest\u00e4tten.<\/p>\n<p>Die Republik Zypern verf\u00fcgt \u00fcber mehrere bedeutenden st\u00e4dtischen Zentren, jedes mit seinem eigenen Charakter. <strong>Lefkosia<\/strong> (<strong>Nikosia)<\/strong> ist eine pulsierende Hauptstadt, in der jahrhundertealte Geschichte, eine vielf\u00e4ltige Kulturszene und modernes Stadtleben in der letzten geteilten Hauptstadt Europas aufeinandertreffen. <strong>Lemesos <\/strong>(<strong>Limassol)<\/strong> ist eine lebhafte K\u00fcstenstadt, bekannt f\u00fcr ihre Promenade, ihre Weind\u00f6rfer, ihre Gastronomie und ihr kosmopolitisches Flair. <strong>Larnaka (Larnaca) <\/strong>vereint eine entspannte und unverwechselbare Atmosph\u00e4re mit einer harmonischen Verbindung von Natur, historischen St\u00e4tten und dem Leben am Meer. <strong>Pafos <\/strong>(<strong>Paphos)<\/strong> ist ein zeitloses Reiseziel, wo UNESCO-gesch\u00fctzte arch\u00e4ologische Sch\u00e4tze, unber\u00fchrte Naturlandschaften, eine reiche Mythologie und mediterraner Lebensstil aufeinandertreffen. Der <strong>Bezirk Ammochostos<\/strong> <strong>(Famagusta)<\/strong> umfasst einige der beliebtesten Badeorte der Insel, wie Agia Napa und Protaras, die f\u00fcr ihre goldenen Sandstr\u00e4nde und kristallklaren Gew\u00e4sser bekannt sind.<\/p>\n<p>Das gebirgige Inselinnere, das vom <b>Troodos-Gebirge<\/b> dominiert wird, bietet idyllische traditionelle D\u00f6rfer, die einen authentischen Einblick in das lokale Leben erm\u00f6glichen, byzantinische Kirchen, die zum Weltkulturerbe geh\u00f6ren, und Naturerlebnisse, die einen markanten Kontrast zur K\u00fcste mit ihren \u00fcppigen W\u00e4ldern und atemberaubenden geologischen Formationen bilden.<\/p>\n<p><strong>DER STATUS DER INSEL<\/strong><\/p>\n<p>Zypern ist seit 1974 infolge der t\u00fcrkischen Milit\u00e4rinvasion und Besetzung geteilt. Heute befinden sich der international anerkannte Staat, die wichtigsten St\u00e4dte, Flugh\u00e4fen und die touristische Infrastruktur in den von der Regierung der Republik Zypern kontrollierten Gebieten der Insel. Die Gebiete, die nicht unter der effektiven Kontrolle der Regierung der Republik stehen, sind durch die von den Vereinten Nationen kontrollierte Pufferzone von den von der Regierung kontrollierten Gebieten getrennt.<\/p>\n<p>Besucher k\u00f6nnen sich in den von der Regierung kontrollierten Gebieten frei und sicher bewegen. Diese bieten eine moderne Infrastruktur, hohe Servicestandards und ein sicheres europ\u00e4isches Umfeld f\u00fcr den Tourismus. Grenz\u00fcberg\u00e4nge zwischen den von der Regierung kontrollierten Gebieten und den Gebieten, die nicht unter der effektiven Kontrolle der Regierung der Republik Zypern stehen, sind an ausgewiesenen Grenz\u00fcberg\u00e4ngen m\u00f6glich, vorbehaltlich der zum Zeitpunkt der Reise geltenden Bestimmungen. Besuchern, die einen Grenz\u00fcbertritt beabsichtigen, wird empfohlen, sich vorab \u00fcber die offiziellen Hinweise zu informieren.<\/p>\n<p>Die Republik Zypern bekennt sich weiterhin zu einer umfassenden L\u00f6sung der Zypernfrage unter der Schirmherrschaft der Vereinten Nationen.<\/p>\n<p>Detaillierte, offizielle und aktuelle Informationen zur Zypernfrage finden Sie auf der Website des Au\u00dfenministeriums der Republik Zypern: <strong><a href=\"http:\/\/www.mfa.gov.cy\" target=\"_blank\" rel=\"noopener\">www.mfa.gov.cy<\/a><\/strong><\/p>\t\t\t\t\t\t\t\t<\/div>\n\t\t\t\t<\/div>\n\t\t<div class=\"elementor-element elementor-element-36670b19 e-con-full elementor-hidden-desktop e-flex e-con e-child\" data-id=\"36670b19\" data-element_type=\"container\" data-e-type=\"container\" data-settings=\"{&quot;background_background&quot;:&quot;classic&quot;}\">\n\t\t\t\t<div class=\"elementor-element elementor-element-53f7158 elementor-widget elementor-widget-heading\" data-id=\"53f7158\" data-element_type=\"widget\" data-e-type=\"widget\" data-widget_type=\"heading.default\">\n\t\t\t\t<div class=\"elementor-widget-container\">\n\t\t\t\t\t<h2 class=\"elementor-heading-title elementor-size-default\">Practical Information<\/h2>\t\t\t\t<\/div>\n\t\t\t\t<\/div>\n\t\t\t\t<div class=\"elementor-element elementor-element-a46290b underlined-links elementor-align-start elementor-widget__width-initial elementor-icon-list--layout-traditional elementor-list-item-link-full_width elementor-widget elementor-widget-global elementor-global-382590 elementor-global-268969 elementor-widget-icon-list\" data-id=\"a46290b\" data-element_type=\"widget\" data-e-type=\"widget\" data-widget_type=\"icon-list.default\">\n\t\t\t\t<div class=\"elementor-widget-container\">\n\t\t\t\t\t\t\t<ul class=\"elementor-icon-list-items\">\n\t\t\t\t\t\t\t<li class=\"elementor-icon-list-item\">\n\t\t\t\t\t\t\t\t\t\t<span class=\"elementor-icon-list-text\"><u style=\"padding-left: 10px\">N\u00fctzliche Informationen<\/u><\/span>\n\t\t\t\t\t\t\t\t\t<\/li>\n\t\t\t\t\t\t\t\t<li class=\"elementor-icon-list-item\">\n\t\t\t\t\t\t\t\t\t\t\t<a href=\"https:\/\/www.visitcyprus.com\/de\/useful-info\/wissenswertes-ueber-zypern\/\">\n\n\t\t\t\t\t\t\t\t\t\t\t<span class=\"elementor-icon-list-text\">- Wissenswertes \u00fcber Zypern<\/span>\n\t\t\t\t\t\t\t\t\t\t\t<\/a>\n\t\t\t\t\t\t\t\t\t<\/li>\n\t\t\t\t\t\t\t\t<li class=\"elementor-icon-list-item\">\n\t\t\t\t\t\t\t\t\t\t\t<a href=\"https:\/\/www.visitcyprus.com\/de\/useful-info\/barrierefreies-zypern\/\">\n\n\t\t\t\t\t\t\t\t\t\t\t<span class=\"elementor-icon-list-text\">- Barrierefreies Zypern<\/span>\n\t\t\t\t\t\t\t\t\t\t\t<\/a>\n\t\t\t\t\t\t\t\t\t<\/li>\n\t\t\t\t\t\t\t\t<li class=\"elementor-icon-list-item\">\n\t\t\t\t\t\t\t\t\t\t\t<a href=\"https:\/\/www.visitcyprus.com\/de\/useful-info\/einreisebestimmungen\/\">\n\n\t\t\t\t\t\t\t\t\t\t\t<span class=\"elementor-icon-list-text\">- Einreisebestimmungen<\/span>\n\t\t\t\t\t\t\t\t\t\t\t<\/a>\n\t\t\t\t\t\t\t\t\t<\/li>\n\t\t\t\t\t\t\t\t<li class=\"elementor-icon-list-item\">\n\t\t\t\t\t\t\t\t\t\t\t<a href=\"https:\/\/www.visitcyprus.com\/de\/useful-info\/kommunikation\/\">\n\n\t\t\t\t\t\t\t\t\t\t\t<span class=\"elementor-icon-list-text\">- Kommunikation<\/span>\n\t\t\t\t\t\t\t\t\t\t\t<\/a>\n\t\t\t\t\t\t\t\t\t<\/li>\n\t\t\t\t\t\t\t\t<li class=\"elementor-icon-list-item\">\n\t\t\t\t\t\t\t\t\t\t\t<a href=\"https:\/\/www.visitcyprus.com\/de\/useful-info\/klima-und-wetter\/\">\n\n\t\t\t\t\t\t\t\t\t\t\t<span class=\"elementor-icon-list-text\">- Klima und Wetter<\/span>\n\t\t\t\t\t\t\t\t\t\t\t<\/a>\n\t\t\t\t\t\t\t\t\t<\/li>\n\t\t\t\t\t\t\t\t<li class=\"elementor-icon-list-item\">\n\t\t\t\t\t\t\t\t\t\t\t<a href=\"https:\/\/www.visitcyprus.com\/useful-info\/languages-religions\/\">\n\n\t\t\t\t\t\t\t\t\t\t\t<span class=\"elementor-icon-list-text\">- Sprachen und Religionen<\/span>\n\t\t\t\t\t\t\t\t\t\t\t<\/a>\n\t\t\t\t\t\t\t\t\t<\/li>\n\t\t\t\t\t\t\t\t<li class=\"elementor-icon-list-item\">\n\t\t\t\t\t\t\t\t\t\t\t<a href=\"https:\/\/www.visitcyprus.com\/de\/useful-info\/geld-und-waehrung\/\">\n\n\t\t\t\t\t\t\t\t\t\t\t<span class=\"elementor-icon-list-text\">- Geld und W\u00e4hrung<\/span>\n\t\t\t\t\t\t\t\t\t\t\t<\/a>\n\t\t\t\t\t\t\t\t\t<\/li>\n\t\t\t\t\t\t\t\t<li class=\"elementor-icon-list-item\">\n\t\t\t\t\t\t\t\t\t\t\t<a href=\"https:\/\/www.visitcyprus.com\/de\/useful-info\/uhrzeit-arbeitszeiten-und\/\">\n\n\t\t\t\t\t\t\t\t\t\t\t<span class=\"elementor-icon-list-text\">- Uhrzeit, Arbeitszeiten und<\/span>\n\t\t\t\t\t\t\t\t\t\t\t<\/a>\n\t\t\t\t\t\t\t\t\t<\/li>\n\t\t\t\t\t\t\t\t<li class=\"elementor-icon-list-item\">\n\t\t\t\t\t\t\t\t\t\t\t<a href=\"https:\/\/www.visitcyprus.com\/de\/useful-info\/gesundheit-und-sicherheit\/\">\n\n\t\t\t\t\t\t\t\t\t\t\t<span class=\"elementor-icon-list-text\">- Gesundheit und Sicherheit<\/span>\n\t\t\t\t\t\t\t\t\t\t\t<\/a>\n\t\t\t\t\t\t\t\t\t<\/li>\n\t\t\t\t\t\t\t\t<li class=\"elementor-icon-list-item\">\n\t\t\t\t\t\t\t\t\t\t\t<a href=\"https:\/\/www.visitcyprus.com\/de\/useful-info\/transportwesen\/\">\n\n\t\t\t\t\t\t\t\t\t\t\t<span class=\"elementor-icon-list-text\">- Transportwesen<\/span>\n\t\t\t\t\t\t\t\t\t\t\t<\/a>\n\t\t\t\t\t\t\t\t\t<\/li>\n\t\t\t\t\t\t\t\t<li class=\"elementor-icon-list-item\">\n\t\t\t\t\t\t\t\t\t\t\t<a href=\"https:\/\/www.visitcyprus.com\/de\/useful-info\/cyprus-responsible-tourism\/\">\n\n\t\t\t\t\t\t\t\t\t\t\t<span class=\"elementor-icon-list-text\">- Cyprus Responsible Tourism<\/span>\n\t\t\t\t\t\t\t\t\t\t\t<\/a>\n\t\t\t\t\t\t\t\t\t<\/li>\n\t\t\t\t\t\t\t\t<li class=\"elementor-icon-list-item\">\n\t\t\t\t\t\t\t\t\t\t\t<a href=\"https:\/\/www.visitcyprus.com\/de\/useful-info\/touristeninformationsbueros\/\">\n\n\t\t\t\t\t\t\t\t\t\t\t<span class=\"elementor-icon-list-text\">- Touristeninformationsb\u00fcros<\/span>\n\t\t\t\t\t\t\t\t\t\t\t<\/a>\n\t\t\t\t\t\t\t\t\t<\/li>\n\t\t\t\t\t\t<\/ul>\n\t\t\t\t\t\t<\/div>\n\t\t\t\t<\/div>\n\t\t\t\t<\/div>\n\t\t\t\t<\/div>\n\t\t<div class=\"elementor-element elementor-element-3f0244e0 e-con-full elementor-hidden-tablet elementor-hidden-mobile e-flex e-con e-child\" data-id=\"3f0244e0\" data-element_type=\"container\" data-e-type=\"container\" data-settings=\"{&quot;background_background&quot;:&quot;classic&quot;}\">\n\t\t\t\t<div class=\"elementor-element elementor-element-2e893f7 elementor-widget elementor-widget-heading\" data-id=\"2e893f7\" data-element_type=\"widget\" data-e-type=\"widget\" data-widget_type=\"heading.default\">\n\t\t\t\t<div class=\"elementor-widget-container\">\n\t\t\t\t\t<h2 class=\"elementor-heading-title elementor-size-default\">Practical Information<\/h2>\t\t\t\t<\/div>\n\t\t\t\t<\/div>\n\t\t\t\t<div class=\"elementor-element elementor-element-c9baef8 underlined-links elementor-align-start elementor-widget__width-initial elementor-icon-list--layout-traditional elementor-list-item-link-full_width elementor-widget elementor-widget-global elementor-global-382590 elementor-global-268969 elementor-widget-icon-list\" data-id=\"c9baef8\" data-element_type=\"widget\" data-e-type=\"widget\" data-widget_type=\"icon-list.default\">\n\t\t\t\t<div class=\"elementor-widget-container\">\n\t\t\t\t\t\t\t<ul class=\"elementor-icon-list-items\">\n\t\t\t\t\t\t\t<li class=\"elementor-icon-list-item\">\n\t\t\t\t\t\t\t\t\t\t<span class=\"elementor-icon-list-text\"><u style=\"padding-left: 10px\">N\u00fctzliche Informationen<\/u><\/span>\n\t\t\t\t\t\t\t\t\t<\/li>\n\t\t\t\t\t\t\t\t<li class=\"elementor-icon-list-item\">\n\t\t\t\t\t\t\t\t\t\t\t<a href=\"https:\/\/www.visitcyprus.com\/de\/useful-info\/wissenswertes-ueber-zypern\/\">\n\n\t\t\t\t\t\t\t\t\t\t\t<span class=\"elementor-icon-list-text\">- Wissenswertes \u00fcber Zypern<\/span>\n\t\t\t\t\t\t\t\t\t\t\t<\/a>\n\t\t\t\t\t\t\t\t\t<\/li>\n\t\t\t\t\t\t\t\t<li class=\"elementor-icon-list-item\">\n\t\t\t\t\t\t\t\t\t\t\t<a href=\"https:\/\/www.visitcyprus.com\/de\/useful-info\/barrierefreies-zypern\/\">\n\n\t\t\t\t\t\t\t\t\t\t\t<span class=\"elementor-icon-list-text\">- Barrierefreies Zypern<\/span>\n\t\t\t\t\t\t\t\t\t\t\t<\/a>\n\t\t\t\t\t\t\t\t\t<\/li>\n\t\t\t\t\t\t\t\t<li class=\"elementor-icon-list-item\">\n\t\t\t\t\t\t\t\t\t\t\t<a href=\"https:\/\/www.visitcyprus.com\/de\/useful-info\/einreisebestimmungen\/\">\n\n\t\t\t\t\t\t\t\t\t\t\t<span class=\"elementor-icon-list-text\">- Einreisebestimmungen<\/span>\n\t\t\t\t\t\t\t\t\t\t\t<\/a>\n\t\t\t\t\t\t\t\t\t<\/li>\n\t\t\t\t\t\t\t\t<li class=\"elementor-icon-list-item\">\n\t\t\t\t\t\t\t\t\t\t\t<a href=\"https:\/\/www.visitcyprus.com\/de\/useful-info\/kommunikation\/\">\n\n\t\t\t\t\t\t\t\t\t\t\t<span class=\"elementor-icon-list-text\">- Kommunikation<\/span>\n\t\t\t\t\t\t\t\t\t\t\t<\/a>\n\t\t\t\t\t\t\t\t\t<\/li>\n\t\t\t\t\t\t\t\t<li class=\"elementor-icon-list-item\">\n\t\t\t\t\t\t\t\t\t\t\t<a href=\"https:\/\/www.visitcyprus.com\/de\/useful-info\/klima-und-wetter\/\">\n\n\t\t\t\t\t\t\t\t\t\t\t<span class=\"elementor-icon-list-text\">- Klima und Wetter<\/span>\n\t\t\t\t\t\t\t\t\t\t\t<\/a>\n\t\t\t\t\t\t\t\t\t<\/li>\n\t\t\t\t\t\t\t\t<li class=\"elementor-icon-list-item\">\n\t\t\t\t\t\t\t\t\t\t\t<a href=\"https:\/\/www.visitcyprus.com\/useful-info\/languages-religions\/\">\n\n\t\t\t\t\t\t\t\t\t\t\t<span class=\"elementor-icon-list-text\">- Sprachen und Religionen<\/span>\n\t\t\t\t\t\t\t\t\t\t\t<\/a>\n\t\t\t\t\t\t\t\t\t<\/li>\n\t\t\t\t\t\t\t\t<li class=\"elementor-icon-list-item\">\n\t\t\t\t\t\t\t\t\t\t\t<a href=\"https:\/\/www.visitcyprus.com\/de\/useful-info\/geld-und-waehrung\/\">\n\n\t\t\t\t\t\t\t\t\t\t\t<span class=\"elementor-icon-list-text\">- Geld und W\u00e4hrung<\/span>\n\t\t\t\t\t\t\t\t\t\t\t<\/a>\n\t\t\t\t\t\t\t\t\t<\/li>\n\t\t\t\t\t\t\t\t<li class=\"elementor-icon-list-item\">\n\t\t\t\t\t\t\t\t\t\t\t<a href=\"https:\/\/www.visitcyprus.com\/de\/useful-info\/uhrzeit-arbeitszeiten-und\/\">\n\n\t\t\t\t\t\t\t\t\t\t\t<span class=\"elementor-icon-list-text\">- Uhrzeit, Arbeitszeiten und<\/span>\n\t\t\t\t\t\t\t\t\t\t\t<\/a>\n\t\t\t\t\t\t\t\t\t<\/li>\n\t\t\t\t\t\t\t\t<li class=\"elementor-icon-list-item\">\n\t\t\t\t\t\t\t\t\t\t\t<a href=\"https:\/\/www.visitcyprus.com\/de\/useful-info\/gesundheit-und-sicherheit\/\">\n\n\t\t\t\t\t\t\t\t\t\t\t<span class=\"elementor-icon-list-text\">- Gesundheit und Sicherheit<\/span>\n\t\t\t\t\t\t\t\t\t\t\t<\/a>\n\t\t\t\t\t\t\t\t\t<\/li>\n\t\t\t\t\t\t\t\t<li class=\"elementor-icon-list-item\">\n\t\t\t\t\t\t\t\t\t\t\t<a href=\"https:\/\/www.visitcyprus.com\/de\/useful-info\/transportwesen\/\">\n\n\t\t\t\t\t\t\t\t\t\t\t<span class=\"elementor-icon-list-text\">- Transportwesen<\/span>\n\t\t\t\t\t\t\t\t\t\t\t<\/a>\n\t\t\t\t\t\t\t\t\t<\/li>\n\t\t\t\t\t\t\t\t<li class=\"elementor-icon-list-item\">\n\t\t\t\t\t\t\t\t\t\t\t<a href=\"https:\/\/www.visitcyprus.com\/de\/useful-info\/cyprus-responsible-tourism\/\">\n\n\t\t\t\t\t\t\t\t\t\t\t<span class=\"elementor-icon-list-text\">- Cyprus Responsible Tourism<\/span>\n\t\t\t\t\t\t\t\t\t\t\t<\/a>\n\t\t\t\t\t\t\t\t\t<\/li>\n\t\t\t\t\t\t\t\t<li class=\"elementor-icon-list-item\">\n\t\t\t\t\t\t\t\t\t\t\t<a href=\"https:\/\/www.visitcyprus.com\/de\/useful-info\/touristeninformationsbueros\/\">\n\n\t\t\t\t\t\t\t\t\t\t\t<span class=\"elementor-icon-list-text\">- Touristeninformationsb\u00fcros<\/span>\n\t\t\t\t\t\t\t\t\t\t\t<\/a>\n\t\t\t\t\t\t\t\t\t<\/li>\n\t\t\t\t\t\t<\/ul>\n\t\t\t\t\t\t<\/div>\n\t\t\t\t<\/div>\n\t\t\t\t<\/div>\n\t\t\t\t<\/div>\n\t\t\t\t<\/div>\n\t\t","protected":false},"excerpt":{"rendered":"<p>Wissenswertes \u00fcber Zypern Zypern ist ein Inselstaat im \u00f6stlichen Mittelmeer. Bekannt f\u00fcr sein warmes Klima, seine mit der Blauen Flagge ausgezeichneten Str\u00e4nde, sein reiches kulturelles Erbe und seine herzliche Gastfreundschaft, [&hellip;]<\/p>\n","protected":false},"author":1,"featured_media":0,"parent":380322,"menu_order":0,"comment_status":"closed","ping_status":"closed","template":"","meta":{"_acf_changed":false,"footnotes":""},"class_list":["post-380341","page","type-page","status-publish","hentry"],"acf":[],"yoast_head":"<!-- This site is optimized with the Yoast SEO plugin v27.4 - https:\/\/yoast.com\/product\/yoast-seo-wordpress\/ -->\n<title>Wissenswertes \u00fcber Zypern - Visit Cyprus<\/title>\n<meta name=\"robots\" content=\"index, follow, max-snippet:-1, max-image-preview:large, max-video-preview:-1\" \/>\n<link rel=\"canonical\" href=\"https:\/\/www.visitcyprus.com\/de\/useful-info\/wissenswertes-ueber-zypern\/\" \/>\n<meta property=\"og:locale\" content=\"de_DE\" \/>\n<meta property=\"og:type\" content=\"article\" \/>\n<meta property=\"og:title\" content=\"Wissenswertes \u00fcber Zypern - Visit Cyprus\" \/>\n<meta property=\"og:description\" content=\"Wissenswertes \u00fcber Zypern Zypern ist ein Inselstaat im \u00f6stlichen Mittelmeer. Bekannt f\u00fcr sein warmes Klima, seine mit der Blauen Flagge ausgezeichneten Str\u00e4nde, sein reiches kulturelles Erbe und seine herzliche Gastfreundschaft, [&hellip;]\" \/>\n<meta property=\"og:url\" content=\"https:\/\/www.visitcyprus.com\/de\/useful-info\/wissenswertes-ueber-zypern\/\" \/>\n<meta property=\"og:site_name\" content=\"Visit Cyprus\" \/>\n<meta property=\"article:publisher\" content=\"https:\/\/www.facebook.com\/VisitCyprus.cy\/\" \/>\n<meta property=\"article:modified_time\" content=\"2026-03-04T06:10:15+00:00\" \/>\n<meta name=\"twitter:card\" content=\"summary_large_image\" \/>\n<meta name=\"twitter:site\" content=\"@visitcyprus\" \/>\n<meta name=\"twitter:label1\" content=\"Est. reading time\" \/>\n\t<meta name=\"twitter:data1\" content=\"3 minutes\" \/>\n<script type=\"application\/ld+json\" class=\"yoast-schema-graph\">{\"@context\":\"https:\\\/\\\/schema.org\",\"@graph\":[{\"@type\":\"WebPage\",\"@id\":\"https:\\\/\\\/www.visitcyprus.com\\\/de\\\/useful-info\\\/wissenswertes-ueber-zypern\\\/\",\"url\":\"https:\\\/\\\/www.visitcyprus.com\\\/de\\\/useful-info\\\/wissenswertes-ueber-zypern\\\/\",\"name\":\"Wissenswertes \u00fcber Zypern - Visit Cyprus\",\"isPartOf\":{\"@id\":\"https:\\\/\\\/www.visitcyprus.com\\\/de\\\/#website\"},\"datePublished\":\"2024-04-24T14:51:17+00:00\",\"dateModified\":\"2026-03-04T06:10:15+00:00\",\"breadcrumb\":{\"@id\":\"https:\\\/\\\/www.visitcyprus.com\\\/de\\\/useful-info\\\/wissenswertes-ueber-zypern\\\/#breadcrumb\"},\"inLanguage\":\"de-DE\",\"potentialAction\":[{\"@type\":\"ReadAction\",\"target\":[\"https:\\\/\\\/www.visitcyprus.com\\\/de\\\/useful-info\\\/wissenswertes-ueber-zypern\\\/\"]}]},{\"@type\":\"BreadcrumbList\",\"@id\":\"https:\\\/\\\/www.visitcyprus.com\\\/de\\\/useful-info\\\/wissenswertes-ueber-zypern\\\/#breadcrumb\",\"itemListElement\":[{\"@type\":\"ListItem\",\"position\":1,\"name\":\"Home\",\"item\":\"https:\\\/\\\/www.visitcyprus.com\\\/de\\\/\"},{\"@type\":\"ListItem\",\"position\":2,\"name\":\"Useful Info\",\"item\":\"https:\\\/\\\/www.visitcyprus.com\\\/de\\\/useful-info\\\/\"},{\"@type\":\"ListItem\",\"position\":3,\"name\":\"Wissenswertes \u00fcber Zypern\"}]},{\"@type\":\"WebSite\",\"@id\":\"https:\\\/\\\/www.visitcyprus.com\\\/de\\\/#website\",\"url\":\"https:\\\/\\\/www.visitcyprus.com\\\/de\\\/\",\"name\":\"Visit Cyprus\",\"description\":\"\",\"publisher\":{\"@id\":\"https:\\\/\\\/www.visitcyprus.com\\\/de\\\/#organization\"},\"potentialAction\":[{\"@type\":\"SearchAction\",\"target\":{\"@type\":\"EntryPoint\",\"urlTemplate\":\"https:\\\/\\\/www.visitcyprus.com\\\/de\\\/?s={search_term_string}\"},\"query-input\":{\"@type\":\"PropertyValueSpecification\",\"valueRequired\":true,\"valueName\":\"search_term_string\"}}],\"inLanguage\":\"de-DE\"},{\"@type\":\"Organization\",\"@id\":\"https:\\\/\\\/www.visitcyprus.com\\\/de\\\/#organization\",\"name\":\"Visit Cyprus\",\"url\":\"https:\\\/\\\/www.visitcyprus.com\\\/de\\\/\",\"logo\":{\"@type\":\"ImageObject\",\"inLanguage\":\"de-DE\",\"@id\":\"https:\\\/\\\/www.visitcyprus.com\\\/de\\\/#\\\/schema\\\/logo\\\/image\\\/\",\"url\":\"https:\\\/\\\/www.visitcyprus.com\\\/wp-content\\\/uploads\\\/2024\\\/04\\\/visitcyprus-logo.png\",\"contentUrl\":\"https:\\\/\\\/www.visitcyprus.com\\\/wp-content\\\/uploads\\\/2024\\\/04\\\/visitcyprus-logo.png\",\"width\":89,\"height\":167,\"caption\":\"Visit Cyprus\"},\"image\":{\"@id\":\"https:\\\/\\\/www.visitcyprus.com\\\/de\\\/#\\\/schema\\\/logo\\\/image\\\/\"},\"sameAs\":[\"https:\\\/\\\/www.facebook.com\\\/VisitCyprus.cy\\\/\",\"https:\\\/\\\/x.com\\\/visitcyprus\"]}]}<\/script>\n<!-- \/ Yoast SEO plugin. -->","yoast_head_json":{"title":"Wissenswertes \u00fcber Zypern - Visit Cyprus","robots":{"index":"index","follow":"follow","max-snippet":"max-snippet:-1","max-image-preview":"max-image-preview:large","max-video-preview":"max-video-preview:-1"},"canonical":"https:\/\/www.visitcyprus.com\/de\/useful-info\/wissenswertes-ueber-zypern\/","og_locale":"de_DE","og_type":"article","og_title":"Wissenswertes \u00fcber Zypern - Visit Cyprus","og_description":"Wissenswertes \u00fcber Zypern Zypern ist ein Inselstaat im \u00f6stlichen Mittelmeer. Bekannt f\u00fcr sein warmes Klima, seine mit der Blauen Flagge ausgezeichneten Str\u00e4nde, sein reiches kulturelles Erbe und seine herzliche Gastfreundschaft, [&hellip;]","og_url":"https:\/\/www.visitcyprus.com\/de\/useful-info\/wissenswertes-ueber-zypern\/","og_site_name":"Visit Cyprus","article_publisher":"https:\/\/www.facebook.com\/VisitCyprus.cy\/","article_modified_time":"2026-03-04T06:10:15+00:00","twitter_card":"summary_large_image","twitter_site":"@visitcyprus","twitter_misc":{"Est. reading time":"3 minutes"},"schema":{"@context":"https:\/\/schema.org","@graph":[{"@type":"WebPage","@id":"https:\/\/www.visitcyprus.com\/de\/useful-info\/wissenswertes-ueber-zypern\/","url":"https:\/\/www.visitcyprus.com\/de\/useful-info\/wissenswertes-ueber-zypern\/","name":"Wissenswertes \u00fcber Zypern - Visit Cyprus","isPartOf":{"@id":"https:\/\/www.visitcyprus.com\/de\/#website"},"datePublished":"2024-04-24T14:51:17+00:00","dateModified":"2026-03-04T06:10:15+00:00","breadcrumb":{"@id":"https:\/\/www.visitcyprus.com\/de\/useful-info\/wissenswertes-ueber-zypern\/#breadcrumb"},"inLanguage":"de-DE","potentialAction":[{"@type":"ReadAction","target":["https:\/\/www.visitcyprus.com\/de\/useful-info\/wissenswertes-ueber-zypern\/"]}]},{"@type":"BreadcrumbList","@id":"https:\/\/www.visitcyprus.com\/de\/useful-info\/wissenswertes-ueber-zypern\/#breadcrumb","itemListElement":[{"@type":"ListItem","position":1,"name":"Home","item":"https:\/\/www.visitcyprus.com\/de\/"},{"@type":"ListItem","position":2,"name":"Useful Info","item":"https:\/\/www.visitcyprus.com\/de\/useful-info\/"},{"@type":"ListItem","position":3,"name":"Wissenswertes \u00fcber Zypern"}]},{"@type":"WebSite","@id":"https:\/\/www.visitcyprus.com\/de\/#website","url":"https:\/\/www.visitcyprus.com\/de\/","name":"Visit Cyprus","description":"","publisher":{"@id":"https:\/\/www.visitcyprus.com\/de\/#organization"},"potentialAction":[{"@type":"SearchAction","target":{"@type":"EntryPoint","urlTemplate":"https:\/\/www.visitcyprus.com\/de\/?s={search_term_string}"},"query-input":{"@type":"PropertyValueSpecification","valueRequired":true,"valueName":"search_term_string"}}],"inLanguage":"de-DE"},{"@type":"Organization","@id":"https:\/\/www.visitcyprus.com\/de\/#organization","name":"Visit Cyprus","url":"https:\/\/www.visitcyprus.com\/de\/","logo":{"@type":"ImageObject","inLanguage":"de-DE","@id":"https:\/\/www.visitcyprus.com\/de\/#\/schema\/logo\/image\/","url":"https:\/\/www.visitcyprus.com\/wp-content\/uploads\/2024\/04\/visitcyprus-logo.png","contentUrl":"https:\/\/www.visitcyprus.com\/wp-content\/uploads\/2024\/04\/visitcyprus-logo.png","width":89,"height":167,"caption":"Visit Cyprus"},"image":{"@id":"https:\/\/www.visitcyprus.com\/de\/#\/schema\/logo\/image\/"},"sameAs":["https:\/\/www.facebook.com\/VisitCyprus.cy\/","https:\/\/x.com\/visitcyprus"]}]}},"_links":{"self":[{"href":"https:\/\/www.visitcyprus.com\/de\/wp-json\/wp\/v2\/pages\/380341","targetHints":{"allow":["GET"]}}],"collection":[{"href":"https:\/\/www.visitcyprus.com\/de\/wp-json\/wp\/v2\/pages"}],"about":[{"href":"https:\/\/www.visitcyprus.com\/de\/wp-json\/wp\/v2\/types\/page"}],"author":[{"embeddable":true,"href":"https:\/\/www.visitcyprus.com\/de\/wp-json\/wp\/v2\/users\/1"}],"replies":[{"embeddable":true,"href":"https:\/\/www.visitcyprus.com\/de\/wp-json\/wp\/v2\/comments?post=380341"}],"version-history":[{"count":7,"href":"https:\/\/www.visitcyprus.com\/de\/wp-json\/wp\/v2\/pages\/380341\/revisions"}],"predecessor-version":[{"id":783638,"href":"https:\/\/www.visitcyprus.com\/de\/wp-json\/wp\/v2\/pages\/380341\/revisions\/783638"}],"up":[{"embeddable":true,"href":"https:\/\/www.visitcyprus.com\/de\/wp-json\/wp\/v2\/pages\/380322"}],"wp:attachment":[{"href":"https:\/\/www.visitcyprus.com\/de\/wp-json\/wp\/v2\/media?parent=380341"}],"curies":[{"name":"wp","href":"https:\/\/api.w.org\/{rel}","templated":true}]}}