{"id":380351,"date":"2024-04-24T18:02:38","date_gmt":"2024-04-24T15:02:38","guid":{"rendered":"https:\/\/visitwp.dgmedialink.com\/useful-info\/klima-und-wetter\/"},"modified":"2025-01-07T11:45:56","modified_gmt":"2025-01-07T11:45:56","slug":"klima-und-wetter","status":"publish","type":"page","link":"https:\/\/www.visitcyprus.com\/de\/useful-info\/klima-und-wetter\/","title":{"rendered":"Klima und Wetter"},"content":{"rendered":"\t\t<div data-elementor-type=\"wp-page\" data-elementor-id=\"380351\" class=\"elementor elementor-380351 elementor-268981\" data-elementor-post-type=\"page\">\n\t\t\t\t<div class=\"elementor-element elementor-element-f8c8f91 e-con-full e-flex e-con e-parent\" data-id=\"f8c8f91\" data-element_type=\"container\" data-e-type=\"container\">\n\t\t\t\t<div class=\"elementor-element elementor-element-68af081 elementor-widget elementor-widget-breadcrumbs\" data-id=\"68af081\" data-element_type=\"widget\" data-e-type=\"widget\" data-widget_type=\"breadcrumbs.default\">\n\t\t\t\t<div class=\"elementor-widget-container\">\n\t\t\t\t\t<p id=\"breadcrumbs\">\tYou are here:\n<span><span><a href=\"https:\/\/www.visitcyprus.com\/de\/\">Home<\/a><\/span><\/span><\/p>\t\t\t\t<\/div>\n\t\t\t\t<\/div>\n\t\t\t\t<\/div>\n\t\t<div class=\"elementor-element elementor-element-7181b61 e-flex e-con-boxed e-con e-parent\" data-id=\"7181b61\" data-element_type=\"container\" data-e-type=\"container\">\n\t\t\t\t\t<div class=\"e-con-inner\">\n\t\t\t\t<div class=\"elementor-element elementor-element-7f34e60 elementor-widget elementor-widget-heading\" data-id=\"7f34e60\" data-element_type=\"widget\" data-e-type=\"widget\" data-widget_type=\"heading.default\">\n\t\t\t\t<div class=\"elementor-widget-container\">\n\t\t\t\t\t<h2 class=\"elementor-heading-title elementor-size-default\"><b>Klima und Wetter<\/b><\/h2>\t\t\t\t<\/div>\n\t\t\t\t<\/div>\n\t\t\t\t\t<\/div>\n\t\t\t\t<\/div>\n\t\t<div class=\"elementor-element elementor-element-a803d50 e-flex e-con-boxed e-con e-parent\" data-id=\"a803d50\" data-element_type=\"container\" data-e-type=\"container\">\n\t\t\t\t\t<div class=\"e-con-inner\">\n\t\t\t\t<div class=\"elementor-element elementor-element-b50e043 elementor-widget elementor-widget-text-editor\" data-id=\"b50e043\" data-element_type=\"widget\" data-e-type=\"widget\" data-widget_type=\"text-editor.default\">\n\t\t\t\t<div class=\"elementor-widget-container\">\n\t\t\t\t\t\t\t\t\t<p><strong>Klima<\/strong><br \/>\nAuf Zypern herrscht ein intensives Mittelmeerklima mit langen trockenen Sommern (von Mitte Mai bis Mitte Oktober) und milden Wintern (von Dezember bis Februar), die nur von einem kurzen Fr\u00fchling und Herbst unterbrochen werden.<\/p>\n<p>Im Sommer ist hei\u00df mit wolkenlosem Himmel, aber dank der k\u00fchlen Meeresbrise ist es in den K\u00fcstenregionen sehr angenehm. Vereinzelte Gewitterregen sind am fr\u00fchen Nachmittag haupts\u00e4chlich in den Bergen m\u00f6glich.<\/p>\n<p>Die Winter auf Zypern sind mild, mit Regen und Schnee im Troodos-Gebirge (normalerweise schon vor Weihnachten).<\/p>\n<p>Zypern ist von der Sonne verw\u00f6hnt. Selbst im Dezember und Januar gibt es noch sechs bis acht Sonnenstunden pro Tag. In den Sommermonaten hingegen sind es im Durchschnitt ganze 11,5 Stunden!<\/p>\n<p><strong>Temperaturen und Wetterbedingungen<\/strong><br \/>\nIm Juli und August (den beiden hei\u00dfesten Monaten) liegen die Tagestemperaturen zwischen 24 \u00b0C im Troodos-Gebirge und 30 \u00b0C in der zentralen Ebene. Die durchschnittlichen H\u00f6chsttemperaturen in diesen beiden Monaten liegen zwischen 27 und 38 \u00b0C. Im Januar (dem k\u00e4ltesten Monat) betragen die Tagestemperaturen zwischen 3 \u00b0C in den h\u00f6heren Regionen des Troodos-Gebirges und 10 \u00b0C in der zentralen Ebene. Die Minimaltemperaturen liegen zwischen 0 und 5 \u00b0C.<\/p>\n<p><strong>Meerestemperaturen<\/strong><br \/>\nZwischen Juni und November liegen die Temperaturen des offenen Meeres bei \u00fcber 22 \u00b0C. Im August k\u00f6nnen sie bis auf 27 \u00b0C ansteigen. Selbst zwischen Januar und M\u00e4rz liegen die Durchschnittstemperaturen des Meeres noch bei akzeptablen 16 oder 17 \u00b0C. In K\u00fcstenn\u00e4he, wo das Wasser drei bis vier Meter tief ist, \u00e4hneln die Temperaturen mit 15 bis 17 \u00b0C im Februar und 23 bis 28 \u00b0C im August denen des offenen Meeres. Mit Ausnahme sehr flacher Stellen von weniger als einem Meter Tiefe gibt es bei den Meerestemperaturen keine erheblichen Schwankungen.<\/p>\n<p><strong>Luftfeuchtigkeit<\/strong><br \/>\nDie Luftfeuchtigkeit auf Zypern liegt im Winter tags\u00fcber sowie ganzj\u00e4hrig nachts bei niedrigen bis durchschnittlichen 65 bis 95 %. Im Sommer ist die Luftfeuchtigkeit mittags mit 15 bis 30 % in der zentralen Ebene eher gering. Nebel gibt es nur selten und wenn, dann \u00fcblicherweise in den fr\u00fchen Morgenstunden.<\/p>\n<p><strong>Wind<\/strong><br \/>\nWindrichtung und -st\u00e4rke sind auf Zypern je nach H\u00f6henlage und \u00f6rtlichen Temperaturen verh\u00e4ltnism\u00e4\u00dfig unbest\u00e4ndig.<\/p>\n<p><strong>Wettervorhersage<\/strong><br \/>\nSie k\u00f6nnen die Wettervorhersage f\u00fcr Zypern \u00fcber unterschiedliche Quellen verfolgen:<br \/>\n<u><em>Im Radio<\/em><\/u><em>:<\/em>Radio 2 (91,1 MHz) der Cyprus Broadcasting Corporation (CyBC) \u00fcbertr\u00e4gt die Wettervorhersage jeden Tag in englischer Sprache.<br \/>\n<u><em>Im Fernsehen<\/em><\/u><em>:<\/em>Kanal 1 (RIK 1) und Kanal 2 (RIK 2) der Cyprus Broadcasting Corporation (CyBC) \u00fcbertragen die Wettervorhersage jeden Tag in englischer Sprache im Anschluss an die Nachrichten.<br \/>\n<u><em>In der Zeitung<\/em><\/u><em>:<\/em>Die Cyprus Mail (die einzige englischsprachige Zeitung der Insel) ver\u00f6ffentlicht t\u00e4glich die Wettervorhersage f\u00fcr Zypern.<br \/>\n<u><em>Auf der Webseite des Wetterdienstes<\/em><\/u><em>:<\/em>\u00a0<a href=\"http:\/\/www.moa.gov.cy\/moa\/ms\/ms.nsf\/DMLindex_en\/DMLindex_en?opendocument\" target=\"_blank\" rel=\"noopener\">www.moa.gov.cy<\/a><\/p>\n<p><strong>Bekleidung und Aktivit\u00e4ten<\/strong><br \/>\nNachfolgend finden Sie allgemeine Informationen und Vorschl\u00e4ge dazu, was Sie je nach Saison tragen und unternehmen k\u00f6nnen.<\/p>\n<p><em><u>April und Mai<\/u><\/em><br \/>\nIn dieser Zeit ist es tags\u00fcber angenehm warm. Nachts kann es allerdings k\u00fchl werden. Diese beiden Monate eignen sich hervorragend f\u00fcr Menschen, die gerne in der Natur unterwegs sind, da in dieser Zeit die Landschaft (er)gr\u00fcnt und die Blumen bl\u00fchen.<br \/>\nGeeignete Bekleidung:<br \/>\n\u2013 Sommerbekleidung aus mittelschweren Textilien.<br \/>\n\u2013 Leichte Wollpullover oder lang\u00e4rmelige Baumwolloberteile f\u00fcr den Abend.<\/p>\n<p><em><u>Juni, Juli und August<\/u><\/em><br \/>\nDie w\u00e4rmsten Monate des Jahres auf Zypern. Ideal zum Schwimmen und Strand-\/Wasseraktivit\u00e4ten.<br \/>\nGeeignete Bekleidung:<br \/>\nSommerbekleidung aus leichten Textilien.<\/p>\n<p><em><u>September und Oktober<\/u><\/em><br \/>\nWarme Tage und k\u00fchle Oktoberabende. Auch diese Monate k\u00f6nnen ohne weiteres zum Schwimmen, Sonnenbaden und f\u00fcr Wassersport genutzt werden.<br \/>\nGeeignete Bekleidung:<br \/>\n\u2013 Tags\u00fcber Bekleidung aus leichten Textilien.<br \/>\n\u2013 F\u00fcr die k\u00fchlen Oktoberabende Bekleidung aus mittelschweren Textilien.<\/p>\n<p><em><u>November<\/u><\/em><br \/>\nIm November ist es tags\u00fcber noch angenehm warm, abends aber k\u00fchl. Ein Mittagessen im Freien und sogar Schwimmen und Sonnenbaden sowie die meisten Outdoor-Sportarten sind noch ohne weiteres m\u00f6glich. Das Wetter eignet hervorragend zum Herumreisen.<br \/>\nGeeignete Bekleidung:<br \/>\n\u2013 Bekleidung aus mittelschweren Textilien.<br \/>\n\u2013 Leichte Wollpullover.<\/p>\n<p><em><u>Dezember und Januar<\/u><\/em><br \/>\nWas f\u00fcr die Zyprer der Winter, kann von ausl\u00e4ndischen Besuchern auch als Herbst empfunden werden. Gelegentlich kann es zwar regnen, wir versprechen Ihnen aber auch Sonnenschein! Outdoor-Aktivit\u00e4ten und Ausfl\u00fcge k\u00f6nnen auch jetzt noch in vollen Z\u00fcgen genossen werden.<br \/>\nGeeignete Bekleidung:<br \/>\nWinterbekleidung, aber keine dicken Jacken oder M\u00e4ntel.<\/p>\n<p><em><u>Februar<\/u><\/em><br \/>\nUnbest\u00e4ndiges Wetter mit der M\u00f6glichkeit warmer Tage und gelegentlicher Regenschauer. Obwohl die Temperaturen bereits die Vorboten f\u00fcr den Fr\u00fchling sind, kann es abends noch ziemlich kalt werden. Die Mandelb\u00e4ume stehen in voller Bl\u00fcte und die Wetterbedingungen sind ideal zum Skifahren im Troodos-Gebirge.<br \/>\nGeeignete Bekleidung:<br \/>\nWinterbekleidung.<\/p>\n<p><em><u>M\u00e4rz<\/u><\/em><br \/>\nGem\u00e4\u00dfigtes Wetter mit viel Sonnenschein, in dem sich die Natur von ihrer besten Seite zeigt. Die meisten Outdoor-Aktivit\u00e4ten sind ohne weiteres m\u00f6glich. Der Monat M\u00e4rz eignet sich hervorragend f\u00fcr lange Spazierg\u00e4nge auf dem Land.<br \/>\nGeeignete Bekleidung:<br \/>\nWinterbekleidung aus mittelschweren Textilien.<\/p>\n\t\t\t\t\t\t\t\t<\/div>\n\t\t\t\t<\/div>\n\t\t\t\t\t<\/div>\n\t\t\t\t<\/div>\n\t\t\t\t<\/div>\n\t\t","protected":false},"excerpt":{"rendered":"<p>Klima und Wetter Klima Auf Zypern herrscht ein intensives Mittelmeerklima mit langen trockenen Sommern (von Mitte Mai bis Mitte Oktober) und milden Wintern (von Dezember bis Februar), die nur von [&hellip;]<\/p>\n","protected":false},"author":1,"featured_media":0,"parent":380322,"menu_order":0,"comment_status":"closed","ping_status":"closed","template":"","meta":{"_acf_changed":false,"footnotes":""},"class_list":["post-380351","page","type-page","status-publish","hentry"],"acf":[],"yoast_head":"<!-- This site is optimized with the Yoast SEO plugin v27.4 - https:\/\/yoast.com\/product\/yoast-seo-wordpress\/ -->\n<title>Klima und Wetter - Visit Cyprus<\/title>\n<meta name=\"robots\" content=\"index, follow, max-snippet:-1, max-image-preview:large, max-video-preview:-1\" \/>\n<link rel=\"canonical\" href=\"https:\/\/www.visitcyprus.com\/de\/useful-info\/klima-und-wetter\/\" \/>\n<meta property=\"og:locale\" content=\"de_DE\" \/>\n<meta property=\"og:type\" content=\"article\" \/>\n<meta property=\"og:title\" content=\"Klima und Wetter - Visit Cyprus\" \/>\n<meta property=\"og:description\" content=\"Klima und Wetter Klima Auf Zypern herrscht ein intensives Mittelmeerklima mit langen trockenen Sommern (von Mitte Mai bis Mitte Oktober) und milden Wintern (von Dezember bis Februar), die nur von [&hellip;]\" \/>\n<meta property=\"og:url\" content=\"https:\/\/www.visitcyprus.com\/de\/useful-info\/klima-und-wetter\/\" \/>\n<meta property=\"og:site_name\" content=\"Visit Cyprus\" \/>\n<meta property=\"article:publisher\" content=\"https:\/\/www.facebook.com\/VisitCyprus.cy\/\" \/>\n<meta property=\"article:modified_time\" content=\"2025-01-07T11:45:56+00:00\" \/>\n<meta name=\"twitter:card\" content=\"summary_large_image\" \/>\n<meta name=\"twitter:site\" content=\"@visitcyprus\" \/>\n<meta name=\"twitter:label1\" content=\"Est. reading time\" \/>\n\t<meta name=\"twitter:data1\" content=\"4 minutes\" \/>\n<script type=\"application\/ld+json\" class=\"yoast-schema-graph\">{\"@context\":\"https:\\\/\\\/schema.org\",\"@graph\":[{\"@type\":\"WebPage\",\"@id\":\"https:\\\/\\\/www.visitcyprus.com\\\/de\\\/useful-info\\\/klima-und-wetter\\\/\",\"url\":\"https:\\\/\\\/www.visitcyprus.com\\\/de\\\/useful-info\\\/klima-und-wetter\\\/\",\"name\":\"Klima und Wetter - Visit Cyprus\",\"isPartOf\":{\"@id\":\"https:\\\/\\\/www.visitcyprus.com\\\/de\\\/#website\"},\"datePublished\":\"2024-04-24T15:02:38+00:00\",\"dateModified\":\"2025-01-07T11:45:56+00:00\",\"breadcrumb\":{\"@id\":\"https:\\\/\\\/www.visitcyprus.com\\\/de\\\/useful-info\\\/klima-und-wetter\\\/#breadcrumb\"},\"inLanguage\":\"de-DE\",\"potentialAction\":[{\"@type\":\"ReadAction\",\"target\":[\"https:\\\/\\\/www.visitcyprus.com\\\/de\\\/useful-info\\\/klima-und-wetter\\\/\"]}]},{\"@type\":\"BreadcrumbList\",\"@id\":\"https:\\\/\\\/www.visitcyprus.com\\\/de\\\/useful-info\\\/klima-und-wetter\\\/#breadcrumb\",\"itemListElement\":[{\"@type\":\"ListItem\",\"position\":1,\"name\":\"Home\",\"item\":\"https:\\\/\\\/www.visitcyprus.com\\\/de\\\/\"},{\"@type\":\"ListItem\",\"position\":2,\"name\":\"Useful Info\",\"item\":\"https:\\\/\\\/www.visitcyprus.com\\\/de\\\/useful-info\\\/\"},{\"@type\":\"ListItem\",\"position\":3,\"name\":\"Klima und Wetter\"}]},{\"@type\":\"WebSite\",\"@id\":\"https:\\\/\\\/www.visitcyprus.com\\\/de\\\/#website\",\"url\":\"https:\\\/\\\/www.visitcyprus.com\\\/de\\\/\",\"name\":\"Visit Cyprus\",\"description\":\"\",\"publisher\":{\"@id\":\"https:\\\/\\\/www.visitcyprus.com\\\/de\\\/#organization\"},\"potentialAction\":[{\"@type\":\"SearchAction\",\"target\":{\"@type\":\"EntryPoint\",\"urlTemplate\":\"https:\\\/\\\/www.visitcyprus.com\\\/de\\\/?s={search_term_string}\"},\"query-input\":{\"@type\":\"PropertyValueSpecification\",\"valueRequired\":true,\"valueName\":\"search_term_string\"}}],\"inLanguage\":\"de-DE\"},{\"@type\":\"Organization\",\"@id\":\"https:\\\/\\\/www.visitcyprus.com\\\/de\\\/#organization\",\"name\":\"Visit Cyprus\",\"url\":\"https:\\\/\\\/www.visitcyprus.com\\\/de\\\/\",\"logo\":{\"@type\":\"ImageObject\",\"inLanguage\":\"de-DE\",\"@id\":\"https:\\\/\\\/www.visitcyprus.com\\\/de\\\/#\\\/schema\\\/logo\\\/image\\\/\",\"url\":\"https:\\\/\\\/www.visitcyprus.com\\\/wp-content\\\/uploads\\\/2024\\\/04\\\/visitcyprus-logo.png\",\"contentUrl\":\"https:\\\/\\\/www.visitcyprus.com\\\/wp-content\\\/uploads\\\/2024\\\/04\\\/visitcyprus-logo.png\",\"width\":89,\"height\":167,\"caption\":\"Visit Cyprus\"},\"image\":{\"@id\":\"https:\\\/\\\/www.visitcyprus.com\\\/de\\\/#\\\/schema\\\/logo\\\/image\\\/\"},\"sameAs\":[\"https:\\\/\\\/www.facebook.com\\\/VisitCyprus.cy\\\/\",\"https:\\\/\\\/x.com\\\/visitcyprus\"]}]}<\/script>\n<!-- \/ Yoast SEO plugin. -->","yoast_head_json":{"title":"Klima und Wetter - Visit Cyprus","robots":{"index":"index","follow":"follow","max-snippet":"max-snippet:-1","max-image-preview":"max-image-preview:large","max-video-preview":"max-video-preview:-1"},"canonical":"https:\/\/www.visitcyprus.com\/de\/useful-info\/klima-und-wetter\/","og_locale":"de_DE","og_type":"article","og_title":"Klima und Wetter - Visit Cyprus","og_description":"Klima und Wetter Klima Auf Zypern herrscht ein intensives Mittelmeerklima mit langen trockenen Sommern (von Mitte Mai bis Mitte Oktober) und milden Wintern (von Dezember bis Februar), die nur von [&hellip;]","og_url":"https:\/\/www.visitcyprus.com\/de\/useful-info\/klima-und-wetter\/","og_site_name":"Visit Cyprus","article_publisher":"https:\/\/www.facebook.com\/VisitCyprus.cy\/","article_modified_time":"2025-01-07T11:45:56+00:00","twitter_card":"summary_large_image","twitter_site":"@visitcyprus","twitter_misc":{"Est. reading time":"4 minutes"},"schema":{"@context":"https:\/\/schema.org","@graph":[{"@type":"WebPage","@id":"https:\/\/www.visitcyprus.com\/de\/useful-info\/klima-und-wetter\/","url":"https:\/\/www.visitcyprus.com\/de\/useful-info\/klima-und-wetter\/","name":"Klima und Wetter - Visit Cyprus","isPartOf":{"@id":"https:\/\/www.visitcyprus.com\/de\/#website"},"datePublished":"2024-04-24T15:02:38+00:00","dateModified":"2025-01-07T11:45:56+00:00","breadcrumb":{"@id":"https:\/\/www.visitcyprus.com\/de\/useful-info\/klima-und-wetter\/#breadcrumb"},"inLanguage":"de-DE","potentialAction":[{"@type":"ReadAction","target":["https:\/\/www.visitcyprus.com\/de\/useful-info\/klima-und-wetter\/"]}]},{"@type":"BreadcrumbList","@id":"https:\/\/www.visitcyprus.com\/de\/useful-info\/klima-und-wetter\/#breadcrumb","itemListElement":[{"@type":"ListItem","position":1,"name":"Home","item":"https:\/\/www.visitcyprus.com\/de\/"},{"@type":"ListItem","position":2,"name":"Useful Info","item":"https:\/\/www.visitcyprus.com\/de\/useful-info\/"},{"@type":"ListItem","position":3,"name":"Klima und Wetter"}]},{"@type":"WebSite","@id":"https:\/\/www.visitcyprus.com\/de\/#website","url":"https:\/\/www.visitcyprus.com\/de\/","name":"Visit Cyprus","description":"","publisher":{"@id":"https:\/\/www.visitcyprus.com\/de\/#organization"},"potentialAction":[{"@type":"SearchAction","target":{"@type":"EntryPoint","urlTemplate":"https:\/\/www.visitcyprus.com\/de\/?s={search_term_string}"},"query-input":{"@type":"PropertyValueSpecification","valueRequired":true,"valueName":"search_term_string"}}],"inLanguage":"de-DE"},{"@type":"Organization","@id":"https:\/\/www.visitcyprus.com\/de\/#organization","name":"Visit Cyprus","url":"https:\/\/www.visitcyprus.com\/de\/","logo":{"@type":"ImageObject","inLanguage":"de-DE","@id":"https:\/\/www.visitcyprus.com\/de\/#\/schema\/logo\/image\/","url":"https:\/\/www.visitcyprus.com\/wp-content\/uploads\/2024\/04\/visitcyprus-logo.png","contentUrl":"https:\/\/www.visitcyprus.com\/wp-content\/uploads\/2024\/04\/visitcyprus-logo.png","width":89,"height":167,"caption":"Visit Cyprus"},"image":{"@id":"https:\/\/www.visitcyprus.com\/de\/#\/schema\/logo\/image\/"},"sameAs":["https:\/\/www.facebook.com\/VisitCyprus.cy\/","https:\/\/x.com\/visitcyprus"]}]}},"_links":{"self":[{"href":"https:\/\/www.visitcyprus.com\/de\/wp-json\/wp\/v2\/pages\/380351","targetHints":{"allow":["GET"]}}],"collection":[{"href":"https:\/\/www.visitcyprus.com\/de\/wp-json\/wp\/v2\/pages"}],"about":[{"href":"https:\/\/www.visitcyprus.com\/de\/wp-json\/wp\/v2\/types\/page"}],"author":[{"embeddable":true,"href":"https:\/\/www.visitcyprus.com\/de\/wp-json\/wp\/v2\/users\/1"}],"replies":[{"embeddable":true,"href":"https:\/\/www.visitcyprus.com\/de\/wp-json\/wp\/v2\/comments?post=380351"}],"version-history":[{"count":0,"href":"https:\/\/www.visitcyprus.com\/de\/wp-json\/wp\/v2\/pages\/380351\/revisions"}],"up":[{"embeddable":true,"href":"https:\/\/www.visitcyprus.com\/de\/wp-json\/wp\/v2\/pages\/380322"}],"wp:attachment":[{"href":"https:\/\/www.visitcyprus.com\/de\/wp-json\/wp\/v2\/media?parent=380351"}],"curies":[{"name":"wp","href":"https:\/\/api.w.org\/{rel}","templated":true}]}}