{"id":380443,"date":"2024-04-25T12:38:29","date_gmt":"2024-04-25T09:38:29","guid":{"rendered":"https:\/\/visitwp.dgmedialink.com\/useful-info\/touristeninformationsbueros\/"},"modified":"2026-04-16T09:02:43","modified_gmt":"2026-04-16T06:02:43","slug":"touristeninformationsbueros","status":"publish","type":"page","link":"https:\/\/www.visitcyprus.com\/de\/useful-info\/touristeninformationsbueros\/","title":{"rendered":"Touristeninformationsb\u00fcros"},"content":{"rendered":"\t\t<div data-elementor-type=\"wp-page\" data-elementor-id=\"380443\" class=\"elementor elementor-380443 elementor-269049\" data-elementor-post-type=\"page\">\n\t\t\t\t<div class=\"elementor-element elementor-element-23152fe9 e-con-full e-flex e-con e-parent\" data-id=\"23152fe9\" data-element_type=\"container\" data-e-type=\"container\">\n\t\t\t\t<div class=\"elementor-element elementor-element-6f263968 elementor-widget elementor-widget-breadcrumbs\" data-id=\"6f263968\" data-element_type=\"widget\" data-e-type=\"widget\" data-widget_type=\"breadcrumbs.default\">\n\t\t\t\t<div class=\"elementor-widget-container\">\n\t\t\t\t\t<p id=\"breadcrumbs\">\tYou are here:\n<span><span><a href=\"https:\/\/www.visitcyprus.com\/de\/\">Home<\/a><\/span><\/span><\/p>\t\t\t\t<\/div>\n\t\t\t\t<\/div>\n\t\t\t\t<\/div>\n\t\t<div class=\"elementor-element elementor-element-6723331 e-con-full no-banner-page e-flex e-con e-parent\" data-id=\"6723331\" data-element_type=\"container\" data-e-type=\"container\">\n\t\t<div class=\"elementor-element elementor-element-eb098e5 e-con-full e-flex e-con e-child\" data-id=\"eb098e5\" data-element_type=\"container\" data-e-type=\"container\">\n\t\t\t\t<div class=\"elementor-element elementor-element-643fba5b elementor-widget elementor-widget-heading\" data-id=\"643fba5b\" data-element_type=\"widget\" data-e-type=\"widget\" data-widget_type=\"heading.default\">\n\t\t\t\t<div class=\"elementor-widget-container\">\n\t\t\t\t\t<h2 class=\"elementor-heading-title elementor-size-default\">Touristeninformationsb\u00fcros<\/h2>\t\t\t\t<\/div>\n\t\t\t\t<\/div>\n\t\t\t\t<div class=\"elementor-element elementor-element-1849718e elementor-widget elementor-widget-text-editor\" data-id=\"1849718e\" data-element_type=\"widget\" data-e-type=\"widget\" data-widget_type=\"text-editor.default\">\n\t\t\t\t<div class=\"elementor-widget-container\">\n\t\t\t\t\t\t\t\t\t<p>Das Staats Ministerium f\u00fcr Tourismus verf\u00fcgt \u00fcber lokale Informationsb\u00fcros in allen wichtigen Touristengebieten. Unsere erfahrenen Kollegen stehen Ihnen gerne zu Ihrer Verf\u00fcgung und geben Ihnen Informationen und Vorschl\u00e4gen um Ihren Aufenthalt zu einem angenehmen und lohnende Erlebnis zu machen. F\u00fcr pers\u00f6nliche und telefonische Anfragen besuchen oder kontaktieren Sie bitte unsere B\u00fcros:<\/p><p><strong>\u00d6ffnungszeiten:<\/strong>\u00a008.30-16.00 Uhr Montag-Freitag<\/p><p><strong>Nikosia (Lefkosia)<\/strong><br \/>Aristokyprou 11, Laiki Geitonia (\u00f6stlich des Eleftheria-Platzes), 1011 Lefkosia.<br \/>Telefon: + 357 22674264<\/p><p><strong>Limassol (Lemesos)<\/strong><br \/>Platz Michalis Kakogiannis, Alter Hafen, Geb\u00e4ude THK1 3047 Lemesos.<br \/>Telefon: + 357 25362756<\/p><p><strong>Platres\u00a0\u00a0<\/strong><br \/>Olimpou 4C, 4820 Pano Platres.<br \/>Telefon: + 357 25421316<\/p><p><strong>Larnaka (Das Informationsb\u00fcro bleibt ab dem 15.04.2026 f\u00fcr zwei Monate wegen Renovierungsarbeiten geschlossen)<\/strong><br \/>Platz Vasileos Pavlou, 6023 Larnaka<br \/>Telefon: + 357 24654322<\/p><p><strong>Paphos<\/strong><br \/>Agoras 8, 8010 Paphos.<br \/>Telefon: + 357 26932841<\/p><p><strong>Polis<\/strong><br \/>Vasileos Stasioikou A&#8217; 2, 8020 Polis Chrysochous.<br \/>Telefon: + 357 26322468<\/p><p><strong>Ayia \u039d<\/strong><strong>apa<\/strong><br \/>Leoforos Kryou Nerou 12, 5330 Agia Napa.<br \/>Telefon: + 357 23721796<\/p><p><strong>Protaras \u2013 Paralimni<\/strong><br \/>Protara 14, 5296 Protaras \u2013 Paralimni.<br \/>Telefon: + 357 23832865<\/p>\t\t\t\t\t\t\t\t<\/div>\n\t\t\t\t<\/div>\n\t\t<div class=\"elementor-element elementor-element-5c1b083 e-con-full elementor-hidden-desktop e-flex e-con e-child\" data-id=\"5c1b083\" data-element_type=\"container\" data-e-type=\"container\" data-settings=\"{&quot;background_background&quot;:&quot;classic&quot;}\">\n\t\t\t\t<div class=\"elementor-element elementor-element-3721c6a2 elementor-widget elementor-widget-heading\" data-id=\"3721c6a2\" data-element_type=\"widget\" data-e-type=\"widget\" data-widget_type=\"heading.default\">\n\t\t\t\t<div class=\"elementor-widget-container\">\n\t\t\t\t\t<h2 class=\"elementor-heading-title elementor-size-default\">Practical Information<\/h2>\t\t\t\t<\/div>\n\t\t\t\t<\/div>\n\t\t\t\t<div class=\"elementor-element elementor-element-4c0cfd9f underlined-links elementor-align-start elementor-widget__width-initial elementor-icon-list--layout-traditional elementor-list-item-link-full_width elementor-widget elementor-widget-global elementor-global-382590 elementor-global-268969 elementor-widget-icon-list\" data-id=\"4c0cfd9f\" data-element_type=\"widget\" data-e-type=\"widget\" data-widget_type=\"icon-list.default\">\n\t\t\t\t<div class=\"elementor-widget-container\">\n\t\t\t\t\t\t\t<ul class=\"elementor-icon-list-items\">\n\t\t\t\t\t\t\t<li class=\"elementor-icon-list-item\">\n\t\t\t\t\t\t\t\t\t\t<span class=\"elementor-icon-list-text\"><u style=\"padding-left: 10px\">N\u00fctzliche Informationen<\/u><\/span>\n\t\t\t\t\t\t\t\t\t<\/li>\n\t\t\t\t\t\t\t\t<li class=\"elementor-icon-list-item\">\n\t\t\t\t\t\t\t\t\t\t\t<a href=\"https:\/\/www.visitcyprus.com\/de\/useful-info\/wissenswertes-ueber-zypern\/\">\n\n\t\t\t\t\t\t\t\t\t\t\t<span class=\"elementor-icon-list-text\">- Wissenswertes \u00fcber Zypern<\/span>\n\t\t\t\t\t\t\t\t\t\t\t<\/a>\n\t\t\t\t\t\t\t\t\t<\/li>\n\t\t\t\t\t\t\t\t<li class=\"elementor-icon-list-item\">\n\t\t\t\t\t\t\t\t\t\t\t<a href=\"https:\/\/www.visitcyprus.com\/de\/useful-info\/barrierefreies-zypern\/\">\n\n\t\t\t\t\t\t\t\t\t\t\t<span class=\"elementor-icon-list-text\">- Barrierefreies Zypern<\/span>\n\t\t\t\t\t\t\t\t\t\t\t<\/a>\n\t\t\t\t\t\t\t\t\t<\/li>\n\t\t\t\t\t\t\t\t<li class=\"elementor-icon-list-item\">\n\t\t\t\t\t\t\t\t\t\t\t<a href=\"https:\/\/www.visitcyprus.com\/de\/useful-info\/einreisebestimmungen\/\">\n\n\t\t\t\t\t\t\t\t\t\t\t<span class=\"elementor-icon-list-text\">- Einreisebestimmungen<\/span>\n\t\t\t\t\t\t\t\t\t\t\t<\/a>\n\t\t\t\t\t\t\t\t\t<\/li>\n\t\t\t\t\t\t\t\t<li class=\"elementor-icon-list-item\">\n\t\t\t\t\t\t\t\t\t\t\t<a href=\"https:\/\/www.visitcyprus.com\/de\/useful-info\/kommunikation\/\">\n\n\t\t\t\t\t\t\t\t\t\t\t<span class=\"elementor-icon-list-text\">- Kommunikation<\/span>\n\t\t\t\t\t\t\t\t\t\t\t<\/a>\n\t\t\t\t\t\t\t\t\t<\/li>\n\t\t\t\t\t\t\t\t<li class=\"elementor-icon-list-item\">\n\t\t\t\t\t\t\t\t\t\t\t<a href=\"https:\/\/www.visitcyprus.com\/de\/useful-info\/klima-und-wetter\/\">\n\n\t\t\t\t\t\t\t\t\t\t\t<span class=\"elementor-icon-list-text\">- Klima und Wetter<\/span>\n\t\t\t\t\t\t\t\t\t\t\t<\/a>\n\t\t\t\t\t\t\t\t\t<\/li>\n\t\t\t\t\t\t\t\t<li class=\"elementor-icon-list-item\">\n\t\t\t\t\t\t\t\t\t\t\t<a href=\"https:\/\/www.visitcyprus.com\/useful-info\/languages-religions\/\">\n\n\t\t\t\t\t\t\t\t\t\t\t<span class=\"elementor-icon-list-text\">- Sprachen und Religionen<\/span>\n\t\t\t\t\t\t\t\t\t\t\t<\/a>\n\t\t\t\t\t\t\t\t\t<\/li>\n\t\t\t\t\t\t\t\t<li class=\"elementor-icon-list-item\">\n\t\t\t\t\t\t\t\t\t\t\t<a href=\"https:\/\/www.visitcyprus.com\/de\/useful-info\/geld-und-waehrung\/\">\n\n\t\t\t\t\t\t\t\t\t\t\t<span class=\"elementor-icon-list-text\">- Geld und W\u00e4hrung<\/span>\n\t\t\t\t\t\t\t\t\t\t\t<\/a>\n\t\t\t\t\t\t\t\t\t<\/li>\n\t\t\t\t\t\t\t\t<li class=\"elementor-icon-list-item\">\n\t\t\t\t\t\t\t\t\t\t\t<a href=\"https:\/\/www.visitcyprus.com\/de\/useful-info\/uhrzeit-arbeitszeiten-und\/\">\n\n\t\t\t\t\t\t\t\t\t\t\t<span class=\"elementor-icon-list-text\">- Uhrzeit, Arbeitszeiten und<\/span>\n\t\t\t\t\t\t\t\t\t\t\t<\/a>\n\t\t\t\t\t\t\t\t\t<\/li>\n\t\t\t\t\t\t\t\t<li class=\"elementor-icon-list-item\">\n\t\t\t\t\t\t\t\t\t\t\t<a href=\"https:\/\/www.visitcyprus.com\/de\/useful-info\/gesundheit-und-sicherheit\/\">\n\n\t\t\t\t\t\t\t\t\t\t\t<span class=\"elementor-icon-list-text\">- Gesundheit und Sicherheit<\/span>\n\t\t\t\t\t\t\t\t\t\t\t<\/a>\n\t\t\t\t\t\t\t\t\t<\/li>\n\t\t\t\t\t\t\t\t<li class=\"elementor-icon-list-item\">\n\t\t\t\t\t\t\t\t\t\t\t<a href=\"https:\/\/www.visitcyprus.com\/de\/useful-info\/transportwesen\/\">\n\n\t\t\t\t\t\t\t\t\t\t\t<span class=\"elementor-icon-list-text\">- Transportwesen<\/span>\n\t\t\t\t\t\t\t\t\t\t\t<\/a>\n\t\t\t\t\t\t\t\t\t<\/li>\n\t\t\t\t\t\t\t\t<li class=\"elementor-icon-list-item\">\n\t\t\t\t\t\t\t\t\t\t\t<a href=\"https:\/\/www.visitcyprus.com\/de\/useful-info\/cyprus-responsible-tourism\/\">\n\n\t\t\t\t\t\t\t\t\t\t\t<span class=\"elementor-icon-list-text\">- Cyprus Responsible Tourism<\/span>\n\t\t\t\t\t\t\t\t\t\t\t<\/a>\n\t\t\t\t\t\t\t\t\t<\/li>\n\t\t\t\t\t\t\t\t<li class=\"elementor-icon-list-item\">\n\t\t\t\t\t\t\t\t\t\t\t<a href=\"https:\/\/www.visitcyprus.com\/de\/useful-info\/touristeninformationsbueros\/\">\n\n\t\t\t\t\t\t\t\t\t\t\t<span class=\"elementor-icon-list-text\">- Touristeninformationsb\u00fcros<\/span>\n\t\t\t\t\t\t\t\t\t\t\t<\/a>\n\t\t\t\t\t\t\t\t\t<\/li>\n\t\t\t\t\t\t<\/ul>\n\t\t\t\t\t\t<\/div>\n\t\t\t\t<\/div>\n\t\t\t\t<\/div>\n\t\t\t\t<\/div>\n\t\t\t\t<\/div>\n\t\t\t\t<\/div>\n\t\t","protected":false},"excerpt":{"rendered":"<p>Touristeninformationsb\u00fcros Das Staats Ministerium f\u00fcr Tourismus verf\u00fcgt \u00fcber lokale Informationsb\u00fcros in allen wichtigen Touristengebieten. Unsere erfahrenen Kollegen stehen Ihnen gerne zu Ihrer Verf\u00fcgung und geben Ihnen Informationen und Vorschl\u00e4gen um [&hellip;]<\/p>\n","protected":false},"author":1,"featured_media":0,"parent":380322,"menu_order":0,"comment_status":"closed","ping_status":"closed","template":"","meta":{"_acf_changed":false,"footnotes":""},"class_list":["post-380443","page","type-page","status-publish","hentry"],"acf":[],"yoast_head":"<!-- This site is optimized with the Yoast SEO plugin v27.4 - https:\/\/yoast.com\/product\/yoast-seo-wordpress\/ -->\n<title>Touristeninformationsb\u00fcros - Visit Cyprus<\/title>\n<meta name=\"robots\" content=\"index, follow, max-snippet:-1, max-image-preview:large, max-video-preview:-1\" \/>\n<link rel=\"canonical\" href=\"https:\/\/www.visitcyprus.com\/de\/useful-info\/touristeninformationsbueros\/\" \/>\n<meta property=\"og:locale\" content=\"de_DE\" \/>\n<meta property=\"og:type\" content=\"article\" \/>\n<meta property=\"og:title\" content=\"Touristeninformationsb\u00fcros - Visit Cyprus\" \/>\n<meta property=\"og:description\" content=\"Touristeninformationsb\u00fcros Das Staats Ministerium f\u00fcr Tourismus verf\u00fcgt \u00fcber lokale Informationsb\u00fcros in allen wichtigen Touristengebieten. Unsere erfahrenen Kollegen stehen Ihnen gerne zu Ihrer Verf\u00fcgung und geben Ihnen Informationen und Vorschl\u00e4gen um [&hellip;]\" \/>\n<meta property=\"og:url\" content=\"https:\/\/www.visitcyprus.com\/de\/useful-info\/touristeninformationsbueros\/\" \/>\n<meta property=\"og:site_name\" content=\"Visit Cyprus\" \/>\n<meta property=\"article:publisher\" content=\"https:\/\/www.facebook.com\/VisitCyprus.cy\/\" \/>\n<meta property=\"article:modified_time\" content=\"2026-04-16T06:02:43+00:00\" \/>\n<meta name=\"twitter:card\" content=\"summary_large_image\" \/>\n<meta name=\"twitter:site\" content=\"@visitcyprus\" \/>\n<meta name=\"twitter:label1\" content=\"Est. reading time\" \/>\n\t<meta name=\"twitter:data1\" content=\"2 minutes\" \/>\n<script type=\"application\/ld+json\" class=\"yoast-schema-graph\">{\"@context\":\"https:\\\/\\\/schema.org\",\"@graph\":[{\"@type\":\"WebPage\",\"@id\":\"https:\\\/\\\/www.visitcyprus.com\\\/de\\\/useful-info\\\/touristeninformationsbueros\\\/\",\"url\":\"https:\\\/\\\/www.visitcyprus.com\\\/de\\\/useful-info\\\/touristeninformationsbueros\\\/\",\"name\":\"Touristeninformationsb\u00fcros - Visit Cyprus\",\"isPartOf\":{\"@id\":\"https:\\\/\\\/www.visitcyprus.com\\\/de\\\/#website\"},\"datePublished\":\"2024-04-25T09:38:29+00:00\",\"dateModified\":\"2026-04-16T06:02:43+00:00\",\"breadcrumb\":{\"@id\":\"https:\\\/\\\/www.visitcyprus.com\\\/de\\\/useful-info\\\/touristeninformationsbueros\\\/#breadcrumb\"},\"inLanguage\":\"de-DE\",\"potentialAction\":[{\"@type\":\"ReadAction\",\"target\":[\"https:\\\/\\\/www.visitcyprus.com\\\/de\\\/useful-info\\\/touristeninformationsbueros\\\/\"]}]},{\"@type\":\"BreadcrumbList\",\"@id\":\"https:\\\/\\\/www.visitcyprus.com\\\/de\\\/useful-info\\\/touristeninformationsbueros\\\/#breadcrumb\",\"itemListElement\":[{\"@type\":\"ListItem\",\"position\":1,\"name\":\"Home\",\"item\":\"https:\\\/\\\/www.visitcyprus.com\\\/de\\\/\"},{\"@type\":\"ListItem\",\"position\":2,\"name\":\"Useful Info\",\"item\":\"https:\\\/\\\/www.visitcyprus.com\\\/de\\\/useful-info\\\/\"},{\"@type\":\"ListItem\",\"position\":3,\"name\":\"Touristeninformationsb\u00fcros\"}]},{\"@type\":\"WebSite\",\"@id\":\"https:\\\/\\\/www.visitcyprus.com\\\/de\\\/#website\",\"url\":\"https:\\\/\\\/www.visitcyprus.com\\\/de\\\/\",\"name\":\"Visit Cyprus\",\"description\":\"\",\"publisher\":{\"@id\":\"https:\\\/\\\/www.visitcyprus.com\\\/de\\\/#organization\"},\"potentialAction\":[{\"@type\":\"SearchAction\",\"target\":{\"@type\":\"EntryPoint\",\"urlTemplate\":\"https:\\\/\\\/www.visitcyprus.com\\\/de\\\/?s={search_term_string}\"},\"query-input\":{\"@type\":\"PropertyValueSpecification\",\"valueRequired\":true,\"valueName\":\"search_term_string\"}}],\"inLanguage\":\"de-DE\"},{\"@type\":\"Organization\",\"@id\":\"https:\\\/\\\/www.visitcyprus.com\\\/de\\\/#organization\",\"name\":\"Visit Cyprus\",\"url\":\"https:\\\/\\\/www.visitcyprus.com\\\/de\\\/\",\"logo\":{\"@type\":\"ImageObject\",\"inLanguage\":\"de-DE\",\"@id\":\"https:\\\/\\\/www.visitcyprus.com\\\/de\\\/#\\\/schema\\\/logo\\\/image\\\/\",\"url\":\"https:\\\/\\\/www.visitcyprus.com\\\/wp-content\\\/uploads\\\/2024\\\/04\\\/visitcyprus-logo.png\",\"contentUrl\":\"https:\\\/\\\/www.visitcyprus.com\\\/wp-content\\\/uploads\\\/2024\\\/04\\\/visitcyprus-logo.png\",\"width\":89,\"height\":167,\"caption\":\"Visit Cyprus\"},\"image\":{\"@id\":\"https:\\\/\\\/www.visitcyprus.com\\\/de\\\/#\\\/schema\\\/logo\\\/image\\\/\"},\"sameAs\":[\"https:\\\/\\\/www.facebook.com\\\/VisitCyprus.cy\\\/\",\"https:\\\/\\\/x.com\\\/visitcyprus\"]}]}<\/script>\n<!-- \/ Yoast SEO plugin. -->","yoast_head_json":{"title":"Touristeninformationsb\u00fcros - Visit Cyprus","robots":{"index":"index","follow":"follow","max-snippet":"max-snippet:-1","max-image-preview":"max-image-preview:large","max-video-preview":"max-video-preview:-1"},"canonical":"https:\/\/www.visitcyprus.com\/de\/useful-info\/touristeninformationsbueros\/","og_locale":"de_DE","og_type":"article","og_title":"Touristeninformationsb\u00fcros - Visit Cyprus","og_description":"Touristeninformationsb\u00fcros Das Staats Ministerium f\u00fcr Tourismus verf\u00fcgt \u00fcber lokale Informationsb\u00fcros in allen wichtigen Touristengebieten. Unsere erfahrenen Kollegen stehen Ihnen gerne zu Ihrer Verf\u00fcgung und geben Ihnen Informationen und Vorschl\u00e4gen um [&hellip;]","og_url":"https:\/\/www.visitcyprus.com\/de\/useful-info\/touristeninformationsbueros\/","og_site_name":"Visit Cyprus","article_publisher":"https:\/\/www.facebook.com\/VisitCyprus.cy\/","article_modified_time":"2026-04-16T06:02:43+00:00","twitter_card":"summary_large_image","twitter_site":"@visitcyprus","twitter_misc":{"Est. reading time":"2 minutes"},"schema":{"@context":"https:\/\/schema.org","@graph":[{"@type":"WebPage","@id":"https:\/\/www.visitcyprus.com\/de\/useful-info\/touristeninformationsbueros\/","url":"https:\/\/www.visitcyprus.com\/de\/useful-info\/touristeninformationsbueros\/","name":"Touristeninformationsb\u00fcros - Visit Cyprus","isPartOf":{"@id":"https:\/\/www.visitcyprus.com\/de\/#website"},"datePublished":"2024-04-25T09:38:29+00:00","dateModified":"2026-04-16T06:02:43+00:00","breadcrumb":{"@id":"https:\/\/www.visitcyprus.com\/de\/useful-info\/touristeninformationsbueros\/#breadcrumb"},"inLanguage":"de-DE","potentialAction":[{"@type":"ReadAction","target":["https:\/\/www.visitcyprus.com\/de\/useful-info\/touristeninformationsbueros\/"]}]},{"@type":"BreadcrumbList","@id":"https:\/\/www.visitcyprus.com\/de\/useful-info\/touristeninformationsbueros\/#breadcrumb","itemListElement":[{"@type":"ListItem","position":1,"name":"Home","item":"https:\/\/www.visitcyprus.com\/de\/"},{"@type":"ListItem","position":2,"name":"Useful Info","item":"https:\/\/www.visitcyprus.com\/de\/useful-info\/"},{"@type":"ListItem","position":3,"name":"Touristeninformationsb\u00fcros"}]},{"@type":"WebSite","@id":"https:\/\/www.visitcyprus.com\/de\/#website","url":"https:\/\/www.visitcyprus.com\/de\/","name":"Visit Cyprus","description":"","publisher":{"@id":"https:\/\/www.visitcyprus.com\/de\/#organization"},"potentialAction":[{"@type":"SearchAction","target":{"@type":"EntryPoint","urlTemplate":"https:\/\/www.visitcyprus.com\/de\/?s={search_term_string}"},"query-input":{"@type":"PropertyValueSpecification","valueRequired":true,"valueName":"search_term_string"}}],"inLanguage":"de-DE"},{"@type":"Organization","@id":"https:\/\/www.visitcyprus.com\/de\/#organization","name":"Visit Cyprus","url":"https:\/\/www.visitcyprus.com\/de\/","logo":{"@type":"ImageObject","inLanguage":"de-DE","@id":"https:\/\/www.visitcyprus.com\/de\/#\/schema\/logo\/image\/","url":"https:\/\/www.visitcyprus.com\/wp-content\/uploads\/2024\/04\/visitcyprus-logo.png","contentUrl":"https:\/\/www.visitcyprus.com\/wp-content\/uploads\/2024\/04\/visitcyprus-logo.png","width":89,"height":167,"caption":"Visit Cyprus"},"image":{"@id":"https:\/\/www.visitcyprus.com\/de\/#\/schema\/logo\/image\/"},"sameAs":["https:\/\/www.facebook.com\/VisitCyprus.cy\/","https:\/\/x.com\/visitcyprus"]}]}},"_links":{"self":[{"href":"https:\/\/www.visitcyprus.com\/de\/wp-json\/wp\/v2\/pages\/380443","targetHints":{"allow":["GET"]}}],"collection":[{"href":"https:\/\/www.visitcyprus.com\/de\/wp-json\/wp\/v2\/pages"}],"about":[{"href":"https:\/\/www.visitcyprus.com\/de\/wp-json\/wp\/v2\/types\/page"}],"author":[{"embeddable":true,"href":"https:\/\/www.visitcyprus.com\/de\/wp-json\/wp\/v2\/users\/1"}],"replies":[{"embeddable":true,"href":"https:\/\/www.visitcyprus.com\/de\/wp-json\/wp\/v2\/comments?post=380443"}],"version-history":[{"count":9,"href":"https:\/\/www.visitcyprus.com\/de\/wp-json\/wp\/v2\/pages\/380443\/revisions"}],"predecessor-version":[{"id":785870,"href":"https:\/\/www.visitcyprus.com\/de\/wp-json\/wp\/v2\/pages\/380443\/revisions\/785870"}],"up":[{"embeddable":true,"href":"https:\/\/www.visitcyprus.com\/de\/wp-json\/wp\/v2\/pages\/380322"}],"wp:attachment":[{"href":"https:\/\/www.visitcyprus.com\/de\/wp-json\/wp\/v2\/media?parent=380443"}],"curies":[{"name":"wp","href":"https:\/\/api.w.org\/{rel}","templated":true}]}}