{"id":380353,"date":"2024-04-24T18:02:38","date_gmt":"2024-04-24T15:02:38","guid":{"rendered":"https:\/\/visitwp.dgmedialink.com\/useful-info\/meteo-et-climat\/"},"modified":"2025-01-07T11:44:43","modified_gmt":"2025-01-07T11:44:43","slug":"meteo-et-climat","status":"publish","type":"page","link":"https:\/\/www.visitcyprus.com\/fr\/useful-info\/meteo-et-climat\/","title":{"rendered":"M\u00e9t\u00e9o et climat"},"content":{"rendered":"\t\t<div data-elementor-type=\"wp-page\" data-elementor-id=\"380353\" class=\"elementor elementor-380353 elementor-268981\" data-elementor-post-type=\"page\">\n\t\t\t\t<div class=\"elementor-element elementor-element-f8c8f91 e-con-full e-flex e-con e-parent\" data-id=\"f8c8f91\" data-element_type=\"container\" data-e-type=\"container\">\n\t\t\t\t<div class=\"elementor-element elementor-element-68af081 elementor-widget elementor-widget-breadcrumbs\" data-id=\"68af081\" data-element_type=\"widget\" data-e-type=\"widget\" data-widget_type=\"breadcrumbs.default\">\n\t\t\t\t<div class=\"elementor-widget-container\">\n\t\t\t\t\t<p id=\"breadcrumbs\">\tYou are here:\n<span><span><a href=\"https:\/\/www.visitcyprus.com\/fr\/\">Home<\/a><\/span><\/span><\/p>\t\t\t\t<\/div>\n\t\t\t\t<\/div>\n\t\t\t\t<\/div>\n\t\t<div class=\"elementor-element elementor-element-7181b61 e-flex e-con-boxed e-con e-parent\" data-id=\"7181b61\" data-element_type=\"container\" data-e-type=\"container\">\n\t\t\t\t\t<div class=\"e-con-inner\">\n\t\t\t\t<div class=\"elementor-element elementor-element-7f34e60 elementor-widget elementor-widget-heading\" data-id=\"7f34e60\" data-element_type=\"widget\" data-e-type=\"widget\" data-widget_type=\"heading.default\">\n\t\t\t\t<div class=\"elementor-widget-container\">\n\t\t\t\t\t<h2 class=\"elementor-heading-title elementor-size-default\"><b>M\u00e9t\u00e9o et climat<\/b><\/h2>\t\t\t\t<\/div>\n\t\t\t\t<\/div>\n\t\t\t\t\t<\/div>\n\t\t\t\t<\/div>\n\t\t<div class=\"elementor-element elementor-element-a803d50 e-flex e-con-boxed e-con e-parent\" data-id=\"a803d50\" data-element_type=\"container\" data-e-type=\"container\">\n\t\t\t\t\t<div class=\"e-con-inner\">\n\t\t\t\t<div class=\"elementor-element elementor-element-b50e043 elementor-widget elementor-widget-text-editor\" data-id=\"b50e043\" data-element_type=\"widget\" data-e-type=\"widget\" data-widget_type=\"text-editor.default\">\n\t\t\t\t<div class=\"elementor-widget-container\">\n\t\t\t\t\t\t\t\t\t<p><strong>Climat<\/strong><br \/>\nChypre b\u00e9n\u00e9ficie d\u2019un climat m\u00e9diterran\u00e9en temp\u00e9r\u00e9 chaud. Ici, les \u00e9t\u00e9s sont secs et longs et durent de mi-Mai \u00e0 mi-Octobre; alors que les hivers, \u00e0 partir de D\u00e9cembre \u00e0 F\u00e9vrier, sont doux.L\u2019automne est tr\u00e8s court et le printemps est aussi bref.<\/p>\n<p>Pendant l\u2019\u00e9t\u00e9, l\u2019\u00eele jouit des temp\u00e9ratures \u00e9lev\u00e9es et d\u2019un ciel clair, alors que la brise qui souffle de la mer est responsable de cr\u00e9er une atmosph\u00e8re agr\u00e9able dans les zones c\u00f4ti\u00e8res. C\u2019est possible d\u2019avoir des douches accompagn\u00e9es de tonnerres en d\u00e9but d\u2019apr\u00e8s-midi. Celles-l\u00e0 se produisent surtout dans les montagnes.<\/p>\n<p>Les hivers sont doux, alors qu\u2019il fait un temps pluvieux et il y a de la neige sur les montagnes de Troodos (qui g\u00e9n\u00e9ralement commence avant le No\u00ebl).<\/p>\n<p>L\u2019\u00eele b\u00e9n\u00e9ficie d\u2019un bon ensoleillement qui est abondant tout au long de l\u2019ann\u00e9e, m\u00eame les mois de D\u00e9cembre et Janvier. Il y a une moyenne de six heures de soleil par jour, alors que pendant les \u00absix mois d\u2019\u00e9t\u00e9\u00bb, il y a une moyenne de 11,5 heures de soleil par jour.<\/p>\n<p><strong>Temp\u00e9ratures et conditions m\u00e9t\u00e9orologiques<\/strong><br \/>\nPendant les mois de Juillet et Ao\u00fbt qui sont les mois les plus chauds sur l\u2019\u00eele, les temp\u00e9ratures quotidiennes fluctuent autour de 30\u00b0C dans les plaines et 24\u00b0C sur les montagnes de Troodos. Les temp\u00e9ratures moyennes maximales pour ces deux mois varient entre 38\u00b0C et 27\u00b0C. En Janvier qui est le mois le plus froid de l\u2019an, la temp\u00e9rature quotidienne indicative est de 10\u00b0C dans les plaines et 3\u00b0C sur les sommets les plus hauts de Troodos, alors que la temp\u00e9rature moyenne minimale varie entre 5\u00b0C et 0\u00b0C.<\/p>\n<p><strong>M\u00e9t\u00e9o des plages<\/strong><br \/>\nEntre les mois de Juin et Novembre, la temp\u00e9rature de l\u2019eau au large des c\u00f4tes atteint plus de 22\u00b0C et va jusqu\u2019aux 27\u00b0C en Ao\u00fbt. M\u00eame pendant les trois mois, de Janvier \u00e0 Mars, qui sont consid\u00e9r\u00e9s les plus froids, la temp\u00e9rature moyenne de l\u2019eau est de 16\u00b0C ou 17\u00b0C. Pr\u00e8s de la c\u00f4te, la temp\u00e9rature de l\u2019eau \u00e0 trois ou quatre m\u00e8tres de profondeur est pareille, et varie entre 15\u00b0C et 17\u00b0C en F\u00e9vrier et entre 23\u00b0C et 28\u00b0C en Ao\u00fbt. Il n\u2019y a pas des fluctuations significatives de la temp\u00e9rature de l\u2019eau \u00e0 niveau quotidien, sauf dans les eaux de baignade peu profondes de moins d\u2019un m\u00e8tre.<\/p>\n<p><strong>Humidit\u00e9 de l\u2019air<\/strong><br \/>\nEn hiver, au cours de la journ\u00e9e, l\u2019humidit\u00e9 varie entre mod\u00e9r\u00e9e et l\u00e9g\u00e8rement faible (65% \u2013 95%). C\u2019est pareil au cours de la nuit pendant toute l\u2019ann\u00e9e. Pendant l\u2019\u00e9t\u00e9, l\u2019humidit\u00e9 est tr\u00e8s basse, particuli\u00e8rement pr\u00e8s le midi, alors qu\u2019elle fluctue entre 15% et 30% dans les plaines. Le brouillard, c\u2019est rare et se pr\u00e9sente g\u00e9n\u00e9ralement t\u00f4t, en d\u00e9but de matin\u00e9e.<\/p>\n<p><strong>Vents<\/strong><br \/>\nLa direction et la force des vents qui soufflent sur l\u2019\u00eele varient en fonction de la distance avec la terre et des temp\u00e9ratures locales.<\/p>\n<p><strong>Pr\u00e9visions m\u00e9t\u00e9o<\/strong><br \/>\nVous pouvez consulter de diverses sources pour les pr\u00e9visions m\u00e9t\u00e9orologiques sur l\u2019\u00eele:<br \/>\n<u><em>Radio<\/em><\/u>: Les pr\u00e9visions m\u00e9t\u00e9orologiques sont \u00e9mises en anglais tous les jours par le deuxi\u00e8me programme\u00a0de la Corporation Chypriote de Radio (\u00ab\u00a0Cyprus Broadcasting Corporation\u00a0\u00bb en anglais), qui diffuse en modulation de fr\u00e9quence 91-1MHZ FM.<br \/>\n<u><em>TV<\/em><\/u>: Les pr\u00e9visions m\u00e9t\u00e9o suivent les nouvelles en anglais tous les jours sur le canal 2 (RIK TV2) et Channel 1 (RIK TV1).<br \/>\n<u><em>Journaux<\/em><\/u>: Les pr\u00e9visions m\u00e9t\u00e9o sont aussi disponibles quotidiennement dans le journal \u00abCyprus Mail\u00bb, qui est le seul journal quotidien anglophone de l\u2019\u00eele.<br \/>\nLe\u00a0<u><em>site web<\/em><\/u>\u00a0du Service m\u00e9t\u00e9orologique:\u00a0<a href=\"http:\/\/www.moa.gov.cy\/moa\/ms\/ms.nsf\/DMLindex_en\/DMLindex_en?opendocument\" target=\"_blank\" rel=\"noopener\">www.moa.gov.cy<\/a><\/p>\n<p><strong>V\u00eatements et activit\u00e9s<\/strong><br \/>\nCi-dessous vous pouvez trouver des renseignements g\u00e9n\u00e9raux et aussi des suggestions sur quoi porter et faire en fonction des sp\u00e9cificit\u00e9s de chaque saison.<\/p>\n<p><u><em>Avril-mai<\/em><\/u><br \/>\nPendant cette p\u00e9riode, les journ\u00e9es sont agr\u00e9ables et chaudes, mais les soir\u00e9es peuvent devenir un peu froides. Celle-ci est une saison excellente pour ceux qui pr\u00e9f\u00e8rent profiter de la nature, alors que la campagne est verte et pleine de fleurs.<br \/>\nLe type de v\u00eatements recommand\u00e9:<br \/>\n\u2013 pas tr\u00e8s lourds, de poids moyen et de v\u00eatements d\u2019\u00e9t\u00e9.<br \/>\n\u2013 des tricots l\u00e9gers ou v\u00eatements de coton \u00e0 manches longues pour les soir\u00e9es.<\/p>\n<p><u><em>Juin-Juillet-Ao\u00fbt<\/em><\/u><br \/>\nCe sont les mois les plus chauds de l\u2019\u00e9t\u00e9, et id\u00e9als pour une baignade et toutes les activit\u00e9s de plage.<br \/>\nLe type de v\u00eatements recommand\u00e9:<br \/>\ndes v\u00eatements tr\u00e8s l\u00e9gers d\u2019\u00e9t\u00e9.<\/p>\n<p><u><em>Septembre-Octobre<\/em><\/u><br \/>\nCette saison est caract\u00e9ris\u00e9e par des journ\u00e9es chaudes et des nuits fra\u00eeches pendant le mois d\u2019Octobre. Pendant cette p\u00e9riode-l\u00e0, les activit\u00e9s de nager, bronzer et faire des sports nautiques sont toujours r\u00e9alisables.<br \/>\nLe type de v\u00eatements recommand\u00e9:<br \/>\n\u2013 Des v\u00eatements l\u00e9gers pendant la journ\u00e9e.<br \/>\n\u2013 Des v\u00eatements de poids moyen pour les soir\u00e9es pendant le mois d\u2019Octobre.<\/p>\n<p><u><em>Novembre<\/em><\/u><br \/>\nCe mois-ci offre des journ\u00e9es agr\u00e9ables et des nuits fra\u00eeches. Vous pouvez \u00e9galement prendre votre repas en plein air, m\u00eame bronzer et se baigner, et aussi faire la plupart des sports de plein air. Le climat est id\u00e9al pour faire des voyages d\u2019automne.<br \/>\nLe type de v\u00eatements recommand\u00e9:<br \/>\n\u2013 des v\u00eatements de poids moyen (pas lourds).<br \/>\n\u2013 des tricots l\u00e9gers.<\/p>\n<p><u><em>D\u00e9cembre-Janvier<\/em><\/u><br \/>\nLes Chypriotes consid\u00e8rent ces deux mois en tant que les mois d\u2019hiver, mais il para\u00eet que les visiteurs pensent que ce sont plut\u00f4t des mois d\u2019automne. Il peut pleuvoir de temps en temps, mais la promesse d\u2019ensoleillement est toujours valable! Vous pourrez \u00e9galement profiter des activit\u00e9s ext\u00e9rieures et des excursions.<br \/>\nLe type de v\u00eatements recommand\u00e9:<br \/>\ndes v\u00eatements d\u2019hiver, mais ce n\u2019est pas n\u00e9cessaire de porter de manteaux lourds.<\/p>\n<p><u><em>F\u00e9vrier<\/em><\/u><br \/>\nLe temps est instable, et c\u2019est possible d\u2019avoir des journ\u00e9es chaudes mais aussi de la pluie en quelques occasions. Alors que les temp\u00e9ratures annoncent le printemps, il peut faire assez froid pendant les soirs. Les amandiers se trouvent en pleine floraison et les conditions sont id\u00e9ales pour faire du ski dans les montagnes de Troodos.<br \/>\nLe type des v\u00eatements recommand\u00e9:<br \/>\ndes v\u00eatements d\u2019hiver.<\/p>\n<p><u><em>Mars<\/em><\/u><br \/>\nLe climat est temp\u00e9r\u00e9. Il y a plein d\u2019ensoleillement et la nature se trouve au moment de pleine floraison. Vous pourrez profiter d\u2019activit\u00e9s ext\u00e9rieures en plein air. En outre, le mois de Mars est une p\u00e9riode excellente pour faire des promenades \u00e0 la campagne.<br \/>\nLe type de v\u00eatements recommand\u00e9:<br \/>\ndes v\u00eatements d\u2019hiver mais pas tr\u00e8s lourds, de poids moyen.<\/p>\n\t\t\t\t\t\t\t\t<\/div>\n\t\t\t\t<\/div>\n\t\t\t\t\t<\/div>\n\t\t\t\t<\/div>\n\t\t\t\t<\/div>\n\t\t","protected":false},"excerpt":{"rendered":"<p>M\u00e9t\u00e9o et climat Climat Chypre b\u00e9n\u00e9ficie d\u2019un climat m\u00e9diterran\u00e9en temp\u00e9r\u00e9 chaud. Ici, les \u00e9t\u00e9s sont secs et longs et durent de mi-Mai \u00e0 mi-Octobre; alors que les hivers, \u00e0 partir [&hellip;]<\/p>\n","protected":false},"author":1,"featured_media":0,"parent":380321,"menu_order":0,"comment_status":"closed","ping_status":"closed","template":"","meta":{"_acf_changed":false,"footnotes":""},"class_list":["post-380353","page","type-page","status-publish","hentry"],"acf":[],"yoast_head":"<!-- This site is optimized with the Yoast SEO plugin v27.4 - https:\/\/yoast.com\/product\/yoast-seo-wordpress\/ -->\n<title>M\u00e9t\u00e9o et climat - Visit Cyprus<\/title>\n<meta name=\"robots\" content=\"index, follow, max-snippet:-1, max-image-preview:large, max-video-preview:-1\" \/>\n<link rel=\"canonical\" href=\"https:\/\/www.visitcyprus.com\/fr\/useful-info\/meteo-et-climat\/\" \/>\n<meta property=\"og:locale\" content=\"fr_FR\" \/>\n<meta property=\"og:type\" content=\"article\" \/>\n<meta property=\"og:title\" content=\"M\u00e9t\u00e9o et climat - Visit Cyprus\" \/>\n<meta property=\"og:description\" content=\"M\u00e9t\u00e9o et climat Climat Chypre b\u00e9n\u00e9ficie d\u2019un climat m\u00e9diterran\u00e9en temp\u00e9r\u00e9 chaud. Ici, les \u00e9t\u00e9s sont secs et longs et durent de mi-Mai \u00e0 mi-Octobre; alors que les hivers, \u00e0 partir [&hellip;]\" \/>\n<meta property=\"og:url\" content=\"https:\/\/www.visitcyprus.com\/fr\/useful-info\/meteo-et-climat\/\" \/>\n<meta property=\"og:site_name\" content=\"Visit Cyprus\" \/>\n<meta property=\"article:publisher\" content=\"https:\/\/www.facebook.com\/VisitCyprus.cy\/\" \/>\n<meta property=\"article:modified_time\" content=\"2025-01-07T11:44:43+00:00\" \/>\n<meta name=\"twitter:card\" content=\"summary_large_image\" \/>\n<meta name=\"twitter:site\" content=\"@visitcyprus\" \/>\n<meta name=\"twitter:label1\" content=\"Est. reading time\" \/>\n\t<meta name=\"twitter:data1\" content=\"6 minutes\" \/>\n<script type=\"application\/ld+json\" class=\"yoast-schema-graph\">{\"@context\":\"https:\\\/\\\/schema.org\",\"@graph\":[{\"@type\":\"WebPage\",\"@id\":\"https:\\\/\\\/www.visitcyprus.com\\\/fr\\\/useful-info\\\/meteo-et-climat\\\/\",\"url\":\"https:\\\/\\\/www.visitcyprus.com\\\/fr\\\/useful-info\\\/meteo-et-climat\\\/\",\"name\":\"M\u00e9t\u00e9o et climat - Visit Cyprus\",\"isPartOf\":{\"@id\":\"https:\\\/\\\/www.visitcyprus.com\\\/fr\\\/#website\"},\"datePublished\":\"2024-04-24T15:02:38+00:00\",\"dateModified\":\"2025-01-07T11:44:43+00:00\",\"breadcrumb\":{\"@id\":\"https:\\\/\\\/www.visitcyprus.com\\\/fr\\\/useful-info\\\/meteo-et-climat\\\/#breadcrumb\"},\"inLanguage\":\"fr-FR\",\"potentialAction\":[{\"@type\":\"ReadAction\",\"target\":[\"https:\\\/\\\/www.visitcyprus.com\\\/fr\\\/useful-info\\\/meteo-et-climat\\\/\"]}]},{\"@type\":\"BreadcrumbList\",\"@id\":\"https:\\\/\\\/www.visitcyprus.com\\\/fr\\\/useful-info\\\/meteo-et-climat\\\/#breadcrumb\",\"itemListElement\":[{\"@type\":\"ListItem\",\"position\":1,\"name\":\"Home\",\"item\":\"https:\\\/\\\/www.visitcyprus.com\\\/fr\\\/\"},{\"@type\":\"ListItem\",\"position\":2,\"name\":\"Useful Info\",\"item\":\"https:\\\/\\\/www.visitcyprus.com\\\/fr\\\/useful-info\\\/\"},{\"@type\":\"ListItem\",\"position\":3,\"name\":\"M\u00e9t\u00e9o et climat\"}]},{\"@type\":\"WebSite\",\"@id\":\"https:\\\/\\\/www.visitcyprus.com\\\/fr\\\/#website\",\"url\":\"https:\\\/\\\/www.visitcyprus.com\\\/fr\\\/\",\"name\":\"Visit Cyprus\",\"description\":\"\",\"publisher\":{\"@id\":\"https:\\\/\\\/www.visitcyprus.com\\\/fr\\\/#organization\"},\"potentialAction\":[{\"@type\":\"SearchAction\",\"target\":{\"@type\":\"EntryPoint\",\"urlTemplate\":\"https:\\\/\\\/www.visitcyprus.com\\\/fr\\\/?s={search_term_string}\"},\"query-input\":{\"@type\":\"PropertyValueSpecification\",\"valueRequired\":true,\"valueName\":\"search_term_string\"}}],\"inLanguage\":\"fr-FR\"},{\"@type\":\"Organization\",\"@id\":\"https:\\\/\\\/www.visitcyprus.com\\\/fr\\\/#organization\",\"name\":\"Visit Cyprus\",\"url\":\"https:\\\/\\\/www.visitcyprus.com\\\/fr\\\/\",\"logo\":{\"@type\":\"ImageObject\",\"inLanguage\":\"fr-FR\",\"@id\":\"https:\\\/\\\/www.visitcyprus.com\\\/fr\\\/#\\\/schema\\\/logo\\\/image\\\/\",\"url\":\"https:\\\/\\\/www.visitcyprus.com\\\/wp-content\\\/uploads\\\/2024\\\/04\\\/visitcyprus-logo.png\",\"contentUrl\":\"https:\\\/\\\/www.visitcyprus.com\\\/wp-content\\\/uploads\\\/2024\\\/04\\\/visitcyprus-logo.png\",\"width\":89,\"height\":167,\"caption\":\"Visit Cyprus\"},\"image\":{\"@id\":\"https:\\\/\\\/www.visitcyprus.com\\\/fr\\\/#\\\/schema\\\/logo\\\/image\\\/\"},\"sameAs\":[\"https:\\\/\\\/www.facebook.com\\\/VisitCyprus.cy\\\/\",\"https:\\\/\\\/x.com\\\/visitcyprus\"]}]}<\/script>\n<!-- \/ Yoast SEO plugin. -->","yoast_head_json":{"title":"M\u00e9t\u00e9o et climat - Visit Cyprus","robots":{"index":"index","follow":"follow","max-snippet":"max-snippet:-1","max-image-preview":"max-image-preview:large","max-video-preview":"max-video-preview:-1"},"canonical":"https:\/\/www.visitcyprus.com\/fr\/useful-info\/meteo-et-climat\/","og_locale":"fr_FR","og_type":"article","og_title":"M\u00e9t\u00e9o et climat - Visit Cyprus","og_description":"M\u00e9t\u00e9o et climat Climat Chypre b\u00e9n\u00e9ficie d\u2019un climat m\u00e9diterran\u00e9en temp\u00e9r\u00e9 chaud. Ici, les \u00e9t\u00e9s sont secs et longs et durent de mi-Mai \u00e0 mi-Octobre; alors que les hivers, \u00e0 partir [&hellip;]","og_url":"https:\/\/www.visitcyprus.com\/fr\/useful-info\/meteo-et-climat\/","og_site_name":"Visit Cyprus","article_publisher":"https:\/\/www.facebook.com\/VisitCyprus.cy\/","article_modified_time":"2025-01-07T11:44:43+00:00","twitter_card":"summary_large_image","twitter_site":"@visitcyprus","twitter_misc":{"Est. reading time":"6 minutes"},"schema":{"@context":"https:\/\/schema.org","@graph":[{"@type":"WebPage","@id":"https:\/\/www.visitcyprus.com\/fr\/useful-info\/meteo-et-climat\/","url":"https:\/\/www.visitcyprus.com\/fr\/useful-info\/meteo-et-climat\/","name":"M\u00e9t\u00e9o et climat - Visit Cyprus","isPartOf":{"@id":"https:\/\/www.visitcyprus.com\/fr\/#website"},"datePublished":"2024-04-24T15:02:38+00:00","dateModified":"2025-01-07T11:44:43+00:00","breadcrumb":{"@id":"https:\/\/www.visitcyprus.com\/fr\/useful-info\/meteo-et-climat\/#breadcrumb"},"inLanguage":"fr-FR","potentialAction":[{"@type":"ReadAction","target":["https:\/\/www.visitcyprus.com\/fr\/useful-info\/meteo-et-climat\/"]}]},{"@type":"BreadcrumbList","@id":"https:\/\/www.visitcyprus.com\/fr\/useful-info\/meteo-et-climat\/#breadcrumb","itemListElement":[{"@type":"ListItem","position":1,"name":"Home","item":"https:\/\/www.visitcyprus.com\/fr\/"},{"@type":"ListItem","position":2,"name":"Useful Info","item":"https:\/\/www.visitcyprus.com\/fr\/useful-info\/"},{"@type":"ListItem","position":3,"name":"M\u00e9t\u00e9o et climat"}]},{"@type":"WebSite","@id":"https:\/\/www.visitcyprus.com\/fr\/#website","url":"https:\/\/www.visitcyprus.com\/fr\/","name":"Visit Cyprus","description":"","publisher":{"@id":"https:\/\/www.visitcyprus.com\/fr\/#organization"},"potentialAction":[{"@type":"SearchAction","target":{"@type":"EntryPoint","urlTemplate":"https:\/\/www.visitcyprus.com\/fr\/?s={search_term_string}"},"query-input":{"@type":"PropertyValueSpecification","valueRequired":true,"valueName":"search_term_string"}}],"inLanguage":"fr-FR"},{"@type":"Organization","@id":"https:\/\/www.visitcyprus.com\/fr\/#organization","name":"Visit Cyprus","url":"https:\/\/www.visitcyprus.com\/fr\/","logo":{"@type":"ImageObject","inLanguage":"fr-FR","@id":"https:\/\/www.visitcyprus.com\/fr\/#\/schema\/logo\/image\/","url":"https:\/\/www.visitcyprus.com\/wp-content\/uploads\/2024\/04\/visitcyprus-logo.png","contentUrl":"https:\/\/www.visitcyprus.com\/wp-content\/uploads\/2024\/04\/visitcyprus-logo.png","width":89,"height":167,"caption":"Visit Cyprus"},"image":{"@id":"https:\/\/www.visitcyprus.com\/fr\/#\/schema\/logo\/image\/"},"sameAs":["https:\/\/www.facebook.com\/VisitCyprus.cy\/","https:\/\/x.com\/visitcyprus"]}]}},"_links":{"self":[{"href":"https:\/\/www.visitcyprus.com\/fr\/wp-json\/wp\/v2\/pages\/380353","targetHints":{"allow":["GET"]}}],"collection":[{"href":"https:\/\/www.visitcyprus.com\/fr\/wp-json\/wp\/v2\/pages"}],"about":[{"href":"https:\/\/www.visitcyprus.com\/fr\/wp-json\/wp\/v2\/types\/page"}],"author":[{"embeddable":true,"href":"https:\/\/www.visitcyprus.com\/fr\/wp-json\/wp\/v2\/users\/1"}],"replies":[{"embeddable":true,"href":"https:\/\/www.visitcyprus.com\/fr\/wp-json\/wp\/v2\/comments?post=380353"}],"version-history":[{"count":0,"href":"https:\/\/www.visitcyprus.com\/fr\/wp-json\/wp\/v2\/pages\/380353\/revisions"}],"up":[{"embeddable":true,"href":"https:\/\/www.visitcyprus.com\/fr\/wp-json\/wp\/v2\/pages\/380321"}],"wp:attachment":[{"href":"https:\/\/www.visitcyprus.com\/fr\/wp-json\/wp\/v2\/media?parent=380353"}],"curies":[{"name":"wp","href":"https:\/\/api.w.org\/{rel}","templated":true}]}}