{"id":380441,"date":"2024-04-25T12:38:29","date_gmt":"2024-04-25T09:38:29","guid":{"rendered":"https:\/\/visitwp.dgmedialink.com\/useful-info\/bureaux-dinformation-touristique\/"},"modified":"2026-04-16T09:02:32","modified_gmt":"2026-04-16T06:02:32","slug":"bureaux-dinformation-touristique","status":"publish","type":"page","link":"https:\/\/www.visitcyprus.com\/fr\/useful-info\/bureaux-dinformation-touristique\/","title":{"rendered":"Bureaux d&#8217;Information Touristique"},"content":{"rendered":"\t\t<div data-elementor-type=\"wp-page\" data-elementor-id=\"380441\" class=\"elementor elementor-380441 elementor-269049\" data-elementor-post-type=\"page\">\n\t\t\t\t<div class=\"elementor-element elementor-element-23152fe9 e-con-full e-flex e-con e-parent\" data-id=\"23152fe9\" data-element_type=\"container\" data-e-type=\"container\">\n\t\t\t\t<div class=\"elementor-element elementor-element-6f263968 elementor-widget elementor-widget-breadcrumbs\" data-id=\"6f263968\" data-element_type=\"widget\" data-e-type=\"widget\" data-widget_type=\"breadcrumbs.default\">\n\t\t\t\t<div class=\"elementor-widget-container\">\n\t\t\t\t\t<p id=\"breadcrumbs\">\tYou are here:\n<span><span><a href=\"https:\/\/www.visitcyprus.com\/fr\/\">Home<\/a><\/span><\/span><\/p>\t\t\t\t<\/div>\n\t\t\t\t<\/div>\n\t\t\t\t<\/div>\n\t\t<div class=\"elementor-element elementor-element-6723331 e-con-full no-banner-page e-flex e-con e-parent\" data-id=\"6723331\" data-element_type=\"container\" data-e-type=\"container\">\n\t\t<div class=\"elementor-element elementor-element-eb098e5 e-con-full e-flex e-con e-child\" data-id=\"eb098e5\" data-element_type=\"container\" data-e-type=\"container\">\n\t\t\t\t<div class=\"elementor-element elementor-element-643fba5b elementor-widget elementor-widget-heading\" data-id=\"643fba5b\" data-element_type=\"widget\" data-e-type=\"widget\" data-widget_type=\"heading.default\">\n\t\t\t\t<div class=\"elementor-widget-container\">\n\t\t\t\t\t<h2 class=\"elementor-heading-title elementor-size-default\">Bureaux d'Information Touristique<\/h2>\t\t\t\t<\/div>\n\t\t\t\t<\/div>\n\t\t\t\t<div class=\"elementor-element elementor-element-1849718e elementor-widget elementor-widget-text-editor\" data-id=\"1849718e\" data-element_type=\"widget\" data-e-type=\"widget\" data-widget_type=\"text-editor.default\">\n\t\t\t\t<div class=\"elementor-widget-container\">\n\t\t\t\t\t\t\t\t\t<p>Le Minist\u00e8re du Tourisme de Chypre dispose de bureaux d&#8217;information touristique dans toutes les zones touristiquesprincipales. Nos coll\u00e8gues qualifi\u00e9s seront heureux de vous aider et de vous fournir des informations et des suggestions pour rendre votre s\u00e9jour agr\u00e9able gr\u00e2ce \u00e0 des visites et des exp\u00e9riences int\u00e9ressantes.\u00a0 Pour obtenir des informations personnelles ou par t\u00e9l\u00e9phone, veuillez-vous rendre dans nos bureaux ou les contacter :<\/p><p><strong>Heures d\u2019ouverture:\u00a0<\/strong>Lundi- Vendredi: 08:30 &#8211; 16:00<\/p><p><strong>Lefkosia (Nicosia)<\/strong><br \/>Aristokyprou 11, Laiki Geitonia (east of Eleftheria\u2019s Square)<br \/>1011 Lefkosia<br \/>Tel: + 357 22674264<\/p><p><strong>Lemesos (Limassol)<\/strong><br \/>Plateia Michalis Kakogiannis, Old port, Building THK1<br \/>3047 Lemesos<br \/>Tel: + 357 25362756<\/p><p><strong>Platres\u00a0<\/strong><br \/>Olympou 4C<br \/>4820 Pano\u00a0Platres<br \/>Tel\u00a0: + 357 25421316<\/p><p><strong>Larnaka (\u00c0 compter du 15 avril 2026, le bureau d&#8217;information de Larnaca restera ferm\u00e9 pendant deux mois pour r\u00e9novation)<\/strong><br \/>Plateia Vasileos Pavlou<br \/>6023 Larnaka<br \/>Tel: + 357 24654322<\/p><p><strong>Pafos<\/strong><br \/>Agoras 8<br \/>8010 Pafos<br \/>Tel: + 357 26932841<\/p><p><strong>Polis<\/strong><br \/>Vasileos Stasioikou A\u2019 2<br \/>8020 Polis Crysochous<br \/>Tel: + 357 26322468<\/p><p><strong>Agia Napa<\/strong><br \/>Leoforos Kryou Nerou 12<br \/>5330 Agia Napa<br \/>Tel: + 357 23721796<\/p><p><strong>Protaras &#8211; Paralimni<\/strong><br \/>Protara 14<br \/>5296 Protaras \u2013 Paralimni<br \/>Tel\u00a0: + 357 23832865<\/p>\t\t\t\t\t\t\t\t<\/div>\n\t\t\t\t<\/div>\n\t\t<div class=\"elementor-element elementor-element-5c1b083 e-con-full elementor-hidden-desktop e-flex e-con e-child\" data-id=\"5c1b083\" data-element_type=\"container\" data-e-type=\"container\" data-settings=\"{&quot;background_background&quot;:&quot;classic&quot;}\">\n\t\t\t\t<div class=\"elementor-element elementor-element-3721c6a2 elementor-widget elementor-widget-heading\" data-id=\"3721c6a2\" data-element_type=\"widget\" data-e-type=\"widget\" data-widget_type=\"heading.default\">\n\t\t\t\t<div class=\"elementor-widget-container\">\n\t\t\t\t\t<h2 class=\"elementor-heading-title elementor-size-default\">Practical Information<\/h2>\t\t\t\t<\/div>\n\t\t\t\t<\/div>\n\t\t\t\t<div class=\"elementor-element elementor-element-4c0cfd9f underlined-links elementor-icon-list--layout-traditional elementor-list-item-link-full_width elementor-widget elementor-widget-global elementor-global-382588 elementor-global-268969 elementor-widget-icon-list\" data-id=\"4c0cfd9f\" data-element_type=\"widget\" data-e-type=\"widget\" data-widget_type=\"icon-list.default\">\n\t\t\t\t<div class=\"elementor-widget-container\">\n\t\t\t\t\t\t\t<ul class=\"elementor-icon-list-items\">\n\t\t\t\t\t\t\t<li class=\"elementor-icon-list-item\">\n\t\t\t\t\t\t\t\t\t\t<span class=\"elementor-icon-list-text\"><u style=\"padding-left: 10px\">Informations pratiques<\/u><\/span>\n\t\t\t\t\t\t\t\t\t<\/li>\n\t\t\t\t\t\t\t\t<li class=\"elementor-icon-list-item\">\n\t\t\t\t\t\t\t\t\t\t\t<a href=\"https:\/\/www.visitcyprus.com\/useful-info\/about-cyprus\/\">\n\n\t\t\t\t\t\t\t\t\t\t\t<span class=\"elementor-icon-list-text\">- \u00c0 propos de Chypre<\/span>\n\t\t\t\t\t\t\t\t\t\t\t<\/a>\n\t\t\t\t\t\t\t\t\t<\/li>\n\t\t\t\t\t\t\t\t<li class=\"elementor-icon-list-item\">\n\t\t\t\t\t\t\t\t\t\t\t<a href=\"https:\/\/www.visitcyprus.com\/fr\/useful-info\/chypre-accessible\/\">\n\n\t\t\t\t\t\t\t\t\t\t\t<span class=\"elementor-icon-list-text\">- Chypre accessible<\/span>\n\t\t\t\t\t\t\t\t\t\t\t<\/a>\n\t\t\t\t\t\t\t\t\t<\/li>\n\t\t\t\t\t\t\t\t<li class=\"elementor-icon-list-item\">\n\t\t\t\t\t\t\t\t\t\t\t<a href=\"https:\/\/www.visitcyprus.com\/fr\/useful-info\/formalites-dentree\/\">\n\n\t\t\t\t\t\t\t\t\t\t\t<span class=\"elementor-icon-list-text\">- Formalit\u00e9s d'entr\u00e9e<\/span>\n\t\t\t\t\t\t\t\t\t\t\t<\/a>\n\t\t\t\t\t\t\t\t\t<\/li>\n\t\t\t\t\t\t\t\t<li class=\"elementor-icon-list-item\">\n\t\t\t\t\t\t\t\t\t\t\t<a href=\"https:\/\/www.visitcyprus.com\/fr\/useful-info\/communications\/\">\n\n\t\t\t\t\t\t\t\t\t\t\t<span class=\"elementor-icon-list-text\">- Communications<\/span>\n\t\t\t\t\t\t\t\t\t\t\t<\/a>\n\t\t\t\t\t\t\t\t\t<\/li>\n\t\t\t\t\t\t\t\t<li class=\"elementor-icon-list-item\">\n\t\t\t\t\t\t\t\t\t\t\t<a href=\"https:\/\/www.visitcyprus.com\/fr\/useful-info\/meteo-et-climat\/\">\n\n\t\t\t\t\t\t\t\t\t\t\t<span class=\"elementor-icon-list-text\">- M\u00e9t\u00e9o et climat<\/span>\n\t\t\t\t\t\t\t\t\t\t\t<\/a>\n\t\t\t\t\t\t\t\t\t<\/li>\n\t\t\t\t\t\t\t\t<li class=\"elementor-icon-list-item\">\n\t\t\t\t\t\t\t\t\t\t\t<a href=\"https:\/\/www.visitcyprus.com\/useful-info\/languages-religions\/\">\n\n\t\t\t\t\t\t\t\t\t\t\t<span class=\"elementor-icon-list-text\">- Langues &amp; R\u00e9gions<\/span>\n\t\t\t\t\t\t\t\t\t\t\t<\/a>\n\t\t\t\t\t\t\t\t\t<\/li>\n\t\t\t\t\t\t\t\t<li class=\"elementor-icon-list-item\">\n\t\t\t\t\t\t\t\t\t\t\t<a href=\"https:\/\/www.visitcyprus.com\/fr\/useful-info\/monnaie-officielle-et-devises\/\">\n\n\t\t\t\t\t\t\t\t\t\t\t<span class=\"elementor-icon-list-text\">- Monnaie officielle et devises<\/span>\n\t\t\t\t\t\t\t\t\t\t\t<\/a>\n\t\t\t\t\t\t\t\t\t<\/li>\n\t\t\t\t\t\t\t\t<li class=\"elementor-icon-list-item\">\n\t\t\t\t\t\t\t\t\t\t\t<a href=\"https:\/\/www.visitcyprus.com\/fr\/useful-info\/heure-horaires-de-travail-et-jours-feries\/\">\n\n\t\t\t\t\t\t\t\t\t\t\t<span class=\"elementor-icon-list-text\">- Heure, horaires de travail et jours f\u00e9ri\u00e9s<\/span>\n\t\t\t\t\t\t\t\t\t\t\t<\/a>\n\t\t\t\t\t\t\t\t\t<\/li>\n\t\t\t\t\t\t\t\t<li class=\"elementor-icon-list-item\">\n\t\t\t\t\t\t\t\t\t\t\t<a href=\"https:\/\/www.visitcyprus.com\/fr\/useful-info\/sante-et-securite\/\">\n\n\t\t\t\t\t\t\t\t\t\t\t<span class=\"elementor-icon-list-text\">- Sant\u00e9 et s\u00e9curit\u00e9<\/span>\n\t\t\t\t\t\t\t\t\t\t\t<\/a>\n\t\t\t\t\t\t\t\t\t<\/li>\n\t\t\t\t\t\t\t\t<li class=\"elementor-icon-list-item\">\n\t\t\t\t\t\t\t\t\t\t\t<a href=\"https:\/\/www.visitcyprus.com\/fr\/useful-info\/transports-interieurs-a-chypre\/\">\n\n\t\t\t\t\t\t\t\t\t\t\t<span class=\"elementor-icon-list-text\">- Transport<\/span>\n\t\t\t\t\t\t\t\t\t\t\t<\/a>\n\t\t\t\t\t\t\t\t\t<\/li>\n\t\t\t\t\t\t\t\t<li class=\"elementor-icon-list-item\">\n\t\t\t\t\t\t\t\t\t\t\t<a href=\"https:\/\/www.visitcyprus.com\/fr\/useful-info\/cyprus-responsible-tourism\/\">\n\n\t\t\t\t\t\t\t\t\t\t\t<span class=\"elementor-icon-list-text\">- Cyprus Responsible Tourism<\/span>\n\t\t\t\t\t\t\t\t\t\t\t<\/a>\n\t\t\t\t\t\t\t\t\t<\/li>\n\t\t\t\t\t\t\t\t<li class=\"elementor-icon-list-item\">\n\t\t\t\t\t\t\t\t\t\t\t<a href=\"https:\/\/www.visitcyprus.com\/fr\/useful-info\/bureaux-dinformation-touristique\/\">\n\n\t\t\t\t\t\t\t\t\t\t\t<span class=\"elementor-icon-list-text\">- Bureaux d'Information Touristique<\/span>\n\t\t\t\t\t\t\t\t\t\t\t<\/a>\n\t\t\t\t\t\t\t\t\t<\/li>\n\t\t\t\t\t\t<\/ul>\n\t\t\t\t\t\t<\/div>\n\t\t\t\t<\/div>\n\t\t\t\t<\/div>\n\t\t\t\t<\/div>\n\t\t\t\t<\/div>\n\t\t\t\t<\/div>\n\t\t","protected":false},"excerpt":{"rendered":"<p>Bureaux d&#8217;Information Touristique Le Minist\u00e8re du Tourisme de Chypre dispose de bureaux d&#8217;information touristique dans toutes les zones touristiquesprincipales. Nos coll\u00e8gues qualifi\u00e9s seront heureux de vous aider et de vous [&hellip;]<\/p>\n","protected":false},"author":1,"featured_media":0,"parent":380321,"menu_order":0,"comment_status":"closed","ping_status":"closed","template":"","meta":{"_acf_changed":false,"footnotes":""},"class_list":["post-380441","page","type-page","status-publish","hentry"],"acf":[],"yoast_head":"<!-- This site is optimized with the Yoast SEO plugin v27.4 - https:\/\/yoast.com\/product\/yoast-seo-wordpress\/ -->\n<title>Bureaux d&#039;Information Touristique - Visit Cyprus<\/title>\n<meta name=\"robots\" content=\"index, follow, max-snippet:-1, max-image-preview:large, max-video-preview:-1\" \/>\n<link rel=\"canonical\" href=\"https:\/\/www.visitcyprus.com\/fr\/useful-info\/bureaux-dinformation-touristique\/\" \/>\n<meta property=\"og:locale\" content=\"fr_FR\" \/>\n<meta property=\"og:type\" content=\"article\" \/>\n<meta property=\"og:title\" content=\"Bureaux d&#039;Information Touristique - Visit Cyprus\" \/>\n<meta property=\"og:description\" content=\"Bureaux d&#8217;Information Touristique Le Minist\u00e8re du Tourisme de Chypre dispose de bureaux d&#8217;information touristique dans toutes les zones touristiquesprincipales. Nos coll\u00e8gues qualifi\u00e9s seront heureux de vous aider et de vous [&hellip;]\" \/>\n<meta property=\"og:url\" content=\"https:\/\/www.visitcyprus.com\/fr\/useful-info\/bureaux-dinformation-touristique\/\" \/>\n<meta property=\"og:site_name\" content=\"Visit Cyprus\" \/>\n<meta property=\"article:publisher\" content=\"https:\/\/www.facebook.com\/VisitCyprus.cy\/\" \/>\n<meta property=\"article:modified_time\" content=\"2026-04-16T06:02:32+00:00\" \/>\n<meta name=\"twitter:card\" content=\"summary_large_image\" \/>\n<meta name=\"twitter:site\" content=\"@visitcyprus\" \/>\n<meta name=\"twitter:label1\" content=\"Est. reading time\" \/>\n\t<meta name=\"twitter:data1\" content=\"2 minutes\" \/>\n<script type=\"application\/ld+json\" class=\"yoast-schema-graph\">{\"@context\":\"https:\\\/\\\/schema.org\",\"@graph\":[{\"@type\":\"WebPage\",\"@id\":\"https:\\\/\\\/www.visitcyprus.com\\\/fr\\\/useful-info\\\/bureaux-dinformation-touristique\\\/\",\"url\":\"https:\\\/\\\/www.visitcyprus.com\\\/fr\\\/useful-info\\\/bureaux-dinformation-touristique\\\/\",\"name\":\"Bureaux d'Information Touristique - Visit Cyprus\",\"isPartOf\":{\"@id\":\"https:\\\/\\\/www.visitcyprus.com\\\/fr\\\/#website\"},\"datePublished\":\"2024-04-25T09:38:29+00:00\",\"dateModified\":\"2026-04-16T06:02:32+00:00\",\"breadcrumb\":{\"@id\":\"https:\\\/\\\/www.visitcyprus.com\\\/fr\\\/useful-info\\\/bureaux-dinformation-touristique\\\/#breadcrumb\"},\"inLanguage\":\"fr-FR\",\"potentialAction\":[{\"@type\":\"ReadAction\",\"target\":[\"https:\\\/\\\/www.visitcyprus.com\\\/fr\\\/useful-info\\\/bureaux-dinformation-touristique\\\/\"]}]},{\"@type\":\"BreadcrumbList\",\"@id\":\"https:\\\/\\\/www.visitcyprus.com\\\/fr\\\/useful-info\\\/bureaux-dinformation-touristique\\\/#breadcrumb\",\"itemListElement\":[{\"@type\":\"ListItem\",\"position\":1,\"name\":\"Home\",\"item\":\"https:\\\/\\\/www.visitcyprus.com\\\/fr\\\/\"},{\"@type\":\"ListItem\",\"position\":2,\"name\":\"Useful Info\",\"item\":\"https:\\\/\\\/www.visitcyprus.com\\\/fr\\\/useful-info\\\/\"},{\"@type\":\"ListItem\",\"position\":3,\"name\":\"Bureaux d&#8217;Information Touristique\"}]},{\"@type\":\"WebSite\",\"@id\":\"https:\\\/\\\/www.visitcyprus.com\\\/fr\\\/#website\",\"url\":\"https:\\\/\\\/www.visitcyprus.com\\\/fr\\\/\",\"name\":\"Visit Cyprus\",\"description\":\"\",\"publisher\":{\"@id\":\"https:\\\/\\\/www.visitcyprus.com\\\/fr\\\/#organization\"},\"potentialAction\":[{\"@type\":\"SearchAction\",\"target\":{\"@type\":\"EntryPoint\",\"urlTemplate\":\"https:\\\/\\\/www.visitcyprus.com\\\/fr\\\/?s={search_term_string}\"},\"query-input\":{\"@type\":\"PropertyValueSpecification\",\"valueRequired\":true,\"valueName\":\"search_term_string\"}}],\"inLanguage\":\"fr-FR\"},{\"@type\":\"Organization\",\"@id\":\"https:\\\/\\\/www.visitcyprus.com\\\/fr\\\/#organization\",\"name\":\"Visit Cyprus\",\"url\":\"https:\\\/\\\/www.visitcyprus.com\\\/fr\\\/\",\"logo\":{\"@type\":\"ImageObject\",\"inLanguage\":\"fr-FR\",\"@id\":\"https:\\\/\\\/www.visitcyprus.com\\\/fr\\\/#\\\/schema\\\/logo\\\/image\\\/\",\"url\":\"https:\\\/\\\/www.visitcyprus.com\\\/wp-content\\\/uploads\\\/2024\\\/04\\\/visitcyprus-logo.png\",\"contentUrl\":\"https:\\\/\\\/www.visitcyprus.com\\\/wp-content\\\/uploads\\\/2024\\\/04\\\/visitcyprus-logo.png\",\"width\":89,\"height\":167,\"caption\":\"Visit Cyprus\"},\"image\":{\"@id\":\"https:\\\/\\\/www.visitcyprus.com\\\/fr\\\/#\\\/schema\\\/logo\\\/image\\\/\"},\"sameAs\":[\"https:\\\/\\\/www.facebook.com\\\/VisitCyprus.cy\\\/\",\"https:\\\/\\\/x.com\\\/visitcyprus\"]}]}<\/script>\n<!-- \/ Yoast SEO plugin. -->","yoast_head_json":{"title":"Bureaux d'Information Touristique - Visit Cyprus","robots":{"index":"index","follow":"follow","max-snippet":"max-snippet:-1","max-image-preview":"max-image-preview:large","max-video-preview":"max-video-preview:-1"},"canonical":"https:\/\/www.visitcyprus.com\/fr\/useful-info\/bureaux-dinformation-touristique\/","og_locale":"fr_FR","og_type":"article","og_title":"Bureaux d'Information Touristique - Visit Cyprus","og_description":"Bureaux d&#8217;Information Touristique Le Minist\u00e8re du Tourisme de Chypre dispose de bureaux d&#8217;information touristique dans toutes les zones touristiquesprincipales. Nos coll\u00e8gues qualifi\u00e9s seront heureux de vous aider et de vous [&hellip;]","og_url":"https:\/\/www.visitcyprus.com\/fr\/useful-info\/bureaux-dinformation-touristique\/","og_site_name":"Visit Cyprus","article_publisher":"https:\/\/www.facebook.com\/VisitCyprus.cy\/","article_modified_time":"2026-04-16T06:02:32+00:00","twitter_card":"summary_large_image","twitter_site":"@visitcyprus","twitter_misc":{"Est. reading time":"2 minutes"},"schema":{"@context":"https:\/\/schema.org","@graph":[{"@type":"WebPage","@id":"https:\/\/www.visitcyprus.com\/fr\/useful-info\/bureaux-dinformation-touristique\/","url":"https:\/\/www.visitcyprus.com\/fr\/useful-info\/bureaux-dinformation-touristique\/","name":"Bureaux d'Information Touristique - Visit Cyprus","isPartOf":{"@id":"https:\/\/www.visitcyprus.com\/fr\/#website"},"datePublished":"2024-04-25T09:38:29+00:00","dateModified":"2026-04-16T06:02:32+00:00","breadcrumb":{"@id":"https:\/\/www.visitcyprus.com\/fr\/useful-info\/bureaux-dinformation-touristique\/#breadcrumb"},"inLanguage":"fr-FR","potentialAction":[{"@type":"ReadAction","target":["https:\/\/www.visitcyprus.com\/fr\/useful-info\/bureaux-dinformation-touristique\/"]}]},{"@type":"BreadcrumbList","@id":"https:\/\/www.visitcyprus.com\/fr\/useful-info\/bureaux-dinformation-touristique\/#breadcrumb","itemListElement":[{"@type":"ListItem","position":1,"name":"Home","item":"https:\/\/www.visitcyprus.com\/fr\/"},{"@type":"ListItem","position":2,"name":"Useful Info","item":"https:\/\/www.visitcyprus.com\/fr\/useful-info\/"},{"@type":"ListItem","position":3,"name":"Bureaux d&#8217;Information Touristique"}]},{"@type":"WebSite","@id":"https:\/\/www.visitcyprus.com\/fr\/#website","url":"https:\/\/www.visitcyprus.com\/fr\/","name":"Visit Cyprus","description":"","publisher":{"@id":"https:\/\/www.visitcyprus.com\/fr\/#organization"},"potentialAction":[{"@type":"SearchAction","target":{"@type":"EntryPoint","urlTemplate":"https:\/\/www.visitcyprus.com\/fr\/?s={search_term_string}"},"query-input":{"@type":"PropertyValueSpecification","valueRequired":true,"valueName":"search_term_string"}}],"inLanguage":"fr-FR"},{"@type":"Organization","@id":"https:\/\/www.visitcyprus.com\/fr\/#organization","name":"Visit Cyprus","url":"https:\/\/www.visitcyprus.com\/fr\/","logo":{"@type":"ImageObject","inLanguage":"fr-FR","@id":"https:\/\/www.visitcyprus.com\/fr\/#\/schema\/logo\/image\/","url":"https:\/\/www.visitcyprus.com\/wp-content\/uploads\/2024\/04\/visitcyprus-logo.png","contentUrl":"https:\/\/www.visitcyprus.com\/wp-content\/uploads\/2024\/04\/visitcyprus-logo.png","width":89,"height":167,"caption":"Visit Cyprus"},"image":{"@id":"https:\/\/www.visitcyprus.com\/fr\/#\/schema\/logo\/image\/"},"sameAs":["https:\/\/www.facebook.com\/VisitCyprus.cy\/","https:\/\/x.com\/visitcyprus"]}]}},"_links":{"self":[{"href":"https:\/\/www.visitcyprus.com\/fr\/wp-json\/wp\/v2\/pages\/380441","targetHints":{"allow":["GET"]}}],"collection":[{"href":"https:\/\/www.visitcyprus.com\/fr\/wp-json\/wp\/v2\/pages"}],"about":[{"href":"https:\/\/www.visitcyprus.com\/fr\/wp-json\/wp\/v2\/types\/page"}],"author":[{"embeddable":true,"href":"https:\/\/www.visitcyprus.com\/fr\/wp-json\/wp\/v2\/users\/1"}],"replies":[{"embeddable":true,"href":"https:\/\/www.visitcyprus.com\/fr\/wp-json\/wp\/v2\/comments?post=380441"}],"version-history":[{"count":9,"href":"https:\/\/www.visitcyprus.com\/fr\/wp-json\/wp\/v2\/pages\/380441\/revisions"}],"predecessor-version":[{"id":785867,"href":"https:\/\/www.visitcyprus.com\/fr\/wp-json\/wp\/v2\/pages\/380441\/revisions\/785867"}],"up":[{"embeddable":true,"href":"https:\/\/www.visitcyprus.com\/fr\/wp-json\/wp\/v2\/pages\/380321"}],"wp:attachment":[{"href":"https:\/\/www.visitcyprus.com\/fr\/wp-json\/wp\/v2\/media?parent=380441"}],"curies":[{"name":"wp","href":"https:\/\/api.w.org\/{rel}","templated":true}]}}