{"id":559328,"date":"2024-04-24T17:51:17","date_gmt":"2024-04-24T14:51:17","guid":{"rendered":"https:\/\/www.visitcyprus.com\/useful-info\/a-propos-de-chypre\/"},"modified":"2026-03-05T09:31:10","modified_gmt":"2026-03-05T07:31:10","slug":"a-propos-de-chypre","status":"publish","type":"page","link":"https:\/\/www.visitcyprus.com\/fr\/useful-info\/a-propos-de-chypre\/","title":{"rendered":"\u00c0 propos de Chypre"},"content":{"rendered":"\t\t<div data-elementor-type=\"wp-page\" data-elementor-id=\"559328\" class=\"elementor elementor-559328 elementor-268960\" data-elementor-post-type=\"page\">\n\t\t\t\t<div class=\"elementor-element elementor-element-2100fc36 e-con-full e-flex e-con e-parent\" data-id=\"2100fc36\" data-element_type=\"container\" data-e-type=\"container\">\n\t\t\t\t<div class=\"elementor-element elementor-element-48b89a7 elementor-widget elementor-widget-breadcrumbs\" data-id=\"48b89a7\" data-element_type=\"widget\" data-e-type=\"widget\" data-widget_type=\"breadcrumbs.default\">\n\t\t\t\t<div class=\"elementor-widget-container\">\n\t\t\t\t\t<p id=\"breadcrumbs\">\tYou are here:\n<span><span><a href=\"https:\/\/www.visitcyprus.com\/fr\/\">Home<\/a><\/span><\/span><\/p>\t\t\t\t<\/div>\n\t\t\t\t<\/div>\n\t\t\t\t<\/div>\n\t\t<div class=\"elementor-element elementor-element-6b39499f e-con-full no-banner-page e-flex e-con e-parent\" data-id=\"6b39499f\" data-element_type=\"container\" data-e-type=\"container\">\n\t\t<div class=\"elementor-element elementor-element-5811d4c1 e-con-full e-flex e-con e-child\" data-id=\"5811d4c1\" data-element_type=\"container\" data-e-type=\"container\">\n\t\t\t\t<div class=\"elementor-element elementor-element-abaa32f elementor-widget elementor-widget-heading\" data-id=\"abaa32f\" data-element_type=\"widget\" data-e-type=\"widget\" data-widget_type=\"heading.default\">\n\t\t\t\t<div class=\"elementor-widget-container\">\n\t\t\t\t\t<h2 class=\"elementor-heading-title elementor-size-default\">\u00c0 propos de Chypre<\/h2>\t\t\t\t<\/div>\n\t\t\t\t<\/div>\n\t\t\t\t<div class=\"elementor-element elementor-element-1c1dd51e elementor-widget elementor-widget-text-editor\" data-id=\"1c1dd51e\" data-element_type=\"widget\" data-e-type=\"widget\" data-widget_type=\"text-editor.default\">\n\t\t\t\t<div class=\"elementor-widget-container\">\n\t\t\t\t\t\t\t\t\t<p><strong>Chypre<\/strong> est un pays insulaire de la M\u00e9diterran\u00e9e orientale et l\u2019une des principales destinations touristiques de la M\u00e9diterran\u00e9e tout au long de l\u2019ann\u00e9e. R\u00e9put\u00e9e pour son climat doux, ses plages Pavillon Bleu, son riche patrimoine culturel et son hospitalit\u00e9 authentique, l\u2019\u00eele offre une exp\u00e9rience de voyage vari\u00e9e, allant des stations baln\u00e9aires anim\u00e9es et des villes cosmopolites aux villages traditionnels, en passant par les sentiers de randonn\u00e9e et les sites class\u00e9s au patrimoine mondial de l\u2019 UNESCO.\u00a0<\/p><p>La R\u00e9publique de Chypre compte plusieurs grands centres urbains, chacun avec son propre caract\u00e8re. <strong>Lefkosia<\/strong> (Nicosie) est une capitale vibrante o\u00f9 se recontrent des si\u00e8cles d\u2019histoire, une scene culturelle riche et la vie urbaine contemporaine au coeur de la derni\u00e8re capitale divis\u00e9e d\u2019Europe. <strong>Lemesos (Limassol)<\/strong> est une ville c\u00f4ti\u00e8re anim\u00e9e, r\u00e9put\u00e9e pour sa promenade, ses villages viticoles, sa gastronomie et son atmosph\u00e8re cosmopolite. <strong>Larnaka (Larnaca)<\/strong> allie une ambiance d\u00e9contract\u00e9e et distinctive \u00e0 un m\u00e9lange harmonieux de nature, de sites patrimoniaux at de vie baln\u00e9aire. <strong>Pafos (Paphos)<\/strong> est une destination intemporelle o\u00f9 se rencontrent des tr\u00e9sors arch\u00e9ologiques class\u00e9s \u00e0 l\u2019UNESCO, des paysages naturels pr\u00e9serv\u00e9s, une riche mythologie et le mode de vie m\u00e9deterran\u00e9en. <strong>Le district d\u2019Ammochostos (Famagouste)<\/strong> comprend certaines des stations baln\u00e9aires les plus populaires de l\u2019 \u00eele, telles qu\u2019Agia Napa et Protaras, r\u00e9put\u00e9es pour leurs plages de sable dor\u00e9 et leurs eaux cristallines. \u00a0\u00a0<\/p><p>L\u2019int\u00e9rieur montagneux de l\u2019\u00eele, domin\u00e9 par la cha\u00eene du <strong>Troodos<\/strong>, abrite des villages traditionnels pittoreques qui offrent un aper\u00e7u authentique de la vie locale, des \u00e9glises byzantines class\u00e9es au patrimoine Mondial, ainsi que des exp\u00e9riences en pleine nature, cr\u00e9ant un contraste saisissant avec la c\u00f4te gr\u00e2ce \u00e0 ses for\u00eats luxuriantes et \u00e0 ses formations g\u00e9ologiques spectaculaires. \u00a0\u00a0\u00a0\u00a0<\/p><p><strong>Le statut de l\u2019\u00eele<\/strong><\/p><p>Chypre est divis\u00e9e depuis 1974 \u00e0 la suite de l\u2019invasion et de l\u2019occupation militaires turques. Aujourd\u2019hui, l\u2019\u00c9tat reconnu internationalement, les villes principales, les a\u00e9roports ainsi que les infrastructures touristiques sont situ\u00e9s dans les zones de l\u2019\u00eele contr\u00f4l\u00e9es par le gouvernement, o\u00f9 le gouvernement de la R\u00e9publique de Chypre exerce un contr\u00f4le effectif. Les zones qui ne sont pas sous le contr\u00f4le effectif du gouvernement de la R\u00e9publique de Chypre et celles sous contr\u00f4le gouvernemental sont s\u00e9par\u00e9es par une zone tampon administr\u00e9e par les Nations Unies. \u00a0\u00a0\u00a0<\/p><p>Les visiteurs peuvent voyager librement et en toute s\u00e9curit\u00e9 dans l\u2019ensemble des zones contr\u00f4l\u00e9es par le gouvernement, lesquelles offrent des infrastructures modernes, des services de qualit\u00e9 et un environnement europ\u00e9en en s\u00e9curit\u00e9 pour le tourisme. \u00a0<\/p><p>La R\u00e9publique de Chypre reste engag\u00e9 en faveur d\u2019un r\u00e8glement global de la question chypriote sous l\u2019\u00e9gide des Nations Unies.<\/p><p>Pour obtenir des informations d\u00e9taill\u00e9es, officielles et actualis\u00e9es sur la question chypriote, les visiteurs peuvent consulter le site internet du minist\u00e8re des Affaires \u00e9trang\u00e8res de la R\u00e9publique de Chypre: <strong><a href=\"http:\/\/www.mfa.gov.cy\" target=\"_blank\" rel=\"noopener\">www.mfa.gov.cy<\/a><\/strong><\/p>\t\t\t\t\t\t\t\t<\/div>\n\t\t\t\t<\/div>\n\t\t<div class=\"elementor-element elementor-element-36670b19 e-con-full elementor-hidden-desktop e-flex e-con e-child\" data-id=\"36670b19\" data-element_type=\"container\" data-e-type=\"container\" data-settings=\"{&quot;background_background&quot;:&quot;classic&quot;}\">\n\t\t\t\t<div class=\"elementor-element elementor-element-53f7158 elementor-widget elementor-widget-heading\" data-id=\"53f7158\" data-element_type=\"widget\" data-e-type=\"widget\" data-widget_type=\"heading.default\">\n\t\t\t\t<div class=\"elementor-widget-container\">\n\t\t\t\t\t<h2 class=\"elementor-heading-title elementor-size-default\">Practical Information<\/h2>\t\t\t\t<\/div>\n\t\t\t\t<\/div>\n\t\t\t\t<div class=\"elementor-element elementor-element-a46290b underlined-links elementor-icon-list--layout-traditional elementor-list-item-link-full_width elementor-widget elementor-widget-global elementor-global-382588 elementor-global-268969 elementor-widget-icon-list\" data-id=\"a46290b\" data-element_type=\"widget\" data-e-type=\"widget\" data-widget_type=\"icon-list.default\">\n\t\t\t\t<div class=\"elementor-widget-container\">\n\t\t\t\t\t\t\t<ul class=\"elementor-icon-list-items\">\n\t\t\t\t\t\t\t<li class=\"elementor-icon-list-item\">\n\t\t\t\t\t\t\t\t\t\t<span class=\"elementor-icon-list-text\"><u style=\"padding-left: 10px\">Informations pratiques<\/u><\/span>\n\t\t\t\t\t\t\t\t\t<\/li>\n\t\t\t\t\t\t\t\t<li class=\"elementor-icon-list-item\">\n\t\t\t\t\t\t\t\t\t\t\t<a href=\"https:\/\/www.visitcyprus.com\/useful-info\/about-cyprus\/\">\n\n\t\t\t\t\t\t\t\t\t\t\t<span class=\"elementor-icon-list-text\">- \u00c0 propos de Chypre<\/span>\n\t\t\t\t\t\t\t\t\t\t\t<\/a>\n\t\t\t\t\t\t\t\t\t<\/li>\n\t\t\t\t\t\t\t\t<li class=\"elementor-icon-list-item\">\n\t\t\t\t\t\t\t\t\t\t\t<a href=\"https:\/\/www.visitcyprus.com\/fr\/useful-info\/chypre-accessible\/\">\n\n\t\t\t\t\t\t\t\t\t\t\t<span class=\"elementor-icon-list-text\">- Chypre accessible<\/span>\n\t\t\t\t\t\t\t\t\t\t\t<\/a>\n\t\t\t\t\t\t\t\t\t<\/li>\n\t\t\t\t\t\t\t\t<li class=\"elementor-icon-list-item\">\n\t\t\t\t\t\t\t\t\t\t\t<a href=\"https:\/\/www.visitcyprus.com\/fr\/useful-info\/formalites-dentree\/\">\n\n\t\t\t\t\t\t\t\t\t\t\t<span class=\"elementor-icon-list-text\">- Formalit\u00e9s d'entr\u00e9e<\/span>\n\t\t\t\t\t\t\t\t\t\t\t<\/a>\n\t\t\t\t\t\t\t\t\t<\/li>\n\t\t\t\t\t\t\t\t<li class=\"elementor-icon-list-item\">\n\t\t\t\t\t\t\t\t\t\t\t<a href=\"https:\/\/www.visitcyprus.com\/fr\/useful-info\/communications\/\">\n\n\t\t\t\t\t\t\t\t\t\t\t<span class=\"elementor-icon-list-text\">- Communications<\/span>\n\t\t\t\t\t\t\t\t\t\t\t<\/a>\n\t\t\t\t\t\t\t\t\t<\/li>\n\t\t\t\t\t\t\t\t<li class=\"elementor-icon-list-item\">\n\t\t\t\t\t\t\t\t\t\t\t<a href=\"https:\/\/www.visitcyprus.com\/fr\/useful-info\/meteo-et-climat\/\">\n\n\t\t\t\t\t\t\t\t\t\t\t<span class=\"elementor-icon-list-text\">- M\u00e9t\u00e9o et climat<\/span>\n\t\t\t\t\t\t\t\t\t\t\t<\/a>\n\t\t\t\t\t\t\t\t\t<\/li>\n\t\t\t\t\t\t\t\t<li class=\"elementor-icon-list-item\">\n\t\t\t\t\t\t\t\t\t\t\t<a href=\"https:\/\/www.visitcyprus.com\/useful-info\/languages-religions\/\">\n\n\t\t\t\t\t\t\t\t\t\t\t<span class=\"elementor-icon-list-text\">- Langues &amp; R\u00e9gions<\/span>\n\t\t\t\t\t\t\t\t\t\t\t<\/a>\n\t\t\t\t\t\t\t\t\t<\/li>\n\t\t\t\t\t\t\t\t<li class=\"elementor-icon-list-item\">\n\t\t\t\t\t\t\t\t\t\t\t<a href=\"https:\/\/www.visitcyprus.com\/fr\/useful-info\/monnaie-officielle-et-devises\/\">\n\n\t\t\t\t\t\t\t\t\t\t\t<span class=\"elementor-icon-list-text\">- Monnaie officielle et devises<\/span>\n\t\t\t\t\t\t\t\t\t\t\t<\/a>\n\t\t\t\t\t\t\t\t\t<\/li>\n\t\t\t\t\t\t\t\t<li class=\"elementor-icon-list-item\">\n\t\t\t\t\t\t\t\t\t\t\t<a href=\"https:\/\/www.visitcyprus.com\/fr\/useful-info\/heure-horaires-de-travail-et-jours-feries\/\">\n\n\t\t\t\t\t\t\t\t\t\t\t<span class=\"elementor-icon-list-text\">- Heure, horaires de travail et jours f\u00e9ri\u00e9s<\/span>\n\t\t\t\t\t\t\t\t\t\t\t<\/a>\n\t\t\t\t\t\t\t\t\t<\/li>\n\t\t\t\t\t\t\t\t<li class=\"elementor-icon-list-item\">\n\t\t\t\t\t\t\t\t\t\t\t<a href=\"https:\/\/www.visitcyprus.com\/fr\/useful-info\/sante-et-securite\/\">\n\n\t\t\t\t\t\t\t\t\t\t\t<span class=\"elementor-icon-list-text\">- Sant\u00e9 et s\u00e9curit\u00e9<\/span>\n\t\t\t\t\t\t\t\t\t\t\t<\/a>\n\t\t\t\t\t\t\t\t\t<\/li>\n\t\t\t\t\t\t\t\t<li class=\"elementor-icon-list-item\">\n\t\t\t\t\t\t\t\t\t\t\t<a href=\"https:\/\/www.visitcyprus.com\/fr\/useful-info\/transports-interieurs-a-chypre\/\">\n\n\t\t\t\t\t\t\t\t\t\t\t<span class=\"elementor-icon-list-text\">- Transport<\/span>\n\t\t\t\t\t\t\t\t\t\t\t<\/a>\n\t\t\t\t\t\t\t\t\t<\/li>\n\t\t\t\t\t\t\t\t<li class=\"elementor-icon-list-item\">\n\t\t\t\t\t\t\t\t\t\t\t<a href=\"https:\/\/www.visitcyprus.com\/fr\/useful-info\/cyprus-responsible-tourism\/\">\n\n\t\t\t\t\t\t\t\t\t\t\t<span class=\"elementor-icon-list-text\">- Cyprus Responsible Tourism<\/span>\n\t\t\t\t\t\t\t\t\t\t\t<\/a>\n\t\t\t\t\t\t\t\t\t<\/li>\n\t\t\t\t\t\t\t\t<li class=\"elementor-icon-list-item\">\n\t\t\t\t\t\t\t\t\t\t\t<a href=\"https:\/\/www.visitcyprus.com\/fr\/useful-info\/bureaux-dinformation-touristique\/\">\n\n\t\t\t\t\t\t\t\t\t\t\t<span class=\"elementor-icon-list-text\">- Bureaux d'Information Touristique<\/span>\n\t\t\t\t\t\t\t\t\t\t\t<\/a>\n\t\t\t\t\t\t\t\t\t<\/li>\n\t\t\t\t\t\t<\/ul>\n\t\t\t\t\t\t<\/div>\n\t\t\t\t<\/div>\n\t\t\t\t<\/div>\n\t\t\t\t<\/div>\n\t\t<div class=\"elementor-element elementor-element-3f0244e0 e-con-full elementor-hidden-tablet elementor-hidden-mobile e-flex e-con e-child\" data-id=\"3f0244e0\" data-element_type=\"container\" data-e-type=\"container\" data-settings=\"{&quot;background_background&quot;:&quot;classic&quot;}\">\n\t\t\t\t<div class=\"elementor-element elementor-element-2e893f7 elementor-widget elementor-widget-heading\" data-id=\"2e893f7\" data-element_type=\"widget\" data-e-type=\"widget\" data-widget_type=\"heading.default\">\n\t\t\t\t<div class=\"elementor-widget-container\">\n\t\t\t\t\t<h2 class=\"elementor-heading-title elementor-size-default\">Practical Information<\/h2>\t\t\t\t<\/div>\n\t\t\t\t<\/div>\n\t\t\t\t<div class=\"elementor-element elementor-element-c9baef8 underlined-links elementor-icon-list--layout-traditional elementor-list-item-link-full_width elementor-widget elementor-widget-global elementor-global-382588 elementor-global-268969 elementor-widget-icon-list\" data-id=\"c9baef8\" data-element_type=\"widget\" data-e-type=\"widget\" data-widget_type=\"icon-list.default\">\n\t\t\t\t<div class=\"elementor-widget-container\">\n\t\t\t\t\t\t\t<ul class=\"elementor-icon-list-items\">\n\t\t\t\t\t\t\t<li class=\"elementor-icon-list-item\">\n\t\t\t\t\t\t\t\t\t\t<span class=\"elementor-icon-list-text\"><u style=\"padding-left: 10px\">Informations pratiques<\/u><\/span>\n\t\t\t\t\t\t\t\t\t<\/li>\n\t\t\t\t\t\t\t\t<li class=\"elementor-icon-list-item\">\n\t\t\t\t\t\t\t\t\t\t\t<a href=\"https:\/\/www.visitcyprus.com\/useful-info\/about-cyprus\/\">\n\n\t\t\t\t\t\t\t\t\t\t\t<span class=\"elementor-icon-list-text\">- \u00c0 propos de Chypre<\/span>\n\t\t\t\t\t\t\t\t\t\t\t<\/a>\n\t\t\t\t\t\t\t\t\t<\/li>\n\t\t\t\t\t\t\t\t<li class=\"elementor-icon-list-item\">\n\t\t\t\t\t\t\t\t\t\t\t<a href=\"https:\/\/www.visitcyprus.com\/fr\/useful-info\/chypre-accessible\/\">\n\n\t\t\t\t\t\t\t\t\t\t\t<span class=\"elementor-icon-list-text\">- Chypre accessible<\/span>\n\t\t\t\t\t\t\t\t\t\t\t<\/a>\n\t\t\t\t\t\t\t\t\t<\/li>\n\t\t\t\t\t\t\t\t<li class=\"elementor-icon-list-item\">\n\t\t\t\t\t\t\t\t\t\t\t<a href=\"https:\/\/www.visitcyprus.com\/fr\/useful-info\/formalites-dentree\/\">\n\n\t\t\t\t\t\t\t\t\t\t\t<span class=\"elementor-icon-list-text\">- Formalit\u00e9s d'entr\u00e9e<\/span>\n\t\t\t\t\t\t\t\t\t\t\t<\/a>\n\t\t\t\t\t\t\t\t\t<\/li>\n\t\t\t\t\t\t\t\t<li class=\"elementor-icon-list-item\">\n\t\t\t\t\t\t\t\t\t\t\t<a href=\"https:\/\/www.visitcyprus.com\/fr\/useful-info\/communications\/\">\n\n\t\t\t\t\t\t\t\t\t\t\t<span class=\"elementor-icon-list-text\">- Communications<\/span>\n\t\t\t\t\t\t\t\t\t\t\t<\/a>\n\t\t\t\t\t\t\t\t\t<\/li>\n\t\t\t\t\t\t\t\t<li class=\"elementor-icon-list-item\">\n\t\t\t\t\t\t\t\t\t\t\t<a href=\"https:\/\/www.visitcyprus.com\/fr\/useful-info\/meteo-et-climat\/\">\n\n\t\t\t\t\t\t\t\t\t\t\t<span class=\"elementor-icon-list-text\">- M\u00e9t\u00e9o et climat<\/span>\n\t\t\t\t\t\t\t\t\t\t\t<\/a>\n\t\t\t\t\t\t\t\t\t<\/li>\n\t\t\t\t\t\t\t\t<li class=\"elementor-icon-list-item\">\n\t\t\t\t\t\t\t\t\t\t\t<a href=\"https:\/\/www.visitcyprus.com\/useful-info\/languages-religions\/\">\n\n\t\t\t\t\t\t\t\t\t\t\t<span class=\"elementor-icon-list-text\">- Langues &amp; R\u00e9gions<\/span>\n\t\t\t\t\t\t\t\t\t\t\t<\/a>\n\t\t\t\t\t\t\t\t\t<\/li>\n\t\t\t\t\t\t\t\t<li class=\"elementor-icon-list-item\">\n\t\t\t\t\t\t\t\t\t\t\t<a href=\"https:\/\/www.visitcyprus.com\/fr\/useful-info\/monnaie-officielle-et-devises\/\">\n\n\t\t\t\t\t\t\t\t\t\t\t<span class=\"elementor-icon-list-text\">- Monnaie officielle et devises<\/span>\n\t\t\t\t\t\t\t\t\t\t\t<\/a>\n\t\t\t\t\t\t\t\t\t<\/li>\n\t\t\t\t\t\t\t\t<li class=\"elementor-icon-list-item\">\n\t\t\t\t\t\t\t\t\t\t\t<a href=\"https:\/\/www.visitcyprus.com\/fr\/useful-info\/heure-horaires-de-travail-et-jours-feries\/\">\n\n\t\t\t\t\t\t\t\t\t\t\t<span class=\"elementor-icon-list-text\">- Heure, horaires de travail et jours f\u00e9ri\u00e9s<\/span>\n\t\t\t\t\t\t\t\t\t\t\t<\/a>\n\t\t\t\t\t\t\t\t\t<\/li>\n\t\t\t\t\t\t\t\t<li class=\"elementor-icon-list-item\">\n\t\t\t\t\t\t\t\t\t\t\t<a href=\"https:\/\/www.visitcyprus.com\/fr\/useful-info\/sante-et-securite\/\">\n\n\t\t\t\t\t\t\t\t\t\t\t<span class=\"elementor-icon-list-text\">- Sant\u00e9 et s\u00e9curit\u00e9<\/span>\n\t\t\t\t\t\t\t\t\t\t\t<\/a>\n\t\t\t\t\t\t\t\t\t<\/li>\n\t\t\t\t\t\t\t\t<li class=\"elementor-icon-list-item\">\n\t\t\t\t\t\t\t\t\t\t\t<a href=\"https:\/\/www.visitcyprus.com\/fr\/useful-info\/transports-interieurs-a-chypre\/\">\n\n\t\t\t\t\t\t\t\t\t\t\t<span class=\"elementor-icon-list-text\">- Transport<\/span>\n\t\t\t\t\t\t\t\t\t\t\t<\/a>\n\t\t\t\t\t\t\t\t\t<\/li>\n\t\t\t\t\t\t\t\t<li class=\"elementor-icon-list-item\">\n\t\t\t\t\t\t\t\t\t\t\t<a href=\"https:\/\/www.visitcyprus.com\/fr\/useful-info\/cyprus-responsible-tourism\/\">\n\n\t\t\t\t\t\t\t\t\t\t\t<span class=\"elementor-icon-list-text\">- Cyprus Responsible Tourism<\/span>\n\t\t\t\t\t\t\t\t\t\t\t<\/a>\n\t\t\t\t\t\t\t\t\t<\/li>\n\t\t\t\t\t\t\t\t<li class=\"elementor-icon-list-item\">\n\t\t\t\t\t\t\t\t\t\t\t<a href=\"https:\/\/www.visitcyprus.com\/fr\/useful-info\/bureaux-dinformation-touristique\/\">\n\n\t\t\t\t\t\t\t\t\t\t\t<span class=\"elementor-icon-list-text\">- Bureaux d'Information Touristique<\/span>\n\t\t\t\t\t\t\t\t\t\t\t<\/a>\n\t\t\t\t\t\t\t\t\t<\/li>\n\t\t\t\t\t\t<\/ul>\n\t\t\t\t\t\t<\/div>\n\t\t\t\t<\/div>\n\t\t\t\t<\/div>\n\t\t\t\t<\/div>\n\t\t\t\t<\/div>\n\t\t","protected":false},"excerpt":{"rendered":"<p>\u00c0 propos de Chypre Chypre est un pays insulaire de la M\u00e9diterran\u00e9e orientale et l\u2019une des principales destinations touristiques de la M\u00e9diterran\u00e9e tout au long de l\u2019ann\u00e9e. R\u00e9put\u00e9e pour son [&hellip;]<\/p>\n","protected":false},"author":1,"featured_media":0,"parent":380321,"menu_order":0,"comment_status":"closed","ping_status":"closed","template":"","meta":{"_acf_changed":false,"footnotes":""},"class_list":["post-559328","page","type-page","status-publish","hentry"],"acf":[],"yoast_head":"<!-- This site is optimized with the Yoast SEO plugin v27.4 - https:\/\/yoast.com\/product\/yoast-seo-wordpress\/ -->\n<title>\u00c0 propos de Chypre - Visit Cyprus<\/title>\n<meta name=\"robots\" content=\"index, follow, max-snippet:-1, max-image-preview:large, max-video-preview:-1\" \/>\n<link rel=\"canonical\" href=\"https:\/\/www.visitcyprus.com\/fr\/useful-info\/a-propos-de-chypre\/\" \/>\n<meta property=\"og:locale\" content=\"fr_FR\" \/>\n<meta property=\"og:type\" content=\"article\" \/>\n<meta property=\"og:title\" content=\"\u00c0 propos de Chypre - Visit Cyprus\" \/>\n<meta property=\"og:description\" content=\"\u00c0 propos de Chypre Chypre est un pays insulaire de la M\u00e9diterran\u00e9e orientale et l\u2019une des principales destinations touristiques de la M\u00e9diterran\u00e9e tout au long de l\u2019ann\u00e9e. R\u00e9put\u00e9e pour son [&hellip;]\" \/>\n<meta property=\"og:url\" content=\"https:\/\/www.visitcyprus.com\/fr\/useful-info\/a-propos-de-chypre\/\" \/>\n<meta property=\"og:site_name\" content=\"Visit Cyprus\" \/>\n<meta property=\"article:publisher\" content=\"https:\/\/www.facebook.com\/VisitCyprus.cy\/\" \/>\n<meta property=\"article:modified_time\" content=\"2026-03-05T07:31:10+00:00\" \/>\n<meta name=\"twitter:card\" content=\"summary_large_image\" \/>\n<meta name=\"twitter:site\" content=\"@visitcyprus\" \/>\n<meta name=\"twitter:label1\" content=\"Est. reading time\" \/>\n\t<meta name=\"twitter:data1\" content=\"3 minutes\" \/>\n<script type=\"application\/ld+json\" class=\"yoast-schema-graph\">{\"@context\":\"https:\\\/\\\/schema.org\",\"@graph\":[{\"@type\":\"WebPage\",\"@id\":\"https:\\\/\\\/www.visitcyprus.com\\\/fr\\\/useful-info\\\/a-propos-de-chypre\\\/\",\"url\":\"https:\\\/\\\/www.visitcyprus.com\\\/fr\\\/useful-info\\\/a-propos-de-chypre\\\/\",\"name\":\"\u00c0 propos de Chypre - Visit Cyprus\",\"isPartOf\":{\"@id\":\"https:\\\/\\\/www.visitcyprus.com\\\/fr\\\/#website\"},\"datePublished\":\"2024-04-24T14:51:17+00:00\",\"dateModified\":\"2026-03-05T07:31:10+00:00\",\"breadcrumb\":{\"@id\":\"https:\\\/\\\/www.visitcyprus.com\\\/fr\\\/useful-info\\\/a-propos-de-chypre\\\/#breadcrumb\"},\"inLanguage\":\"fr-FR\",\"potentialAction\":[{\"@type\":\"ReadAction\",\"target\":[\"https:\\\/\\\/www.visitcyprus.com\\\/fr\\\/useful-info\\\/a-propos-de-chypre\\\/\"]}]},{\"@type\":\"BreadcrumbList\",\"@id\":\"https:\\\/\\\/www.visitcyprus.com\\\/fr\\\/useful-info\\\/a-propos-de-chypre\\\/#breadcrumb\",\"itemListElement\":[{\"@type\":\"ListItem\",\"position\":1,\"name\":\"Home\",\"item\":\"https:\\\/\\\/www.visitcyprus.com\\\/fr\\\/\"},{\"@type\":\"ListItem\",\"position\":2,\"name\":\"Useful Info\",\"item\":\"https:\\\/\\\/www.visitcyprus.com\\\/fr\\\/useful-info\\\/\"},{\"@type\":\"ListItem\",\"position\":3,\"name\":\"\u00c0 propos de Chypre\"}]},{\"@type\":\"WebSite\",\"@id\":\"https:\\\/\\\/www.visitcyprus.com\\\/fr\\\/#website\",\"url\":\"https:\\\/\\\/www.visitcyprus.com\\\/fr\\\/\",\"name\":\"Visit Cyprus\",\"description\":\"\",\"publisher\":{\"@id\":\"https:\\\/\\\/www.visitcyprus.com\\\/fr\\\/#organization\"},\"potentialAction\":[{\"@type\":\"SearchAction\",\"target\":{\"@type\":\"EntryPoint\",\"urlTemplate\":\"https:\\\/\\\/www.visitcyprus.com\\\/fr\\\/?s={search_term_string}\"},\"query-input\":{\"@type\":\"PropertyValueSpecification\",\"valueRequired\":true,\"valueName\":\"search_term_string\"}}],\"inLanguage\":\"fr-FR\"},{\"@type\":\"Organization\",\"@id\":\"https:\\\/\\\/www.visitcyprus.com\\\/fr\\\/#organization\",\"name\":\"Visit Cyprus\",\"url\":\"https:\\\/\\\/www.visitcyprus.com\\\/fr\\\/\",\"logo\":{\"@type\":\"ImageObject\",\"inLanguage\":\"fr-FR\",\"@id\":\"https:\\\/\\\/www.visitcyprus.com\\\/fr\\\/#\\\/schema\\\/logo\\\/image\\\/\",\"url\":\"https:\\\/\\\/www.visitcyprus.com\\\/wp-content\\\/uploads\\\/2024\\\/04\\\/visitcyprus-logo.png\",\"contentUrl\":\"https:\\\/\\\/www.visitcyprus.com\\\/wp-content\\\/uploads\\\/2024\\\/04\\\/visitcyprus-logo.png\",\"width\":89,\"height\":167,\"caption\":\"Visit Cyprus\"},\"image\":{\"@id\":\"https:\\\/\\\/www.visitcyprus.com\\\/fr\\\/#\\\/schema\\\/logo\\\/image\\\/\"},\"sameAs\":[\"https:\\\/\\\/www.facebook.com\\\/VisitCyprus.cy\\\/\",\"https:\\\/\\\/x.com\\\/visitcyprus\"]}]}<\/script>\n<!-- \/ Yoast SEO plugin. -->","yoast_head_json":{"title":"\u00c0 propos de Chypre - Visit Cyprus","robots":{"index":"index","follow":"follow","max-snippet":"max-snippet:-1","max-image-preview":"max-image-preview:large","max-video-preview":"max-video-preview:-1"},"canonical":"https:\/\/www.visitcyprus.com\/fr\/useful-info\/a-propos-de-chypre\/","og_locale":"fr_FR","og_type":"article","og_title":"\u00c0 propos de Chypre - Visit Cyprus","og_description":"\u00c0 propos de Chypre Chypre est un pays insulaire de la M\u00e9diterran\u00e9e orientale et l\u2019une des principales destinations touristiques de la M\u00e9diterran\u00e9e tout au long de l\u2019ann\u00e9e. R\u00e9put\u00e9e pour son [&hellip;]","og_url":"https:\/\/www.visitcyprus.com\/fr\/useful-info\/a-propos-de-chypre\/","og_site_name":"Visit Cyprus","article_publisher":"https:\/\/www.facebook.com\/VisitCyprus.cy\/","article_modified_time":"2026-03-05T07:31:10+00:00","twitter_card":"summary_large_image","twitter_site":"@visitcyprus","twitter_misc":{"Est. reading time":"3 minutes"},"schema":{"@context":"https:\/\/schema.org","@graph":[{"@type":"WebPage","@id":"https:\/\/www.visitcyprus.com\/fr\/useful-info\/a-propos-de-chypre\/","url":"https:\/\/www.visitcyprus.com\/fr\/useful-info\/a-propos-de-chypre\/","name":"\u00c0 propos de Chypre - Visit Cyprus","isPartOf":{"@id":"https:\/\/www.visitcyprus.com\/fr\/#website"},"datePublished":"2024-04-24T14:51:17+00:00","dateModified":"2026-03-05T07:31:10+00:00","breadcrumb":{"@id":"https:\/\/www.visitcyprus.com\/fr\/useful-info\/a-propos-de-chypre\/#breadcrumb"},"inLanguage":"fr-FR","potentialAction":[{"@type":"ReadAction","target":["https:\/\/www.visitcyprus.com\/fr\/useful-info\/a-propos-de-chypre\/"]}]},{"@type":"BreadcrumbList","@id":"https:\/\/www.visitcyprus.com\/fr\/useful-info\/a-propos-de-chypre\/#breadcrumb","itemListElement":[{"@type":"ListItem","position":1,"name":"Home","item":"https:\/\/www.visitcyprus.com\/fr\/"},{"@type":"ListItem","position":2,"name":"Useful Info","item":"https:\/\/www.visitcyprus.com\/fr\/useful-info\/"},{"@type":"ListItem","position":3,"name":"\u00c0 propos de Chypre"}]},{"@type":"WebSite","@id":"https:\/\/www.visitcyprus.com\/fr\/#website","url":"https:\/\/www.visitcyprus.com\/fr\/","name":"Visit Cyprus","description":"","publisher":{"@id":"https:\/\/www.visitcyprus.com\/fr\/#organization"},"potentialAction":[{"@type":"SearchAction","target":{"@type":"EntryPoint","urlTemplate":"https:\/\/www.visitcyprus.com\/fr\/?s={search_term_string}"},"query-input":{"@type":"PropertyValueSpecification","valueRequired":true,"valueName":"search_term_string"}}],"inLanguage":"fr-FR"},{"@type":"Organization","@id":"https:\/\/www.visitcyprus.com\/fr\/#organization","name":"Visit Cyprus","url":"https:\/\/www.visitcyprus.com\/fr\/","logo":{"@type":"ImageObject","inLanguage":"fr-FR","@id":"https:\/\/www.visitcyprus.com\/fr\/#\/schema\/logo\/image\/","url":"https:\/\/www.visitcyprus.com\/wp-content\/uploads\/2024\/04\/visitcyprus-logo.png","contentUrl":"https:\/\/www.visitcyprus.com\/wp-content\/uploads\/2024\/04\/visitcyprus-logo.png","width":89,"height":167,"caption":"Visit Cyprus"},"image":{"@id":"https:\/\/www.visitcyprus.com\/fr\/#\/schema\/logo\/image\/"},"sameAs":["https:\/\/www.facebook.com\/VisitCyprus.cy\/","https:\/\/x.com\/visitcyprus"]}]}},"_links":{"self":[{"href":"https:\/\/www.visitcyprus.com\/fr\/wp-json\/wp\/v2\/pages\/559328","targetHints":{"allow":["GET"]}}],"collection":[{"href":"https:\/\/www.visitcyprus.com\/fr\/wp-json\/wp\/v2\/pages"}],"about":[{"href":"https:\/\/www.visitcyprus.com\/fr\/wp-json\/wp\/v2\/types\/page"}],"author":[{"embeddable":true,"href":"https:\/\/www.visitcyprus.com\/fr\/wp-json\/wp\/v2\/users\/1"}],"replies":[{"embeddable":true,"href":"https:\/\/www.visitcyprus.com\/fr\/wp-json\/wp\/v2\/comments?post=559328"}],"version-history":[{"count":4,"href":"https:\/\/www.visitcyprus.com\/fr\/wp-json\/wp\/v2\/pages\/559328\/revisions"}],"predecessor-version":[{"id":783651,"href":"https:\/\/www.visitcyprus.com\/fr\/wp-json\/wp\/v2\/pages\/559328\/revisions\/783651"}],"up":[{"embeddable":true,"href":"https:\/\/www.visitcyprus.com\/fr\/wp-json\/wp\/v2\/pages\/380321"}],"wp:attachment":[{"href":"https:\/\/www.visitcyprus.com\/fr\/wp-json\/wp\/v2\/media?parent=559328"}],"curies":[{"name":"wp","href":"https:\/\/api.w.org\/{rel}","templated":true}]}}