{"id":380405,"date":"2024-04-25T12:34:11","date_gmt":"2024-04-25T12:34:11","guid":{"rendered":"https:\/\/visitwp.dgmedialink.com\/useful-info\/odpowiedzialna-turystyka-na-cyprze\/"},"modified":"2025-03-28T07:22:27","modified_gmt":"2025-03-28T07:22:27","slug":"odpowiedzialna-turystyka-na-cyprze","status":"publish","type":"page","link":"https:\/\/www.visitcyprus.com\/pl\/useful-info\/odpowiedzialna-turystyka-na-cyprze\/","title":{"rendered":"Odpowiedzialna Turystyka na Cyprze"},"content":{"rendered":"\t\t<div data-elementor-type=\"wp-page\" data-elementor-id=\"380405\" class=\"elementor elementor-380405 elementor-269027\" data-elementor-post-type=\"page\">\n\t\t\t\t<div class=\"elementor-element elementor-element-3a014d45 e-con-full e-flex e-con e-parent\" data-id=\"3a014d45\" data-element_type=\"container\" data-e-type=\"container\">\n\t\t\t\t<div class=\"elementor-element elementor-element-63fd2c3 elementor-widget elementor-widget-breadcrumbs\" data-id=\"63fd2c3\" data-element_type=\"widget\" data-e-type=\"widget\" data-widget_type=\"breadcrumbs.default\">\n\t\t\t\t<div class=\"elementor-widget-container\">\n\t\t\t\t\t<p id=\"breadcrumbs\">\tYou are here:\n<span><span><a href=\"https:\/\/www.visitcyprus.com\/pl\/\">Home<\/a><\/span><\/span><\/p>\t\t\t\t<\/div>\n\t\t\t\t<\/div>\n\t\t\t\t<\/div>\n\t\t<div class=\"elementor-element elementor-element-456e8378 e-con-full no-banner-page e-flex e-con e-parent\" data-id=\"456e8378\" data-element_type=\"container\" data-e-type=\"container\">\n\t\t<div class=\"elementor-element elementor-element-7e9ff192 e-con-full e-flex e-con e-child\" data-id=\"7e9ff192\" data-element_type=\"container\" data-e-type=\"container\">\n\t\t\t\t<div class=\"elementor-element elementor-element-24348d03 elementor-widget elementor-widget-heading\" data-id=\"24348d03\" data-element_type=\"widget\" data-e-type=\"widget\" data-widget_type=\"heading.default\">\n\t\t\t\t<div class=\"elementor-widget-container\">\n\t\t\t\t\t<h2 class=\"elementor-heading-title elementor-size-default\">Odpowiedzialna Turystyka na Cyprze<\/h2>\t\t\t\t<\/div>\n\t\t\t\t<\/div>\n\t\t\t\t<div class=\"elementor-element elementor-element-28063142 elementor-widget elementor-widget-text-editor\" data-id=\"28063142\" data-element_type=\"widget\" data-e-type=\"widget\" data-widget_type=\"text-editor.default\">\n\t\t\t\t<div class=\"elementor-widget-container\">\n\t\t\t\t\t\t\t\t\t<p>Ka\u017cdego roku z rado\u015bci\u0105 go\u015bcimy na Cyprze ponad dwa miliony turyst\u00f3w z ca\u0142ego \u015bwiata, z przej\u0119ciem dziel\u0105c si\u0119 nasz\u0105 unikaln\u0105 kultur\u0105, go\u015bcinno\u015bci\u0105 i inspiruj\u0105cymi krajobrazami. Zach\u0119camy do odkrywania naszej wspania\u0142ej wyspy i wszystkich jej bogactw: zasmakowania w naszej kuchni, odkrywania cud\u00f3w naszej przyrody, wypr\u00f3bowania naszych otwartych na zagranicznych turyst\u00f3w kurort\u00f3w i poznania naszej uroczej spo\u0142eczno\u015bci na ca\u0142ej wyspie.<\/p><p>Turystyka zapewnia dziesi\u0105tki tysi\u0119cy miejsc pracy na Cyprze i jest kluczowa dla naszej gospodarki. Jak mo\u017cna sobie wyobrazi\u0107, do jej funkcjonowania potrzebne s\u0105 du\u017ce ilo\u015bci wody i energii, a w czasie wakacji wzrasta r\u00f3wnie\u017c ilo\u015b\u0107 odpad\u00f3w. Mamy nadziej\u0119, \u017ce przy\u0142\u0105czysz si\u0119 do nas, wspieraj\u0105c nasze wysi\u0142ki, aby turystyka nie tylko dostarcza\u0142a niezapomnianych wra\u017ce\u0144, a by\u0142a jednocze\u015bnie &#8220;odpowiedzialna&#8221;.<\/p><p>Jeste\u015bmy dumni z faktu, \u017ce tak wiele miejsc, w kt\u00f3rych zdecydujesz si\u0119 zatrzyma\u0107, czy to du\u017ce hotele nad morzem, czy ma\u0142e domki w g\u00f3rach, zaanga\u017cuj\u0105 si\u0119 w zapewnianie us\u0142ug, kt\u00f3re s\u0105 przyjazne dla \u015brodowiska, wspieraj\u0105c jednocze\u015bnie lokalne spo\u0142eczno\u015bci na ca\u0142ej wyspie. Zwr\u00f3\u0107 uwag\u0119 na nasze s\u0142ynne Cypryjskie \u015aniadania w wielu hotelach i po\u015bwi\u0119\u0107 chwilk\u0119 czasu na zapoznanie si\u0119 z producentami z ca\u0142ej wyspy. Mo\u017cesz r\u00f3wnie\u017c zej\u015b\u0107 z utartej \u015bcie\u017cki i odkry\u0107 nasze inspiruj\u0105ce szlaki rowerowe, piesze i winiarskie.<\/p><p>Chcemy, aby Twoje wakacje by\u0142y niezapomniane i aby\u015b wraca\u0142 na nasze wybrze\u017ce (lub do naszych g\u00f3r!) rok po roku. Mamy nadziej\u0119, \u017ce zainspirujemy Ci\u0119 naszym zaanga\u017cowaniem w zapewnienie Tobie wakacji, kt\u00f3re s\u0105 po prostu lepsze dla ka\u017cdego.<\/p><p>&#8211;\u00a0<a href=\"https:\/\/www.visitcyprus.com\/pl\/pl-discover-cyprus\/pl-routes-pl-discover-cyprus\/cultural-routes-routes-pl\/\" target=\"_blank\" rel=\"noopener\">Trasy kulturowe<\/a><br \/>&#8211;\u00a0<a href=\"https:\/\/www.visitcyprus.com\/pl\/pl-discover-cyprus\/pl-routes-pl-discover-cyprus\/cycling-routes-pl\/\" target=\"_blank\" rel=\"noopener\">Trasy rowerowe<\/a><br \/>&#8211;\u00a0<a href=\"https:\/\/www.visitcyprus.com\/pl\/pl-discover-cyprus\/pl-routes-pl-discover-cyprus\/routes-nature-trails-pl\/\" target=\"_blank\" rel=\"noopener\">Szlaki przyrodnicze<\/a><br \/>&#8211;\u00a0<a href=\"https:\/\/www.agrotourism.com.cy\/\">Cypryjskie Przedsi\u0119biorstwo Agroturystyczne<\/a><\/p>\t\t\t\t\t\t\t\t<\/div>\n\t\t\t\t<\/div>\n\t\t<div class=\"elementor-element elementor-element-122aa6a9 e-con-full elementor-hidden-desktop e-flex e-con e-child\" data-id=\"122aa6a9\" data-element_type=\"container\" data-e-type=\"container\" data-settings=\"{&quot;background_background&quot;:&quot;classic&quot;}\">\n\t\t\t\t<div class=\"elementor-element elementor-element-7de76aa4 elementor-widget elementor-widget-heading\" data-id=\"7de76aa4\" data-element_type=\"widget\" data-e-type=\"widget\" data-widget_type=\"heading.default\">\n\t\t\t\t<div class=\"elementor-widget-container\">\n\t\t\t\t\t<h2 class=\"elementor-heading-title elementor-size-default\">Practical Information<\/h2>\t\t\t\t<\/div>\n\t\t\t\t<\/div>\n\t\t\t\t<div class=\"elementor-element elementor-element-1c76242d underlined-links elementor-icon-list--layout-traditional elementor-list-item-link-full_width elementor-widget elementor-widget-global elementor-global-382594 elementor-global-268969 elementor-widget-icon-list\" data-id=\"1c76242d\" data-element_type=\"widget\" data-e-type=\"widget\" data-widget_type=\"icon-list.default\">\n\t\t\t\t<div class=\"elementor-widget-container\">\n\t\t\t\t\t\t\t<ul class=\"elementor-icon-list-items\">\n\t\t\t\t\t\t\t<li class=\"elementor-icon-list-item\">\n\t\t\t\t\t\t\t\t\t\t<span class=\"elementor-icon-list-text\"><u style=\"padding-left: 10px\">Przydatne informacje<\/u><\/span>\n\t\t\t\t\t\t\t\t\t<\/li>\n\t\t\t\t\t\t\t\t<li class=\"elementor-icon-list-item\">\n\t\t\t\t\t\t\t\t\t\t\t<a href=\"https:\/\/www.visitcyprus.com\/pl\/useful-info\/o-cyprze\/\">\n\n\t\t\t\t\t\t\t\t\t\t\t<span class=\"elementor-icon-list-text\">- O Cyprze<\/span>\n\t\t\t\t\t\t\t\t\t\t\t<\/a>\n\t\t\t\t\t\t\t\t\t<\/li>\n\t\t\t\t\t\t\t\t<li class=\"elementor-icon-list-item\">\n\t\t\t\t\t\t\t\t\t\t\t<a href=\"https:\/\/www.visitcyprus.com\/pl\/useful-info\/dla-gosci-o-specjalnych-potrzebach\/\">\n\n\t\t\t\t\t\t\t\t\t\t\t<span class=\"elementor-icon-list-text\">- Dla Go\u015bci o Specjalnych Potrzebach<\/span>\n\t\t\t\t\t\t\t\t\t\t\t<\/a>\n\t\t\t\t\t\t\t\t\t<\/li>\n\t\t\t\t\t\t\t\t<li class=\"elementor-icon-list-item\">\n\t\t\t\t\t\t\t\t\t\t\t<a href=\"https:\/\/www.visitcyprus.com\/pl\/useful-info\/wymagania-wjazdowe\/\">\n\n\t\t\t\t\t\t\t\t\t\t\t<span class=\"elementor-icon-list-text\">- Wymagania Wjazdowe<\/span>\n\t\t\t\t\t\t\t\t\t\t\t<\/a>\n\t\t\t\t\t\t\t\t\t<\/li>\n\t\t\t\t\t\t\t\t<li class=\"elementor-icon-list-item\">\n\t\t\t\t\t\t\t\t\t\t\t<a href=\"https:\/\/www.visitcyprus.com\/pl\/useful-info\/telekomunikacja\/\">\n\n\t\t\t\t\t\t\t\t\t\t\t<span class=\"elementor-icon-list-text\">- Telekomunikacja<\/span>\n\t\t\t\t\t\t\t\t\t\t\t<\/a>\n\t\t\t\t\t\t\t\t\t<\/li>\n\t\t\t\t\t\t\t\t<li class=\"elementor-icon-list-item\">\n\t\t\t\t\t\t\t\t\t\t\t<a href=\"https:\/\/www.visitcyprus.com\/pl\/useful-info\/pogoda-i-klimat\/\">\n\n\t\t\t\t\t\t\t\t\t\t\t<span class=\"elementor-icon-list-text\">- Pogoda i Klimat<\/span>\n\t\t\t\t\t\t\t\t\t\t\t<\/a>\n\t\t\t\t\t\t\t\t\t<\/li>\n\t\t\t\t\t\t\t\t<li class=\"elementor-icon-list-item\">\n\t\t\t\t\t\t\t\t\t\t\t<a href=\"https:\/\/www.visitcyprus.com\/useful-info\/languages-religions\/\">\n\n\t\t\t\t\t\t\t\t\t\t\t<span class=\"elementor-icon-list-text\">- J\u0119zyki i Religie<\/span>\n\t\t\t\t\t\t\t\t\t\t\t<\/a>\n\t\t\t\t\t\t\t\t\t<\/li>\n\t\t\t\t\t\t\t\t<li class=\"elementor-icon-list-item\">\n\t\t\t\t\t\t\t\t\t\t\t<a href=\"https:\/\/www.visitcyprus.com\/pl\/useful-info\/srodki-platnicze-i-waluta\/\">\n\n\t\t\t\t\t\t\t\t\t\t\t<span class=\"elementor-icon-list-text\">- \u015arodki P\u0142atnicze i Waluta<\/span>\n\t\t\t\t\t\t\t\t\t\t\t<\/a>\n\t\t\t\t\t\t\t\t\t<\/li>\n\t\t\t\t\t\t\t\t<li class=\"elementor-icon-list-item\">\n\t\t\t\t\t\t\t\t\t\t\t<a href=\"https:\/\/www.visitcyprus.com\/pl\/useful-info\/strefa-czasowa-godziny-pracy-dni-swiateczne\/\">\n\n\t\t\t\t\t\t\t\t\t\t\t<span class=\"elementor-icon-list-text\">- Strefa Czasowa, Godziny Pracy, dni \u015awi\u0105teczne<\/span>\n\t\t\t\t\t\t\t\t\t\t\t<\/a>\n\t\t\t\t\t\t\t\t\t<\/li>\n\t\t\t\t\t\t\t\t<li class=\"elementor-icon-list-item\">\n\t\t\t\t\t\t\t\t\t\t\t<a href=\"https:\/\/www.visitcyprus.com\/pl\/useful-info\/zdrowie-i-bezpieczenstwo\/\">\n\n\t\t\t\t\t\t\t\t\t\t\t<span class=\"elementor-icon-list-text\">- Zdrowie i Bezpiecze\u0144stwo<\/span>\n\t\t\t\t\t\t\t\t\t\t\t<\/a>\n\t\t\t\t\t\t\t\t\t<\/li>\n\t\t\t\t\t\t\t\t<li class=\"elementor-icon-list-item\">\n\t\t\t\t\t\t\t\t\t\t\t<a href=\"https:\/\/www.visitcyprus.com\/pl\/useful-info\/transport\/\">\n\n\t\t\t\t\t\t\t\t\t\t\t<span class=\"elementor-icon-list-text\">- Podr\u00f3\u017cowanie po Wyspie<\/span>\n\t\t\t\t\t\t\t\t\t\t\t<\/a>\n\t\t\t\t\t\t\t\t\t<\/li>\n\t\t\t\t\t\t\t\t<li class=\"elementor-icon-list-item\">\n\t\t\t\t\t\t\t\t\t\t\t<a href=\"https:\/\/www.visitcyprus.com\/pl\/useful-info\/odpowiedzialna-turystyka-na-cyprze\/\">\n\n\t\t\t\t\t\t\t\t\t\t\t<span class=\"elementor-icon-list-text\">- Odpowiedzialna Turystyka na Cyprze<\/span>\n\t\t\t\t\t\t\t\t\t\t\t<\/a>\n\t\t\t\t\t\t\t\t\t<\/li>\n\t\t\t\t\t\t\t\t<li class=\"elementor-icon-list-item\">\n\t\t\t\t\t\t\t\t\t\t\t<a href=\"https:\/\/www.visitcyprus.com\/pl\/useful-info\/biura-informacji-turystycznej\/\">\n\n\t\t\t\t\t\t\t\t\t\t\t<span class=\"elementor-icon-list-text\">- Biura Informacji Turystycznej<\/span>\n\t\t\t\t\t\t\t\t\t\t\t<\/a>\n\t\t\t\t\t\t\t\t\t<\/li>\n\t\t\t\t\t\t<\/ul>\n\t\t\t\t\t\t<\/div>\n\t\t\t\t<\/div>\n\t\t\t\t<\/div>\n\t\t\t\t<\/div>\n\t\t<div class=\"elementor-element elementor-element-53be408b e-con-full elementor-hidden-tablet elementor-hidden-mobile e-flex e-con e-child\" data-id=\"53be408b\" data-element_type=\"container\" data-e-type=\"container\" data-settings=\"{&quot;background_background&quot;:&quot;classic&quot;}\">\n\t\t\t\t<div class=\"elementor-element elementor-element-768dd0bc elementor-widget elementor-widget-heading\" data-id=\"768dd0bc\" data-element_type=\"widget\" data-e-type=\"widget\" data-widget_type=\"heading.default\">\n\t\t\t\t<div class=\"elementor-widget-container\">\n\t\t\t\t\t<h2 class=\"elementor-heading-title elementor-size-default\">Practical Information<\/h2>\t\t\t\t<\/div>\n\t\t\t\t<\/div>\n\t\t\t\t<div class=\"elementor-element elementor-element-5872543e underlined-links elementor-icon-list--layout-traditional elementor-list-item-link-full_width elementor-widget elementor-widget-global elementor-global-382594 elementor-global-268969 elementor-widget-icon-list\" data-id=\"5872543e\" data-element_type=\"widget\" data-e-type=\"widget\" data-widget_type=\"icon-list.default\">\n\t\t\t\t<div class=\"elementor-widget-container\">\n\t\t\t\t\t\t\t<ul class=\"elementor-icon-list-items\">\n\t\t\t\t\t\t\t<li class=\"elementor-icon-list-item\">\n\t\t\t\t\t\t\t\t\t\t<span class=\"elementor-icon-list-text\"><u style=\"padding-left: 10px\">Przydatne informacje<\/u><\/span>\n\t\t\t\t\t\t\t\t\t<\/li>\n\t\t\t\t\t\t\t\t<li class=\"elementor-icon-list-item\">\n\t\t\t\t\t\t\t\t\t\t\t<a href=\"https:\/\/www.visitcyprus.com\/pl\/useful-info\/o-cyprze\/\">\n\n\t\t\t\t\t\t\t\t\t\t\t<span class=\"elementor-icon-list-text\">- O Cyprze<\/span>\n\t\t\t\t\t\t\t\t\t\t\t<\/a>\n\t\t\t\t\t\t\t\t\t<\/li>\n\t\t\t\t\t\t\t\t<li class=\"elementor-icon-list-item\">\n\t\t\t\t\t\t\t\t\t\t\t<a href=\"https:\/\/www.visitcyprus.com\/pl\/useful-info\/dla-gosci-o-specjalnych-potrzebach\/\">\n\n\t\t\t\t\t\t\t\t\t\t\t<span class=\"elementor-icon-list-text\">- Dla Go\u015bci o Specjalnych Potrzebach<\/span>\n\t\t\t\t\t\t\t\t\t\t\t<\/a>\n\t\t\t\t\t\t\t\t\t<\/li>\n\t\t\t\t\t\t\t\t<li class=\"elementor-icon-list-item\">\n\t\t\t\t\t\t\t\t\t\t\t<a href=\"https:\/\/www.visitcyprus.com\/pl\/useful-info\/wymagania-wjazdowe\/\">\n\n\t\t\t\t\t\t\t\t\t\t\t<span class=\"elementor-icon-list-text\">- Wymagania Wjazdowe<\/span>\n\t\t\t\t\t\t\t\t\t\t\t<\/a>\n\t\t\t\t\t\t\t\t\t<\/li>\n\t\t\t\t\t\t\t\t<li class=\"elementor-icon-list-item\">\n\t\t\t\t\t\t\t\t\t\t\t<a href=\"https:\/\/www.visitcyprus.com\/pl\/useful-info\/telekomunikacja\/\">\n\n\t\t\t\t\t\t\t\t\t\t\t<span class=\"elementor-icon-list-text\">- Telekomunikacja<\/span>\n\t\t\t\t\t\t\t\t\t\t\t<\/a>\n\t\t\t\t\t\t\t\t\t<\/li>\n\t\t\t\t\t\t\t\t<li class=\"elementor-icon-list-item\">\n\t\t\t\t\t\t\t\t\t\t\t<a href=\"https:\/\/www.visitcyprus.com\/pl\/useful-info\/pogoda-i-klimat\/\">\n\n\t\t\t\t\t\t\t\t\t\t\t<span class=\"elementor-icon-list-text\">- Pogoda i Klimat<\/span>\n\t\t\t\t\t\t\t\t\t\t\t<\/a>\n\t\t\t\t\t\t\t\t\t<\/li>\n\t\t\t\t\t\t\t\t<li class=\"elementor-icon-list-item\">\n\t\t\t\t\t\t\t\t\t\t\t<a href=\"https:\/\/www.visitcyprus.com\/useful-info\/languages-religions\/\">\n\n\t\t\t\t\t\t\t\t\t\t\t<span class=\"elementor-icon-list-text\">- J\u0119zyki i Religie<\/span>\n\t\t\t\t\t\t\t\t\t\t\t<\/a>\n\t\t\t\t\t\t\t\t\t<\/li>\n\t\t\t\t\t\t\t\t<li class=\"elementor-icon-list-item\">\n\t\t\t\t\t\t\t\t\t\t\t<a href=\"https:\/\/www.visitcyprus.com\/pl\/useful-info\/srodki-platnicze-i-waluta\/\">\n\n\t\t\t\t\t\t\t\t\t\t\t<span class=\"elementor-icon-list-text\">- \u015arodki P\u0142atnicze i Waluta<\/span>\n\t\t\t\t\t\t\t\t\t\t\t<\/a>\n\t\t\t\t\t\t\t\t\t<\/li>\n\t\t\t\t\t\t\t\t<li class=\"elementor-icon-list-item\">\n\t\t\t\t\t\t\t\t\t\t\t<a href=\"https:\/\/www.visitcyprus.com\/pl\/useful-info\/strefa-czasowa-godziny-pracy-dni-swiateczne\/\">\n\n\t\t\t\t\t\t\t\t\t\t\t<span class=\"elementor-icon-list-text\">- Strefa Czasowa, Godziny Pracy, dni \u015awi\u0105teczne<\/span>\n\t\t\t\t\t\t\t\t\t\t\t<\/a>\n\t\t\t\t\t\t\t\t\t<\/li>\n\t\t\t\t\t\t\t\t<li class=\"elementor-icon-list-item\">\n\t\t\t\t\t\t\t\t\t\t\t<a href=\"https:\/\/www.visitcyprus.com\/pl\/useful-info\/zdrowie-i-bezpieczenstwo\/\">\n\n\t\t\t\t\t\t\t\t\t\t\t<span class=\"elementor-icon-list-text\">- Zdrowie i Bezpiecze\u0144stwo<\/span>\n\t\t\t\t\t\t\t\t\t\t\t<\/a>\n\t\t\t\t\t\t\t\t\t<\/li>\n\t\t\t\t\t\t\t\t<li class=\"elementor-icon-list-item\">\n\t\t\t\t\t\t\t\t\t\t\t<a href=\"https:\/\/www.visitcyprus.com\/pl\/useful-info\/transport\/\">\n\n\t\t\t\t\t\t\t\t\t\t\t<span class=\"elementor-icon-list-text\">- Podr\u00f3\u017cowanie po Wyspie<\/span>\n\t\t\t\t\t\t\t\t\t\t\t<\/a>\n\t\t\t\t\t\t\t\t\t<\/li>\n\t\t\t\t\t\t\t\t<li class=\"elementor-icon-list-item\">\n\t\t\t\t\t\t\t\t\t\t\t<a href=\"https:\/\/www.visitcyprus.com\/pl\/useful-info\/odpowiedzialna-turystyka-na-cyprze\/\">\n\n\t\t\t\t\t\t\t\t\t\t\t<span class=\"elementor-icon-list-text\">- Odpowiedzialna Turystyka na Cyprze<\/span>\n\t\t\t\t\t\t\t\t\t\t\t<\/a>\n\t\t\t\t\t\t\t\t\t<\/li>\n\t\t\t\t\t\t\t\t<li class=\"elementor-icon-list-item\">\n\t\t\t\t\t\t\t\t\t\t\t<a href=\"https:\/\/www.visitcyprus.com\/pl\/useful-info\/biura-informacji-turystycznej\/\">\n\n\t\t\t\t\t\t\t\t\t\t\t<span class=\"elementor-icon-list-text\">- Biura Informacji Turystycznej<\/span>\n\t\t\t\t\t\t\t\t\t\t\t<\/a>\n\t\t\t\t\t\t\t\t\t<\/li>\n\t\t\t\t\t\t<\/ul>\n\t\t\t\t\t\t<\/div>\n\t\t\t\t<\/div>\n\t\t\t\t<\/div>\n\t\t\t\t<\/div>\n\t\t\t\t<\/div>\n\t\t","protected":false},"excerpt":{"rendered":"<p>Odpowiedzialna Turystyka na Cyprze Ka\u017cdego roku z rado\u015bci\u0105 go\u015bcimy na Cyprze ponad dwa miliony turyst\u00f3w z ca\u0142ego \u015bwiata, z przej\u0119ciem dziel\u0105c si\u0119 nasz\u0105 unikaln\u0105 kultur\u0105, go\u015bcinno\u015bci\u0105 i inspiruj\u0105cymi krajobrazami. Zach\u0119camy [&hellip;]<\/p>\n","protected":false},"author":1,"featured_media":0,"parent":380324,"menu_order":0,"comment_status":"closed","ping_status":"closed","template":"","meta":{"_acf_changed":false,"footnotes":""},"class_list":["post-380405","page","type-page","status-publish","hentry"],"acf":[],"yoast_head":"<!-- This site is optimized with the Yoast SEO plugin v27.4 - https:\/\/yoast.com\/product\/yoast-seo-wordpress\/ -->\n<title>Odpowiedzialna Turystyka na Cyprze - Visit Cyprus<\/title>\n<meta name=\"robots\" content=\"index, follow, max-snippet:-1, max-image-preview:large, max-video-preview:-1\" \/>\n<link rel=\"canonical\" href=\"https:\/\/www.visitcyprus.com\/pl\/useful-info\/odpowiedzialna-turystyka-na-cyprze\/\" \/>\n<meta property=\"og:locale\" content=\"pl_PL\" \/>\n<meta property=\"og:type\" content=\"article\" \/>\n<meta property=\"og:title\" content=\"Odpowiedzialna Turystyka na Cyprze - Visit Cyprus\" \/>\n<meta property=\"og:description\" content=\"Odpowiedzialna Turystyka na Cyprze Ka\u017cdego roku z rado\u015bci\u0105 go\u015bcimy na Cyprze ponad dwa miliony turyst\u00f3w z ca\u0142ego \u015bwiata, z przej\u0119ciem dziel\u0105c si\u0119 nasz\u0105 unikaln\u0105 kultur\u0105, go\u015bcinno\u015bci\u0105 i inspiruj\u0105cymi krajobrazami. Zach\u0119camy [&hellip;]\" \/>\n<meta property=\"og:url\" content=\"https:\/\/www.visitcyprus.com\/pl\/useful-info\/odpowiedzialna-turystyka-na-cyprze\/\" \/>\n<meta property=\"og:site_name\" content=\"Visit Cyprus\" \/>\n<meta property=\"article:publisher\" content=\"https:\/\/www.facebook.com\/VisitCyprus.cy\/\" \/>\n<meta property=\"article:modified_time\" content=\"2025-03-28T07:22:27+00:00\" \/>\n<meta name=\"twitter:card\" content=\"summary_large_image\" \/>\n<meta name=\"twitter:site\" content=\"@visitcyprus\" \/>\n<meta name=\"twitter:label1\" content=\"Est. reading time\" \/>\n\t<meta name=\"twitter:data1\" content=\"3 minutes\" \/>\n<script type=\"application\/ld+json\" class=\"yoast-schema-graph\">{\"@context\":\"https:\\\/\\\/schema.org\",\"@graph\":[{\"@type\":\"WebPage\",\"@id\":\"https:\\\/\\\/www.visitcyprus.com\\\/pl\\\/useful-info\\\/odpowiedzialna-turystyka-na-cyprze\\\/\",\"url\":\"https:\\\/\\\/www.visitcyprus.com\\\/pl\\\/useful-info\\\/odpowiedzialna-turystyka-na-cyprze\\\/\",\"name\":\"Odpowiedzialna Turystyka na Cyprze - Visit Cyprus\",\"isPartOf\":{\"@id\":\"https:\\\/\\\/www.visitcyprus.com\\\/pl\\\/#website\"},\"datePublished\":\"2024-04-25T12:34:11+00:00\",\"dateModified\":\"2025-03-28T07:22:27+00:00\",\"breadcrumb\":{\"@id\":\"https:\\\/\\\/www.visitcyprus.com\\\/pl\\\/useful-info\\\/odpowiedzialna-turystyka-na-cyprze\\\/#breadcrumb\"},\"inLanguage\":\"pl-PL\",\"potentialAction\":[{\"@type\":\"ReadAction\",\"target\":[\"https:\\\/\\\/www.visitcyprus.com\\\/pl\\\/useful-info\\\/odpowiedzialna-turystyka-na-cyprze\\\/\"]}]},{\"@type\":\"BreadcrumbList\",\"@id\":\"https:\\\/\\\/www.visitcyprus.com\\\/pl\\\/useful-info\\\/odpowiedzialna-turystyka-na-cyprze\\\/#breadcrumb\",\"itemListElement\":[{\"@type\":\"ListItem\",\"position\":1,\"name\":\"Home\",\"item\":\"https:\\\/\\\/www.visitcyprus.com\\\/pl\\\/\"},{\"@type\":\"ListItem\",\"position\":2,\"name\":\"Useful Info\",\"item\":\"https:\\\/\\\/www.visitcyprus.com\\\/pl\\\/useful-info\\\/\"},{\"@type\":\"ListItem\",\"position\":3,\"name\":\"Odpowiedzialna Turystyka na Cyprze\"}]},{\"@type\":\"WebSite\",\"@id\":\"https:\\\/\\\/www.visitcyprus.com\\\/pl\\\/#website\",\"url\":\"https:\\\/\\\/www.visitcyprus.com\\\/pl\\\/\",\"name\":\"Visit Cyprus\",\"description\":\"\",\"publisher\":{\"@id\":\"https:\\\/\\\/www.visitcyprus.com\\\/pl\\\/#organization\"},\"potentialAction\":[{\"@type\":\"SearchAction\",\"target\":{\"@type\":\"EntryPoint\",\"urlTemplate\":\"https:\\\/\\\/www.visitcyprus.com\\\/pl\\\/?s={search_term_string}\"},\"query-input\":{\"@type\":\"PropertyValueSpecification\",\"valueRequired\":true,\"valueName\":\"search_term_string\"}}],\"inLanguage\":\"pl-PL\"},{\"@type\":\"Organization\",\"@id\":\"https:\\\/\\\/www.visitcyprus.com\\\/pl\\\/#organization\",\"name\":\"Visit Cyprus\",\"url\":\"https:\\\/\\\/www.visitcyprus.com\\\/pl\\\/\",\"logo\":{\"@type\":\"ImageObject\",\"inLanguage\":\"pl-PL\",\"@id\":\"https:\\\/\\\/www.visitcyprus.com\\\/pl\\\/#\\\/schema\\\/logo\\\/image\\\/\",\"url\":\"https:\\\/\\\/www.visitcyprus.com\\\/wp-content\\\/uploads\\\/2024\\\/04\\\/visitcyprus-logo.png\",\"contentUrl\":\"https:\\\/\\\/www.visitcyprus.com\\\/wp-content\\\/uploads\\\/2024\\\/04\\\/visitcyprus-logo.png\",\"width\":89,\"height\":167,\"caption\":\"Visit Cyprus\"},\"image\":{\"@id\":\"https:\\\/\\\/www.visitcyprus.com\\\/pl\\\/#\\\/schema\\\/logo\\\/image\\\/\"},\"sameAs\":[\"https:\\\/\\\/www.facebook.com\\\/VisitCyprus.cy\\\/\",\"https:\\\/\\\/x.com\\\/visitcyprus\"]}]}<\/script>\n<!-- \/ Yoast SEO plugin. -->","yoast_head_json":{"title":"Odpowiedzialna Turystyka na Cyprze - Visit Cyprus","robots":{"index":"index","follow":"follow","max-snippet":"max-snippet:-1","max-image-preview":"max-image-preview:large","max-video-preview":"max-video-preview:-1"},"canonical":"https:\/\/www.visitcyprus.com\/pl\/useful-info\/odpowiedzialna-turystyka-na-cyprze\/","og_locale":"pl_PL","og_type":"article","og_title":"Odpowiedzialna Turystyka na Cyprze - Visit Cyprus","og_description":"Odpowiedzialna Turystyka na Cyprze Ka\u017cdego roku z rado\u015bci\u0105 go\u015bcimy na Cyprze ponad dwa miliony turyst\u00f3w z ca\u0142ego \u015bwiata, z przej\u0119ciem dziel\u0105c si\u0119 nasz\u0105 unikaln\u0105 kultur\u0105, go\u015bcinno\u015bci\u0105 i inspiruj\u0105cymi krajobrazami. Zach\u0119camy [&hellip;]","og_url":"https:\/\/www.visitcyprus.com\/pl\/useful-info\/odpowiedzialna-turystyka-na-cyprze\/","og_site_name":"Visit Cyprus","article_publisher":"https:\/\/www.facebook.com\/VisitCyprus.cy\/","article_modified_time":"2025-03-28T07:22:27+00:00","twitter_card":"summary_large_image","twitter_site":"@visitcyprus","twitter_misc":{"Est. reading time":"3 minutes"},"schema":{"@context":"https:\/\/schema.org","@graph":[{"@type":"WebPage","@id":"https:\/\/www.visitcyprus.com\/pl\/useful-info\/odpowiedzialna-turystyka-na-cyprze\/","url":"https:\/\/www.visitcyprus.com\/pl\/useful-info\/odpowiedzialna-turystyka-na-cyprze\/","name":"Odpowiedzialna Turystyka na Cyprze - Visit Cyprus","isPartOf":{"@id":"https:\/\/www.visitcyprus.com\/pl\/#website"},"datePublished":"2024-04-25T12:34:11+00:00","dateModified":"2025-03-28T07:22:27+00:00","breadcrumb":{"@id":"https:\/\/www.visitcyprus.com\/pl\/useful-info\/odpowiedzialna-turystyka-na-cyprze\/#breadcrumb"},"inLanguage":"pl-PL","potentialAction":[{"@type":"ReadAction","target":["https:\/\/www.visitcyprus.com\/pl\/useful-info\/odpowiedzialna-turystyka-na-cyprze\/"]}]},{"@type":"BreadcrumbList","@id":"https:\/\/www.visitcyprus.com\/pl\/useful-info\/odpowiedzialna-turystyka-na-cyprze\/#breadcrumb","itemListElement":[{"@type":"ListItem","position":1,"name":"Home","item":"https:\/\/www.visitcyprus.com\/pl\/"},{"@type":"ListItem","position":2,"name":"Useful Info","item":"https:\/\/www.visitcyprus.com\/pl\/useful-info\/"},{"@type":"ListItem","position":3,"name":"Odpowiedzialna Turystyka na Cyprze"}]},{"@type":"WebSite","@id":"https:\/\/www.visitcyprus.com\/pl\/#website","url":"https:\/\/www.visitcyprus.com\/pl\/","name":"Visit Cyprus","description":"","publisher":{"@id":"https:\/\/www.visitcyprus.com\/pl\/#organization"},"potentialAction":[{"@type":"SearchAction","target":{"@type":"EntryPoint","urlTemplate":"https:\/\/www.visitcyprus.com\/pl\/?s={search_term_string}"},"query-input":{"@type":"PropertyValueSpecification","valueRequired":true,"valueName":"search_term_string"}}],"inLanguage":"pl-PL"},{"@type":"Organization","@id":"https:\/\/www.visitcyprus.com\/pl\/#organization","name":"Visit Cyprus","url":"https:\/\/www.visitcyprus.com\/pl\/","logo":{"@type":"ImageObject","inLanguage":"pl-PL","@id":"https:\/\/www.visitcyprus.com\/pl\/#\/schema\/logo\/image\/","url":"https:\/\/www.visitcyprus.com\/wp-content\/uploads\/2024\/04\/visitcyprus-logo.png","contentUrl":"https:\/\/www.visitcyprus.com\/wp-content\/uploads\/2024\/04\/visitcyprus-logo.png","width":89,"height":167,"caption":"Visit Cyprus"},"image":{"@id":"https:\/\/www.visitcyprus.com\/pl\/#\/schema\/logo\/image\/"},"sameAs":["https:\/\/www.facebook.com\/VisitCyprus.cy\/","https:\/\/x.com\/visitcyprus"]}]}},"_links":{"self":[{"href":"https:\/\/www.visitcyprus.com\/pl\/wp-json\/wp\/v2\/pages\/380405","targetHints":{"allow":["GET"]}}],"collection":[{"href":"https:\/\/www.visitcyprus.com\/pl\/wp-json\/wp\/v2\/pages"}],"about":[{"href":"https:\/\/www.visitcyprus.com\/pl\/wp-json\/wp\/v2\/types\/page"}],"author":[{"embeddable":true,"href":"https:\/\/www.visitcyprus.com\/pl\/wp-json\/wp\/v2\/users\/1"}],"replies":[{"embeddable":true,"href":"https:\/\/www.visitcyprus.com\/pl\/wp-json\/wp\/v2\/comments?post=380405"}],"version-history":[{"count":0,"href":"https:\/\/www.visitcyprus.com\/pl\/wp-json\/wp\/v2\/pages\/380405\/revisions"}],"up":[{"embeddable":true,"href":"https:\/\/www.visitcyprus.com\/pl\/wp-json\/wp\/v2\/pages\/380324"}],"wp:attachment":[{"href":"https:\/\/www.visitcyprus.com\/pl\/wp-json\/wp\/v2\/media?parent=380405"}],"curies":[{"name":"wp","href":"https:\/\/api.w.org\/{rel}","templated":true}]}}