{"id":557630,"date":"2024-04-27T17:32:01","date_gmt":"2024-04-27T17:32:01","guid":{"rendered":"https:\/\/www.visitcyprus.com\/cyprus-nature-trails\/"},"modified":"2024-09-26T10:56:38","modified_gmt":"2024-09-26T10:56:38","slug":"cyprus-nature-trails","status":"publish","type":"page","link":"https:\/\/www.visitcyprus.com\/pl\/cyprus-nature-trails\/","title":{"rendered":"szlaki przyrodnicze na cyprze"},"content":{"rendered":"\t\t<div data-elementor-type=\"wp-page\" data-elementor-id=\"557630\" class=\"elementor elementor-557630 elementor-269229\" data-elementor-post-type=\"page\">\n\t\t\t\t<div class=\"elementor-element elementor-element-5a17c593 e-con-full e-flex e-con e-parent\" data-id=\"5a17c593\" data-element_type=\"container\" data-e-type=\"container\">\n\t\t<div class=\"elementor-element elementor-element-1b8f7781 e-con-full e-flex e-con e-child\" data-id=\"1b8f7781\" data-element_type=\"container\" data-e-type=\"container\" data-settings=\"{&quot;background_background&quot;:&quot;classic&quot;}\">\n\t\t\t\t<div class=\"elementor-element elementor-element-2ec706e4 elementor-widget elementor-widget-heading\" data-id=\"2ec706e4\" data-element_type=\"widget\" data-e-type=\"widget\" data-widget_type=\"heading.default\">\n\t\t\t\t<div class=\"elementor-widget-container\">\n\t\t\t\t\t<h2 class=\"elementor-heading-title elementor-size-default\">szlaki przyrodnicze na cyprze<\/h2>\t\t\t\t<\/div>\n\t\t\t\t<\/div>\n\t\t\t\t<\/div>\n\t\t\t\t<\/div>\n\t\t<div class=\"elementor-element elementor-element-7ef05214 e-con-full e-flex e-con e-parent\" data-id=\"7ef05214\" data-element_type=\"container\" data-e-type=\"container\">\n\t\t\t\t<div class=\"elementor-element elementor-element-17e346cc elementor-widget elementor-widget-breadcrumbs\" data-id=\"17e346cc\" data-element_type=\"widget\" data-e-type=\"widget\" data-widget_type=\"breadcrumbs.default\">\n\t\t\t\t<div class=\"elementor-widget-container\">\n\t\t\t\t\t<p id=\"breadcrumbs\">\tYou are here:\n<span><span><a href=\"https:\/\/www.visitcyprus.com\/pl\/\">Home<\/a><\/span><\/span><\/p>\t\t\t\t<\/div>\n\t\t\t\t<\/div>\n\t\t\t\t<\/div>\n\t\t<div class=\"elementor-element elementor-element-4af72392 e-con-full e-flex e-con e-parent\" data-id=\"4af72392\" data-element_type=\"container\" data-e-type=\"container\">\n\t\t<div class=\"elementor-element elementor-element-2a91f383 e-con-full e-flex e-con e-child\" data-id=\"2a91f383\" data-element_type=\"container\" data-e-type=\"container\">\n\t\t<div class=\"elementor-element elementor-element-287f94cd e-flex e-con-boxed e-con e-child\" data-id=\"287f94cd\" data-element_type=\"container\" data-e-type=\"container\">\n\t\t\t\t\t<div class=\"e-con-inner\">\n\t\t\t\t<div class=\"elementor-element elementor-element-50e6c161 elementor-widget__width-initial elementor-widget elementor-widget-text-editor\" data-id=\"50e6c161\" data-element_type=\"widget\" data-e-type=\"widget\" data-widget_type=\"text-editor.default\">\n\t\t\t\t<div class=\"elementor-widget-container\">\n\t\t\t\t\t\t\t\t\t<p>To oznaczenie turystyczne posiadaj\u0105 dobrze utrzymane i odpowiednio oznakowane szlaki do w\u0119dr\u00f3wek pieszych, trekkingu oraz bieg\u00f3w prze\u0142ajowych. Szlaki te dostarczaj\u0105 wielbicielom przyrody wielu wra\u017ce\u0144, a zarazem mo\u017cliwo\u015bci za\u017cycia aktywno\u015bci fizycznej w naturalnym, rolniczym oraz kulturowym krajobrazie. Go\u015bcie b\u0119d\u0105 mogli odkry\u0107 naturalne pi\u0119kno Cypru w aktywny i autentyczny spos\u00f3b, spotykaj\u0105c lokalnych mieszka\u0144c\u00f3w, wchodz\u0105c w bliski kontakt z flor\u0105 i faun\u0105 wyspy, geologi\u0105, kultur\u0105 oraz gastronomi\u0105, czy te\u017c do\u015bwiadczaj\u0105c urok\u00f3w \u017cycia cypryjskiej wsi. S\u0142uchaj\u0105c szumu wiatru oraz d\u017awi\u0119k\u00f3w natury, docieramy do pi\u0119knych punkt\u00f3w widokowych oraz geologicznych formacji, atrakcji kulturalnych oraz wiejskich krajobraz\u00f3w, gdzie szanowane i chronione jest naturalne i historyczne otoczenie.<\/p>\n\t\t\t\t\t\t\t\t<\/div>\n\t\t\t\t<\/div>\n\t\t\t\t<div class=\"elementor-element elementor-element-5eb46e3e elementor-widget elementor-widget-image\" data-id=\"5eb46e3e\" data-element_type=\"widget\" data-e-type=\"widget\" data-widget_type=\"image.default\">\n\t\t\t\t<div class=\"elementor-widget-container\">\n\t\t\t\t\t\t\t\t\t\t\t\t\t\t\t<img decoding=\"async\" width=\"184\" height=\"184\" src=\"https:\/\/www.visitcyprus.com\/wp-content\/uploads\/2024\/04\/NATURE-TRAILS_eng-1.png\" class=\"attachment-large size-large wp-image-269236\" alt=\"\" srcset=\"https:\/\/www.visitcyprus.com\/wp-content\/uploads\/2024\/04\/NATURE-TRAILS_eng-1.png 184w, https:\/\/www.visitcyprus.com\/wp-content\/uploads\/2024\/04\/NATURE-TRAILS_eng-1-150x150.png 150w\" sizes=\"(max-width: 184px) 100vw, 184px\" \/>\t\t\t\t\t\t\t\t\t\t\t\t\t\t\t<\/div>\n\t\t\t\t<\/div>\n\t\t\t\t\t<\/div>\n\t\t\t\t<\/div>\n\t\t\t\t<div class=\"elementor-element elementor-element-550f0f9e elementor-tablet-align-center elementor-widget elementor-widget-button\" data-id=\"550f0f9e\" data-element_type=\"widget\" data-e-type=\"widget\" data-widget_type=\"button.default\">\n\t\t\t\t<div class=\"elementor-widget-container\">\n\t\t\t\t\t\t\t\t\t<div class=\"elementor-button-wrapper\">\n\t\t\t\t\t<a class=\"elementor-button elementor-button-link elementor-size-sm\" href=\"https:\/\/www.visitcyprus.com\/pl\/pl-discover-cyprus\/pl-routes-pl-discover-cyprus\/routes-nature-trails-pl\/\" target=\"_blank\">\n\t\t\t\t\t\t<span class=\"elementor-button-content-wrapper\">\n\t\t\t\t\t\t\t\t\t<span class=\"elementor-button-text\">WI\u0118CEJ INFORMACJI<\/span>\n\t\t\t\t\t<\/span>\n\t\t\t\t\t<\/a>\n\t\t\t\t<\/div>\n\t\t\t\t\t\t\t\t<\/div>\n\t\t\t\t<\/div>\n\t\t<div class=\"elementor-element elementor-element-7d85c70 e-con-full elementor-hidden-desktop e-flex e-con e-child\" data-id=\"7d85c70\" data-element_type=\"container\" data-e-type=\"container\" data-settings=\"{&quot;background_background&quot;:&quot;classic&quot;}\">\n\t\t\t\t<div class=\"elementor-element elementor-element-dbb83b5 elementor-widget elementor-widget-heading\" data-id=\"dbb83b5\" data-element_type=\"widget\" data-e-type=\"widget\" data-widget_type=\"heading.default\">\n\t\t\t\t<div class=\"elementor-widget-container\">\n\t\t\t\t\t<h2 class=\"elementor-heading-title elementor-size-default\">Labels of Cyprus<\/h2>\t\t\t\t<\/div>\n\t\t\t\t<\/div>\n\t\t\t\t<div class=\"elementor-element elementor-element-7b0efa3f elementor-align-start underlined-links cyprus-labels-links elementor-icon-list--layout-traditional elementor-list-item-link-full_width elementor-widget elementor-widget-global elementor-global-382584 elementor-global-269093 elementor-widget-icon-list\" data-id=\"7b0efa3f\" data-element_type=\"widget\" data-e-type=\"widget\" data-widget_type=\"icon-list.default\">\n\t\t\t\t<div class=\"elementor-widget-container\">\n\t\t\t\t\t\t\t<ul class=\"elementor-icon-list-items\">\n\t\t\t\t\t\t\t<li class=\"elementor-icon-list-item\">\n\t\t\t\t\t\t\t\t\t\t\t<a href=\"https:\/\/www.visitcyprus.com\/pl\/destination-labels\/\">\n\n\t\t\t\t\t\t\t\t\t\t\t<span class=\"elementor-icon-list-text\">Wprowadzenie<\/span>\n\t\t\t\t\t\t\t\t\t\t\t<\/a>\n\t\t\t\t\t\t\t\t\t<\/li>\n\t\t\t\t\t\t\t\t<li class=\"elementor-icon-list-item\">\n\t\t\t\t\t\t\t\t\t\t\t<a href=\"https:\/\/www.visitcyprus.com\/heartland-of-legends-route\/\">\n\n\t\t\t\t\t\t\t\t\t\t\t<span class=\"elementor-icon-list-text\">Szlak do Serca Cypru<\/span>\n\t\t\t\t\t\t\t\t\t\t\t<\/a>\n\t\t\t\t\t\t\t\t\t<\/li>\n\t\t\t\t\t\t\t\t<li class=\"elementor-icon-list-item\">\n\t\t\t\t\t\t\t\t\t\t\t<a href=\"https:\/\/www.visitcyprus.com\/commandaria-route\/\">\n\n\t\t\t\t\t\t\t\t\t\t\t<span class=\"elementor-icon-list-text\">Commandaria<\/span>\n\t\t\t\t\t\t\t\t\t\t\t<\/a>\n\t\t\t\t\t\t\t\t\t<\/li>\n\t\t\t\t\t\t\t\t<li class=\"elementor-icon-list-item\">\n\t\t\t\t\t\t\t\t\t\t\t<a href=\"https:\/\/www.visitcyprus.com\/cyprus-breakfast\/\">\n\n\t\t\t\t\t\t\t\t\t\t\t<span class=\"elementor-icon-list-text\">Cypryjskie \u015aniadania<\/span>\n\t\t\t\t\t\t\t\t\t\t\t<\/a>\n\t\t\t\t\t\t\t\t\t<\/li>\n\t\t\t\t\t\t\t\t<li class=\"elementor-icon-list-item\">\n\t\t\t\t\t\t\t\t\t\t\t<a href=\"https:\/\/www.visitcyprus.com\/taste-cyprus-delightful-journeys\/\">\n\n\t\t\t\t\t\t\t\t\t\t\t<span class=\"elementor-icon-list-text\">Rozsmakuj si\u0119 w Cyprze<\/span>\n\t\t\t\t\t\t\t\t\t\t\t<\/a>\n\t\t\t\t\t\t\t\t\t<\/li>\n\t\t\t\t\t\t\t\t<li class=\"elementor-icon-list-item\">\n\t\t\t\t\t\t\t\t\t\t\t<a href=\"https:\/\/www.visitcyprus.com\/wine-routes\/\">\n\n\t\t\t\t\t\t\t\t\t\t\t<span class=\"elementor-icon-list-text\">Szlakiem Cypryjskich Winnic<\/span>\n\t\t\t\t\t\t\t\t\t\t\t<\/a>\n\t\t\t\t\t\t\t\t\t<\/li>\n\t\t\t\t\t\t\t\t<li class=\"elementor-icon-list-item\">\n\t\t\t\t\t\t\t\t\t\t\t<a href=\"https:\/\/www.visitcyprus.com\/cyprus-convention-bureau\/\">\n\n\t\t\t\t\t\t\t\t\t\t\t<span class=\"elementor-icon-list-text\">Cyprus Convention Bureau<\/span>\n\t\t\t\t\t\t\t\t\t\t\t<\/a>\n\t\t\t\t\t\t\t\t\t<\/li>\n\t\t\t\t\t\t\t\t<li class=\"elementor-icon-list-item\">\n\t\t\t\t\t\t\t\t\t\t\t<a href=\"https:\/\/www.visitcyprus.com\/colourful-villages-of-cyprus\/\">\n\n\t\t\t\t\t\t\t\t\t\t\t<span class=\"elementor-icon-list-text\">Barwne Wioski Cypryjskie<\/span>\n\t\t\t\t\t\t\t\t\t\t\t<\/a>\n\t\t\t\t\t\t\t\t\t<\/li>\n\t\t\t\t\t\t\t\t<li class=\"elementor-icon-list-item\">\n\t\t\t\t\t\t\t\t\t\t\t<a href=\"https:\/\/www.visitcyprus.com\/christmas-villages-of-cyprus\/\">\n\n\t\t\t\t\t\t\t\t\t\t\t<span class=\"elementor-icon-list-text\">Jarmarki Bo\u017conarodzeniowe<\/span>\n\t\t\t\t\t\t\t\t\t\t\t<\/a>\n\t\t\t\t\t\t\t\t\t<\/li>\n\t\t\t\t\t\t\t\t<li class=\"elementor-icon-list-item\">\n\t\t\t\t\t\t\t\t\t\t\t<a href=\"https:\/\/www.visitcyprus.com\/cyprus-nature-trails\/\">\n\n\t\t\t\t\t\t\t\t\t\t\t<span class=\"elementor-icon-list-text\">Szlaki Przyrodnicze na Cyprze<\/span>\n\t\t\t\t\t\t\t\t\t\t\t<\/a>\n\t\t\t\t\t\t\t\t\t<\/li>\n\t\t\t\t\t\t\t\t<li class=\"elementor-icon-list-item\">\n\t\t\t\t\t\t\t\t\t\t\t<a href=\"https:\/\/www.visitcyprus.com\/troodos-geopark\/\">\n\n\t\t\t\t\t\t\t\t\t\t\t<span class=\"elementor-icon-list-text\">Troodos Geopark<\/span>\n\t\t\t\t\t\t\t\t\t\t\t<\/a>\n\t\t\t\t\t\t\t\t\t<\/li>\n\t\t\t\t\t\t\t\t<li class=\"elementor-icon-list-item\">\n\t\t\t\t\t\t\t\t\t\t\t<a href=\"https:\/\/www.visitcyprus.com\/blue-flags\/\">\n\n\t\t\t\t\t\t\t\t\t\t\t<span class=\"elementor-icon-list-text\">B\u0142\u0119kitne Flagi<\/span>\n\t\t\t\t\t\t\t\t\t\t\t<\/a>\n\t\t\t\t\t\t\t\t\t<\/li>\n\t\t\t\t\t\t\t\t<li class=\"elementor-icon-list-item\">\n\t\t\t\t\t\t\t\t\t\t\t<a href=\"https:\/\/www.visitcyprus.com\/theme-parks-of-cyprus\/\">\n\n\t\t\t\t\t\t\t\t\t\t\t<span class=\"elementor-icon-list-text\">Cypryjskie Parki Tematyczne<\/span>\n\t\t\t\t\t\t\t\t\t\t\t<\/a>\n\t\t\t\t\t\t\t\t\t<\/li>\n\t\t\t\t\t\t\t\t<li class=\"elementor-icon-list-item\">\n\t\t\t\t\t\t\t\t\t\t\t<a href=\"https:\/\/www.visitcyprus.com\/vegan-friendly\/\">\n\n\t\t\t\t\t\t\t\t\t\t\t<span class=\"elementor-icon-list-text\">Przyjazny dla Wegan<\/span>\n\t\t\t\t\t\t\t\t\t\t\t<\/a>\n\t\t\t\t\t\t\t\t\t<\/li>\n\t\t\t\t\t\t<\/ul>\n\t\t\t\t\t\t<\/div>\n\t\t\t\t<\/div>\n\t\t\t\t<\/div>\n\t\t\t\t<\/div>\n\t\t<div class=\"elementor-element elementor-element-1a59a358 e-con-full elementor-hidden-tablet elementor-hidden-mobile e-flex e-con e-child\" data-id=\"1a59a358\" data-element_type=\"container\" data-e-type=\"container\" data-settings=\"{&quot;background_background&quot;:&quot;classic&quot;}\">\n\t\t\t\t<div class=\"elementor-element elementor-element-12ce1125 elementor-widget elementor-widget-heading\" data-id=\"12ce1125\" data-element_type=\"widget\" data-e-type=\"widget\" data-widget_type=\"heading.default\">\n\t\t\t\t<div class=\"elementor-widget-container\">\n\t\t\t\t\t<h2 class=\"elementor-heading-title elementor-size-default\">Labels of Cyprus<\/h2>\t\t\t\t<\/div>\n\t\t\t\t<\/div>\n\t\t\t\t<div class=\"elementor-element elementor-element-10c80f6 elementor-align-start underlined-links cyprus-labels-links elementor-icon-list--layout-traditional elementor-list-item-link-full_width elementor-widget elementor-widget-global elementor-global-382584 elementor-global-269093 elementor-widget-icon-list\" data-id=\"10c80f6\" data-element_type=\"widget\" data-e-type=\"widget\" data-widget_type=\"icon-list.default\">\n\t\t\t\t<div class=\"elementor-widget-container\">\n\t\t\t\t\t\t\t<ul class=\"elementor-icon-list-items\">\n\t\t\t\t\t\t\t<li class=\"elementor-icon-list-item\">\n\t\t\t\t\t\t\t\t\t\t\t<a href=\"https:\/\/www.visitcyprus.com\/pl\/destination-labels\/\">\n\n\t\t\t\t\t\t\t\t\t\t\t<span class=\"elementor-icon-list-text\">Wprowadzenie<\/span>\n\t\t\t\t\t\t\t\t\t\t\t<\/a>\n\t\t\t\t\t\t\t\t\t<\/li>\n\t\t\t\t\t\t\t\t<li class=\"elementor-icon-list-item\">\n\t\t\t\t\t\t\t\t\t\t\t<a href=\"https:\/\/www.visitcyprus.com\/heartland-of-legends-route\/\">\n\n\t\t\t\t\t\t\t\t\t\t\t<span class=\"elementor-icon-list-text\">Szlak do Serca Cypru<\/span>\n\t\t\t\t\t\t\t\t\t\t\t<\/a>\n\t\t\t\t\t\t\t\t\t<\/li>\n\t\t\t\t\t\t\t\t<li class=\"elementor-icon-list-item\">\n\t\t\t\t\t\t\t\t\t\t\t<a href=\"https:\/\/www.visitcyprus.com\/commandaria-route\/\">\n\n\t\t\t\t\t\t\t\t\t\t\t<span class=\"elementor-icon-list-text\">Commandaria<\/span>\n\t\t\t\t\t\t\t\t\t\t\t<\/a>\n\t\t\t\t\t\t\t\t\t<\/li>\n\t\t\t\t\t\t\t\t<li class=\"elementor-icon-list-item\">\n\t\t\t\t\t\t\t\t\t\t\t<a href=\"https:\/\/www.visitcyprus.com\/cyprus-breakfast\/\">\n\n\t\t\t\t\t\t\t\t\t\t\t<span class=\"elementor-icon-list-text\">Cypryjskie \u015aniadania<\/span>\n\t\t\t\t\t\t\t\t\t\t\t<\/a>\n\t\t\t\t\t\t\t\t\t<\/li>\n\t\t\t\t\t\t\t\t<li class=\"elementor-icon-list-item\">\n\t\t\t\t\t\t\t\t\t\t\t<a href=\"https:\/\/www.visitcyprus.com\/taste-cyprus-delightful-journeys\/\">\n\n\t\t\t\t\t\t\t\t\t\t\t<span class=\"elementor-icon-list-text\">Rozsmakuj si\u0119 w Cyprze<\/span>\n\t\t\t\t\t\t\t\t\t\t\t<\/a>\n\t\t\t\t\t\t\t\t\t<\/li>\n\t\t\t\t\t\t\t\t<li class=\"elementor-icon-list-item\">\n\t\t\t\t\t\t\t\t\t\t\t<a href=\"https:\/\/www.visitcyprus.com\/wine-routes\/\">\n\n\t\t\t\t\t\t\t\t\t\t\t<span class=\"elementor-icon-list-text\">Szlakiem Cypryjskich Winnic<\/span>\n\t\t\t\t\t\t\t\t\t\t\t<\/a>\n\t\t\t\t\t\t\t\t\t<\/li>\n\t\t\t\t\t\t\t\t<li class=\"elementor-icon-list-item\">\n\t\t\t\t\t\t\t\t\t\t\t<a href=\"https:\/\/www.visitcyprus.com\/cyprus-convention-bureau\/\">\n\n\t\t\t\t\t\t\t\t\t\t\t<span class=\"elementor-icon-list-text\">Cyprus Convention Bureau<\/span>\n\t\t\t\t\t\t\t\t\t\t\t<\/a>\n\t\t\t\t\t\t\t\t\t<\/li>\n\t\t\t\t\t\t\t\t<li class=\"elementor-icon-list-item\">\n\t\t\t\t\t\t\t\t\t\t\t<a href=\"https:\/\/www.visitcyprus.com\/colourful-villages-of-cyprus\/\">\n\n\t\t\t\t\t\t\t\t\t\t\t<span class=\"elementor-icon-list-text\">Barwne Wioski Cypryjskie<\/span>\n\t\t\t\t\t\t\t\t\t\t\t<\/a>\n\t\t\t\t\t\t\t\t\t<\/li>\n\t\t\t\t\t\t\t\t<li class=\"elementor-icon-list-item\">\n\t\t\t\t\t\t\t\t\t\t\t<a href=\"https:\/\/www.visitcyprus.com\/christmas-villages-of-cyprus\/\">\n\n\t\t\t\t\t\t\t\t\t\t\t<span class=\"elementor-icon-list-text\">Jarmarki Bo\u017conarodzeniowe<\/span>\n\t\t\t\t\t\t\t\t\t\t\t<\/a>\n\t\t\t\t\t\t\t\t\t<\/li>\n\t\t\t\t\t\t\t\t<li class=\"elementor-icon-list-item\">\n\t\t\t\t\t\t\t\t\t\t\t<a href=\"https:\/\/www.visitcyprus.com\/cyprus-nature-trails\/\">\n\n\t\t\t\t\t\t\t\t\t\t\t<span class=\"elementor-icon-list-text\">Szlaki Przyrodnicze na Cyprze<\/span>\n\t\t\t\t\t\t\t\t\t\t\t<\/a>\n\t\t\t\t\t\t\t\t\t<\/li>\n\t\t\t\t\t\t\t\t<li class=\"elementor-icon-list-item\">\n\t\t\t\t\t\t\t\t\t\t\t<a href=\"https:\/\/www.visitcyprus.com\/troodos-geopark\/\">\n\n\t\t\t\t\t\t\t\t\t\t\t<span class=\"elementor-icon-list-text\">Troodos Geopark<\/span>\n\t\t\t\t\t\t\t\t\t\t\t<\/a>\n\t\t\t\t\t\t\t\t\t<\/li>\n\t\t\t\t\t\t\t\t<li class=\"elementor-icon-list-item\">\n\t\t\t\t\t\t\t\t\t\t\t<a href=\"https:\/\/www.visitcyprus.com\/blue-flags\/\">\n\n\t\t\t\t\t\t\t\t\t\t\t<span class=\"elementor-icon-list-text\">B\u0142\u0119kitne Flagi<\/span>\n\t\t\t\t\t\t\t\t\t\t\t<\/a>\n\t\t\t\t\t\t\t\t\t<\/li>\n\t\t\t\t\t\t\t\t<li class=\"elementor-icon-list-item\">\n\t\t\t\t\t\t\t\t\t\t\t<a href=\"https:\/\/www.visitcyprus.com\/theme-parks-of-cyprus\/\">\n\n\t\t\t\t\t\t\t\t\t\t\t<span class=\"elementor-icon-list-text\">Cypryjskie Parki Tematyczne<\/span>\n\t\t\t\t\t\t\t\t\t\t\t<\/a>\n\t\t\t\t\t\t\t\t\t<\/li>\n\t\t\t\t\t\t\t\t<li class=\"elementor-icon-list-item\">\n\t\t\t\t\t\t\t\t\t\t\t<a href=\"https:\/\/www.visitcyprus.com\/vegan-friendly\/\">\n\n\t\t\t\t\t\t\t\t\t\t\t<span class=\"elementor-icon-list-text\">Przyjazny dla Wegan<\/span>\n\t\t\t\t\t\t\t\t\t\t\t<\/a>\n\t\t\t\t\t\t\t\t\t<\/li>\n\t\t\t\t\t\t<\/ul>\n\t\t\t\t\t\t<\/div>\n\t\t\t\t<\/div>\n\t\t\t\t<\/div>\n\t\t\t\t<\/div>\n\t\t\t\t<\/div>\n\t\t","protected":false},"excerpt":{"rendered":"<p>szlaki przyrodnicze na cyprze To oznaczenie turystyczne posiadaj\u0105 dobrze utrzymane i odpowiednio oznakowane szlaki do w\u0119dr\u00f3wek pieszych, trekkingu oraz bieg\u00f3w prze\u0142ajowych. Szlaki te dostarczaj\u0105 wielbicielom przyrody wielu wra\u017ce\u0144, a zarazem [&hellip;]<\/p>\n","protected":false},"author":1,"featured_media":0,"parent":0,"menu_order":0,"comment_status":"closed","ping_status":"closed","template":"","meta":{"_acf_changed":false,"footnotes":""},"class_list":["post-557630","page","type-page","status-publish","hentry"],"acf":[],"yoast_head":"<!-- This site is optimized with the Yoast SEO plugin v27.4 - https:\/\/yoast.com\/product\/yoast-seo-wordpress\/ -->\n<title>szlaki przyrodnicze na cyprze - Visit Cyprus<\/title>\n<meta name=\"robots\" content=\"index, follow, max-snippet:-1, max-image-preview:large, max-video-preview:-1\" \/>\n<link rel=\"canonical\" href=\"https:\/\/www.visitcyprus.com\/pl\/cyprus-nature-trails\/\" \/>\n<meta property=\"og:locale\" content=\"pl_PL\" \/>\n<meta property=\"og:type\" content=\"article\" \/>\n<meta property=\"og:title\" content=\"szlaki przyrodnicze na cyprze - Visit Cyprus\" \/>\n<meta property=\"og:description\" content=\"szlaki przyrodnicze na cyprze To oznaczenie turystyczne posiadaj\u0105 dobrze utrzymane i odpowiednio oznakowane szlaki do w\u0119dr\u00f3wek pieszych, trekkingu oraz bieg\u00f3w prze\u0142ajowych. Szlaki te dostarczaj\u0105 wielbicielom przyrody wielu wra\u017ce\u0144, a zarazem [&hellip;]\" \/>\n<meta property=\"og:url\" content=\"https:\/\/www.visitcyprus.com\/pl\/cyprus-nature-trails\/\" \/>\n<meta property=\"og:site_name\" content=\"Visit Cyprus\" \/>\n<meta property=\"article:publisher\" content=\"https:\/\/www.facebook.com\/VisitCyprus.cy\/\" \/>\n<meta property=\"article:modified_time\" content=\"2024-09-26T10:56:38+00:00\" \/>\n<meta property=\"og:image\" content=\"https:\/\/www.visitcyprus.com\/wp-content\/uploads\/2024\/04\/NATURE-TRAILS_eng-1.png\" \/>\n<meta name=\"twitter:card\" content=\"summary_large_image\" \/>\n<meta name=\"twitter:site\" content=\"@visitcyprus\" \/>\n<meta name=\"twitter:label1\" content=\"Est. reading time\" \/>\n\t<meta name=\"twitter:data1\" content=\"1 minute\" \/>\n<script type=\"application\/ld+json\" class=\"yoast-schema-graph\">{\"@context\":\"https:\\\/\\\/schema.org\",\"@graph\":[{\"@type\":\"WebPage\",\"@id\":\"https:\\\/\\\/www.visitcyprus.com\\\/pl\\\/cyprus-nature-trails\\\/\",\"url\":\"https:\\\/\\\/www.visitcyprus.com\\\/pl\\\/cyprus-nature-trails\\\/\",\"name\":\"szlaki przyrodnicze na cyprze - Visit Cyprus\",\"isPartOf\":{\"@id\":\"https:\\\/\\\/www.visitcyprus.com\\\/pl\\\/#website\"},\"primaryImageOfPage\":{\"@id\":\"https:\\\/\\\/www.visitcyprus.com\\\/pl\\\/cyprus-nature-trails\\\/#primaryimage\"},\"image\":{\"@id\":\"https:\\\/\\\/www.visitcyprus.com\\\/pl\\\/cyprus-nature-trails\\\/#primaryimage\"},\"thumbnailUrl\":\"https:\\\/\\\/www.visitcyprus.com\\\/wp-content\\\/uploads\\\/2024\\\/04\\\/NATURE-TRAILS_eng-1.png\",\"datePublished\":\"2024-04-27T17:32:01+00:00\",\"dateModified\":\"2024-09-26T10:56:38+00:00\",\"breadcrumb\":{\"@id\":\"https:\\\/\\\/www.visitcyprus.com\\\/pl\\\/cyprus-nature-trails\\\/#breadcrumb\"},\"inLanguage\":\"pl-PL\",\"potentialAction\":[{\"@type\":\"ReadAction\",\"target\":[\"https:\\\/\\\/www.visitcyprus.com\\\/pl\\\/cyprus-nature-trails\\\/\"]}]},{\"@type\":\"ImageObject\",\"inLanguage\":\"pl-PL\",\"@id\":\"https:\\\/\\\/www.visitcyprus.com\\\/pl\\\/cyprus-nature-trails\\\/#primaryimage\",\"url\":\"https:\\\/\\\/www.visitcyprus.com\\\/wp-content\\\/uploads\\\/2024\\\/04\\\/NATURE-TRAILS_eng-1.png\",\"contentUrl\":\"https:\\\/\\\/www.visitcyprus.com\\\/wp-content\\\/uploads\\\/2024\\\/04\\\/NATURE-TRAILS_eng-1.png\"},{\"@type\":\"BreadcrumbList\",\"@id\":\"https:\\\/\\\/www.visitcyprus.com\\\/pl\\\/cyprus-nature-trails\\\/#breadcrumb\",\"itemListElement\":[{\"@type\":\"ListItem\",\"position\":1,\"name\":\"Home\",\"item\":\"https:\\\/\\\/www.visitcyprus.com\\\/pl\\\/\"},{\"@type\":\"ListItem\",\"position\":2,\"name\":\"szlaki przyrodnicze na cyprze\"}]},{\"@type\":\"WebSite\",\"@id\":\"https:\\\/\\\/www.visitcyprus.com\\\/pl\\\/#website\",\"url\":\"https:\\\/\\\/www.visitcyprus.com\\\/pl\\\/\",\"name\":\"Visit Cyprus\",\"description\":\"\",\"publisher\":{\"@id\":\"https:\\\/\\\/www.visitcyprus.com\\\/pl\\\/#organization\"},\"potentialAction\":[{\"@type\":\"SearchAction\",\"target\":{\"@type\":\"EntryPoint\",\"urlTemplate\":\"https:\\\/\\\/www.visitcyprus.com\\\/pl\\\/?s={search_term_string}\"},\"query-input\":{\"@type\":\"PropertyValueSpecification\",\"valueRequired\":true,\"valueName\":\"search_term_string\"}}],\"inLanguage\":\"pl-PL\"},{\"@type\":\"Organization\",\"@id\":\"https:\\\/\\\/www.visitcyprus.com\\\/pl\\\/#organization\",\"name\":\"Visit Cyprus\",\"url\":\"https:\\\/\\\/www.visitcyprus.com\\\/pl\\\/\",\"logo\":{\"@type\":\"ImageObject\",\"inLanguage\":\"pl-PL\",\"@id\":\"https:\\\/\\\/www.visitcyprus.com\\\/pl\\\/#\\\/schema\\\/logo\\\/image\\\/\",\"url\":\"https:\\\/\\\/www.visitcyprus.com\\\/wp-content\\\/uploads\\\/2024\\\/04\\\/visitcyprus-logo.png\",\"contentUrl\":\"https:\\\/\\\/www.visitcyprus.com\\\/wp-content\\\/uploads\\\/2024\\\/04\\\/visitcyprus-logo.png\",\"width\":89,\"height\":167,\"caption\":\"Visit Cyprus\"},\"image\":{\"@id\":\"https:\\\/\\\/www.visitcyprus.com\\\/pl\\\/#\\\/schema\\\/logo\\\/image\\\/\"},\"sameAs\":[\"https:\\\/\\\/www.facebook.com\\\/VisitCyprus.cy\\\/\",\"https:\\\/\\\/x.com\\\/visitcyprus\"]}]}<\/script>\n<!-- \/ Yoast SEO plugin. -->","yoast_head_json":{"title":"szlaki przyrodnicze na cyprze - Visit Cyprus","robots":{"index":"index","follow":"follow","max-snippet":"max-snippet:-1","max-image-preview":"max-image-preview:large","max-video-preview":"max-video-preview:-1"},"canonical":"https:\/\/www.visitcyprus.com\/pl\/cyprus-nature-trails\/","og_locale":"pl_PL","og_type":"article","og_title":"szlaki przyrodnicze na cyprze - Visit Cyprus","og_description":"szlaki przyrodnicze na cyprze To oznaczenie turystyczne posiadaj\u0105 dobrze utrzymane i odpowiednio oznakowane szlaki do w\u0119dr\u00f3wek pieszych, trekkingu oraz bieg\u00f3w prze\u0142ajowych. Szlaki te dostarczaj\u0105 wielbicielom przyrody wielu wra\u017ce\u0144, a zarazem [&hellip;]","og_url":"https:\/\/www.visitcyprus.com\/pl\/cyprus-nature-trails\/","og_site_name":"Visit Cyprus","article_publisher":"https:\/\/www.facebook.com\/VisitCyprus.cy\/","article_modified_time":"2024-09-26T10:56:38+00:00","og_image":[{"url":"https:\/\/www.visitcyprus.com\/wp-content\/uploads\/2024\/04\/NATURE-TRAILS_eng-1.png","type":"","width":"","height":""}],"twitter_card":"summary_large_image","twitter_site":"@visitcyprus","twitter_misc":{"Est. reading time":"1 minute"},"schema":{"@context":"https:\/\/schema.org","@graph":[{"@type":"WebPage","@id":"https:\/\/www.visitcyprus.com\/pl\/cyprus-nature-trails\/","url":"https:\/\/www.visitcyprus.com\/pl\/cyprus-nature-trails\/","name":"szlaki przyrodnicze na cyprze - Visit Cyprus","isPartOf":{"@id":"https:\/\/www.visitcyprus.com\/pl\/#website"},"primaryImageOfPage":{"@id":"https:\/\/www.visitcyprus.com\/pl\/cyprus-nature-trails\/#primaryimage"},"image":{"@id":"https:\/\/www.visitcyprus.com\/pl\/cyprus-nature-trails\/#primaryimage"},"thumbnailUrl":"https:\/\/www.visitcyprus.com\/wp-content\/uploads\/2024\/04\/NATURE-TRAILS_eng-1.png","datePublished":"2024-04-27T17:32:01+00:00","dateModified":"2024-09-26T10:56:38+00:00","breadcrumb":{"@id":"https:\/\/www.visitcyprus.com\/pl\/cyprus-nature-trails\/#breadcrumb"},"inLanguage":"pl-PL","potentialAction":[{"@type":"ReadAction","target":["https:\/\/www.visitcyprus.com\/pl\/cyprus-nature-trails\/"]}]},{"@type":"ImageObject","inLanguage":"pl-PL","@id":"https:\/\/www.visitcyprus.com\/pl\/cyprus-nature-trails\/#primaryimage","url":"https:\/\/www.visitcyprus.com\/wp-content\/uploads\/2024\/04\/NATURE-TRAILS_eng-1.png","contentUrl":"https:\/\/www.visitcyprus.com\/wp-content\/uploads\/2024\/04\/NATURE-TRAILS_eng-1.png"},{"@type":"BreadcrumbList","@id":"https:\/\/www.visitcyprus.com\/pl\/cyprus-nature-trails\/#breadcrumb","itemListElement":[{"@type":"ListItem","position":1,"name":"Home","item":"https:\/\/www.visitcyprus.com\/pl\/"},{"@type":"ListItem","position":2,"name":"szlaki przyrodnicze na cyprze"}]},{"@type":"WebSite","@id":"https:\/\/www.visitcyprus.com\/pl\/#website","url":"https:\/\/www.visitcyprus.com\/pl\/","name":"Visit Cyprus","description":"","publisher":{"@id":"https:\/\/www.visitcyprus.com\/pl\/#organization"},"potentialAction":[{"@type":"SearchAction","target":{"@type":"EntryPoint","urlTemplate":"https:\/\/www.visitcyprus.com\/pl\/?s={search_term_string}"},"query-input":{"@type":"PropertyValueSpecification","valueRequired":true,"valueName":"search_term_string"}}],"inLanguage":"pl-PL"},{"@type":"Organization","@id":"https:\/\/www.visitcyprus.com\/pl\/#organization","name":"Visit Cyprus","url":"https:\/\/www.visitcyprus.com\/pl\/","logo":{"@type":"ImageObject","inLanguage":"pl-PL","@id":"https:\/\/www.visitcyprus.com\/pl\/#\/schema\/logo\/image\/","url":"https:\/\/www.visitcyprus.com\/wp-content\/uploads\/2024\/04\/visitcyprus-logo.png","contentUrl":"https:\/\/www.visitcyprus.com\/wp-content\/uploads\/2024\/04\/visitcyprus-logo.png","width":89,"height":167,"caption":"Visit Cyprus"},"image":{"@id":"https:\/\/www.visitcyprus.com\/pl\/#\/schema\/logo\/image\/"},"sameAs":["https:\/\/www.facebook.com\/VisitCyprus.cy\/","https:\/\/x.com\/visitcyprus"]}]}},"_links":{"self":[{"href":"https:\/\/www.visitcyprus.com\/pl\/wp-json\/wp\/v2\/pages\/557630","targetHints":{"allow":["GET"]}}],"collection":[{"href":"https:\/\/www.visitcyprus.com\/pl\/wp-json\/wp\/v2\/pages"}],"about":[{"href":"https:\/\/www.visitcyprus.com\/pl\/wp-json\/wp\/v2\/types\/page"}],"author":[{"embeddable":true,"href":"https:\/\/www.visitcyprus.com\/pl\/wp-json\/wp\/v2\/users\/1"}],"replies":[{"embeddable":true,"href":"https:\/\/www.visitcyprus.com\/pl\/wp-json\/wp\/v2\/comments?post=557630"}],"version-history":[{"count":0,"href":"https:\/\/www.visitcyprus.com\/pl\/wp-json\/wp\/v2\/pages\/557630\/revisions"}],"wp:attachment":[{"href":"https:\/\/www.visitcyprus.com\/pl\/wp-json\/wp\/v2\/media?parent=557630"}],"curies":[{"name":"wp","href":"https:\/\/api.w.org\/{rel}","templated":true}]}}