{"id":557655,"date":"2024-04-27T17:15:09","date_gmt":"2024-04-27T17:15:09","guid":{"rendered":"https:\/\/www.visitcyprus.com\/taste-cyprus-delightful-journeys\/"},"modified":"2024-09-26T10:46:00","modified_gmt":"2024-09-26T10:46:00","slug":"taste-cyprus-delightful-journeys","status":"publish","type":"page","link":"https:\/\/www.visitcyprus.com\/pl\/taste-cyprus-delightful-journeys\/","title":{"rendered":"Rozsmakuj  Si\u0119 w Cyprze"},"content":{"rendered":"\t\t<div data-elementor-type=\"wp-page\" data-elementor-id=\"557655\" class=\"elementor elementor-557655 elementor-269141\" data-elementor-post-type=\"page\">\n\t\t\t\t<div class=\"elementor-element elementor-element-501d7678 e-con-full e-flex e-con e-parent\" data-id=\"501d7678\" data-element_type=\"container\" data-e-type=\"container\">\n\t\t<div class=\"elementor-element elementor-element-54e8dc60 e-con-full e-flex e-con e-child\" data-id=\"54e8dc60\" data-element_type=\"container\" data-e-type=\"container\" data-settings=\"{&quot;background_background&quot;:&quot;classic&quot;}\">\n\t\t\t\t<div class=\"elementor-element elementor-element-199d70ea elementor-widget elementor-widget-heading\" data-id=\"199d70ea\" data-element_type=\"widget\" data-e-type=\"widget\" data-widget_type=\"heading.default\">\n\t\t\t\t<div class=\"elementor-widget-container\">\n\t\t\t\t\t<h2 class=\"elementor-heading-title elementor-size-default\">Rozsmakuj  Si\u0119 w Cyprze<\/h2>\t\t\t\t<\/div>\n\t\t\t\t<\/div>\n\t\t\t\t<\/div>\n\t\t\t\t<\/div>\n\t\t<div class=\"elementor-element elementor-element-2bd4bed1 e-con-full e-flex e-con e-parent\" data-id=\"2bd4bed1\" data-element_type=\"container\" data-e-type=\"container\">\n\t\t\t\t<div class=\"elementor-element elementor-element-5beebfde elementor-widget elementor-widget-breadcrumbs\" data-id=\"5beebfde\" data-element_type=\"widget\" data-e-type=\"widget\" data-widget_type=\"breadcrumbs.default\">\n\t\t\t\t<div class=\"elementor-widget-container\">\n\t\t\t\t\t<p id=\"breadcrumbs\">\tYou are here:\n<span><span><a href=\"https:\/\/www.visitcyprus.com\/pl\/\">Home<\/a><\/span><\/span><\/p>\t\t\t\t<\/div>\n\t\t\t\t<\/div>\n\t\t\t\t<\/div>\n\t\t<div class=\"elementor-element elementor-element-56fb3096 e-con-full e-flex e-con e-parent\" data-id=\"56fb3096\" data-element_type=\"container\" data-e-type=\"container\">\n\t\t<div class=\"elementor-element elementor-element-1dd6241b e-con-full e-flex e-con e-child\" data-id=\"1dd6241b\" data-element_type=\"container\" data-e-type=\"container\">\n\t\t<div class=\"elementor-element elementor-element-87f0534 e-flex e-con-boxed e-con e-child\" data-id=\"87f0534\" data-element_type=\"container\" data-e-type=\"container\">\n\t\t\t\t\t<div class=\"e-con-inner\">\n\t\t\t\t<div class=\"elementor-element elementor-element-55b3ccd8 elementor-widget__width-initial elementor-widget elementor-widget-text-editor\" data-id=\"55b3ccd8\" data-element_type=\"widget\" data-e-type=\"widget\" data-widget_type=\"text-editor.default\">\n\t\t\t\t<div class=\"elementor-widget-container\">\n\t\t\t\t\t\t\t\t\t<p>Oznaczenie \u201eRozsmakuj si\u0119 w Cyprze\u201d potwierdza otrzymanie nagrody i spe\u0142nienie uprzednio ustanowionych kryteri\u00f3w zwi\u0105zanych z cypryjskimi standardami gastronomicznymi. Firmy, kt\u00f3re chc\u0105 si\u0119 sta\u0107 ambasadorami cypryjskiej to\u017csamo\u015bci gastronomicznej, takie jak restauracje, gastronomia hotelowa, agroturystyka, ma\u0142e przedsi\u0119biorstwa produkuj\u0105ce lokalne produkty oraz ich detaliczni sprzedawcy, je\u017celi spe\u0142niaj\u0105 wyznaczone standardy mog\u0105 wyst\u0105pi\u0107 z wnioskiem o uzyskanie tego oznaczenia.<\/p>\n\t\t\t\t\t\t\t\t<\/div>\n\t\t\t\t<\/div>\n\t\t\t\t<div class=\"elementor-element elementor-element-7acbf32b elementor-widget elementor-widget-image\" data-id=\"7acbf32b\" data-element_type=\"widget\" data-e-type=\"widget\" data-widget_type=\"image.default\">\n\t\t\t\t<div class=\"elementor-widget-container\">\n\t\t\t\t\t\t\t\t\t\t\t\t\t\t\t<img decoding=\"async\" width=\"191\" height=\"236\" src=\"https:\/\/www.visitcyprus.com\/wp-content\/uploads\/2024\/04\/TASTE_LOGO-1.png\" class=\"attachment-large size-large wp-image-269154\" alt=\"\" \/>\t\t\t\t\t\t\t\t\t\t\t\t\t\t\t<\/div>\n\t\t\t\t<\/div>\n\t\t\t\t\t<\/div>\n\t\t\t\t<\/div>\n\t\t\t\t<div class=\"elementor-element elementor-element-3324af00 elementor-tablet-align-center elementor-widget elementor-widget-button\" data-id=\"3324af00\" data-element_type=\"widget\" data-e-type=\"widget\" data-widget_type=\"button.default\">\n\t\t\t\t<div class=\"elementor-widget-container\">\n\t\t\t\t\t\t\t\t\t<div class=\"elementor-button-wrapper\">\n\t\t\t\t\t<a class=\"elementor-button elementor-button-link elementor-size-sm\" href=\"https:\/\/tastecyprus.com.cy\/en\/delightful-cyprus-en\/\" target=\"_blank\">\n\t\t\t\t\t\t<span class=\"elementor-button-content-wrapper\">\n\t\t\t\t\t\t\t\t\t<span class=\"elementor-button-text\">WI\u0118CEJ INFORMACJI<\/span>\n\t\t\t\t\t<\/span>\n\t\t\t\t\t<\/a>\n\t\t\t\t<\/div>\n\t\t\t\t\t\t\t\t<\/div>\n\t\t\t\t<\/div>\n\t\t<div class=\"elementor-element elementor-element-2b2ca57e e-con-full elementor-hidden-desktop e-flex e-con e-child\" data-id=\"2b2ca57e\" data-element_type=\"container\" data-e-type=\"container\" data-settings=\"{&quot;background_background&quot;:&quot;classic&quot;}\">\n\t\t\t\t<div class=\"elementor-element elementor-element-799111af elementor-widget elementor-widget-heading\" data-id=\"799111af\" data-element_type=\"widget\" data-e-type=\"widget\" data-widget_type=\"heading.default\">\n\t\t\t\t<div class=\"elementor-widget-container\">\n\t\t\t\t\t<h2 class=\"elementor-heading-title elementor-size-default\">Labels of Cyprus<\/h2>\t\t\t\t<\/div>\n\t\t\t\t<\/div>\n\t\t\t\t<div class=\"elementor-element elementor-element-47aae001 elementor-align-start underlined-links cyprus-labels-links elementor-icon-list--layout-traditional elementor-list-item-link-full_width elementor-widget elementor-widget-global elementor-global-382584 elementor-global-269093 elementor-widget-icon-list\" data-id=\"47aae001\" data-element_type=\"widget\" data-e-type=\"widget\" data-widget_type=\"icon-list.default\">\n\t\t\t\t<div class=\"elementor-widget-container\">\n\t\t\t\t\t\t\t<ul class=\"elementor-icon-list-items\">\n\t\t\t\t\t\t\t<li class=\"elementor-icon-list-item\">\n\t\t\t\t\t\t\t\t\t\t\t<a href=\"https:\/\/www.visitcyprus.com\/pl\/destination-labels\/\">\n\n\t\t\t\t\t\t\t\t\t\t\t<span class=\"elementor-icon-list-text\">Wprowadzenie<\/span>\n\t\t\t\t\t\t\t\t\t\t\t<\/a>\n\t\t\t\t\t\t\t\t\t<\/li>\n\t\t\t\t\t\t\t\t<li class=\"elementor-icon-list-item\">\n\t\t\t\t\t\t\t\t\t\t\t<a href=\"https:\/\/www.visitcyprus.com\/heartland-of-legends-route\/\">\n\n\t\t\t\t\t\t\t\t\t\t\t<span class=\"elementor-icon-list-text\">Szlak do Serca Cypru<\/span>\n\t\t\t\t\t\t\t\t\t\t\t<\/a>\n\t\t\t\t\t\t\t\t\t<\/li>\n\t\t\t\t\t\t\t\t<li class=\"elementor-icon-list-item\">\n\t\t\t\t\t\t\t\t\t\t\t<a href=\"https:\/\/www.visitcyprus.com\/commandaria-route\/\">\n\n\t\t\t\t\t\t\t\t\t\t\t<span class=\"elementor-icon-list-text\">Commandaria<\/span>\n\t\t\t\t\t\t\t\t\t\t\t<\/a>\n\t\t\t\t\t\t\t\t\t<\/li>\n\t\t\t\t\t\t\t\t<li class=\"elementor-icon-list-item\">\n\t\t\t\t\t\t\t\t\t\t\t<a href=\"https:\/\/www.visitcyprus.com\/cyprus-breakfast\/\">\n\n\t\t\t\t\t\t\t\t\t\t\t<span class=\"elementor-icon-list-text\">Cypryjskie \u015aniadania<\/span>\n\t\t\t\t\t\t\t\t\t\t\t<\/a>\n\t\t\t\t\t\t\t\t\t<\/li>\n\t\t\t\t\t\t\t\t<li class=\"elementor-icon-list-item\">\n\t\t\t\t\t\t\t\t\t\t\t<a href=\"https:\/\/www.visitcyprus.com\/taste-cyprus-delightful-journeys\/\">\n\n\t\t\t\t\t\t\t\t\t\t\t<span class=\"elementor-icon-list-text\">Rozsmakuj si\u0119 w Cyprze<\/span>\n\t\t\t\t\t\t\t\t\t\t\t<\/a>\n\t\t\t\t\t\t\t\t\t<\/li>\n\t\t\t\t\t\t\t\t<li class=\"elementor-icon-list-item\">\n\t\t\t\t\t\t\t\t\t\t\t<a href=\"https:\/\/www.visitcyprus.com\/wine-routes\/\">\n\n\t\t\t\t\t\t\t\t\t\t\t<span class=\"elementor-icon-list-text\">Szlakiem Cypryjskich Winnic<\/span>\n\t\t\t\t\t\t\t\t\t\t\t<\/a>\n\t\t\t\t\t\t\t\t\t<\/li>\n\t\t\t\t\t\t\t\t<li class=\"elementor-icon-list-item\">\n\t\t\t\t\t\t\t\t\t\t\t<a href=\"https:\/\/www.visitcyprus.com\/cyprus-convention-bureau\/\">\n\n\t\t\t\t\t\t\t\t\t\t\t<span class=\"elementor-icon-list-text\">Cyprus Convention Bureau<\/span>\n\t\t\t\t\t\t\t\t\t\t\t<\/a>\n\t\t\t\t\t\t\t\t\t<\/li>\n\t\t\t\t\t\t\t\t<li class=\"elementor-icon-list-item\">\n\t\t\t\t\t\t\t\t\t\t\t<a href=\"https:\/\/www.visitcyprus.com\/colourful-villages-of-cyprus\/\">\n\n\t\t\t\t\t\t\t\t\t\t\t<span class=\"elementor-icon-list-text\">Barwne Wioski Cypryjskie<\/span>\n\t\t\t\t\t\t\t\t\t\t\t<\/a>\n\t\t\t\t\t\t\t\t\t<\/li>\n\t\t\t\t\t\t\t\t<li class=\"elementor-icon-list-item\">\n\t\t\t\t\t\t\t\t\t\t\t<a href=\"https:\/\/www.visitcyprus.com\/christmas-villages-of-cyprus\/\">\n\n\t\t\t\t\t\t\t\t\t\t\t<span class=\"elementor-icon-list-text\">Jarmarki Bo\u017conarodzeniowe<\/span>\n\t\t\t\t\t\t\t\t\t\t\t<\/a>\n\t\t\t\t\t\t\t\t\t<\/li>\n\t\t\t\t\t\t\t\t<li class=\"elementor-icon-list-item\">\n\t\t\t\t\t\t\t\t\t\t\t<a href=\"https:\/\/www.visitcyprus.com\/cyprus-nature-trails\/\">\n\n\t\t\t\t\t\t\t\t\t\t\t<span class=\"elementor-icon-list-text\">Szlaki Przyrodnicze na Cyprze<\/span>\n\t\t\t\t\t\t\t\t\t\t\t<\/a>\n\t\t\t\t\t\t\t\t\t<\/li>\n\t\t\t\t\t\t\t\t<li class=\"elementor-icon-list-item\">\n\t\t\t\t\t\t\t\t\t\t\t<a href=\"https:\/\/www.visitcyprus.com\/troodos-geopark\/\">\n\n\t\t\t\t\t\t\t\t\t\t\t<span class=\"elementor-icon-list-text\">Troodos Geopark<\/span>\n\t\t\t\t\t\t\t\t\t\t\t<\/a>\n\t\t\t\t\t\t\t\t\t<\/li>\n\t\t\t\t\t\t\t\t<li class=\"elementor-icon-list-item\">\n\t\t\t\t\t\t\t\t\t\t\t<a href=\"https:\/\/www.visitcyprus.com\/blue-flags\/\">\n\n\t\t\t\t\t\t\t\t\t\t\t<span class=\"elementor-icon-list-text\">B\u0142\u0119kitne Flagi<\/span>\n\t\t\t\t\t\t\t\t\t\t\t<\/a>\n\t\t\t\t\t\t\t\t\t<\/li>\n\t\t\t\t\t\t\t\t<li class=\"elementor-icon-list-item\">\n\t\t\t\t\t\t\t\t\t\t\t<a href=\"https:\/\/www.visitcyprus.com\/theme-parks-of-cyprus\/\">\n\n\t\t\t\t\t\t\t\t\t\t\t<span class=\"elementor-icon-list-text\">Cypryjskie Parki Tematyczne<\/span>\n\t\t\t\t\t\t\t\t\t\t\t<\/a>\n\t\t\t\t\t\t\t\t\t<\/li>\n\t\t\t\t\t\t\t\t<li class=\"elementor-icon-list-item\">\n\t\t\t\t\t\t\t\t\t\t\t<a href=\"https:\/\/www.visitcyprus.com\/vegan-friendly\/\">\n\n\t\t\t\t\t\t\t\t\t\t\t<span class=\"elementor-icon-list-text\">Przyjazny dla Wegan<\/span>\n\t\t\t\t\t\t\t\t\t\t\t<\/a>\n\t\t\t\t\t\t\t\t\t<\/li>\n\t\t\t\t\t\t<\/ul>\n\t\t\t\t\t\t<\/div>\n\t\t\t\t<\/div>\n\t\t\t\t<\/div>\n\t\t\t\t<\/div>\n\t\t<div class=\"elementor-element elementor-element-7dc154d1 e-con-full elementor-hidden-tablet elementor-hidden-mobile e-flex e-con e-child\" data-id=\"7dc154d1\" data-element_type=\"container\" data-e-type=\"container\" data-settings=\"{&quot;background_background&quot;:&quot;classic&quot;}\">\n\t\t\t\t<div class=\"elementor-element elementor-element-7842d920 elementor-widget elementor-widget-heading\" data-id=\"7842d920\" data-element_type=\"widget\" data-e-type=\"widget\" data-widget_type=\"heading.default\">\n\t\t\t\t<div class=\"elementor-widget-container\">\n\t\t\t\t\t<h2 class=\"elementor-heading-title elementor-size-default\">Labels of Cyprus<\/h2>\t\t\t\t<\/div>\n\t\t\t\t<\/div>\n\t\t\t\t<div class=\"elementor-element elementor-element-50a8c8d1 elementor-align-start underlined-links cyprus-labels-links elementor-icon-list--layout-traditional elementor-list-item-link-full_width elementor-widget elementor-widget-global elementor-global-382584 elementor-global-269093 elementor-widget-icon-list\" data-id=\"50a8c8d1\" data-element_type=\"widget\" data-e-type=\"widget\" data-widget_type=\"icon-list.default\">\n\t\t\t\t<div class=\"elementor-widget-container\">\n\t\t\t\t\t\t\t<ul class=\"elementor-icon-list-items\">\n\t\t\t\t\t\t\t<li class=\"elementor-icon-list-item\">\n\t\t\t\t\t\t\t\t\t\t\t<a href=\"https:\/\/www.visitcyprus.com\/pl\/destination-labels\/\">\n\n\t\t\t\t\t\t\t\t\t\t\t<span class=\"elementor-icon-list-text\">Wprowadzenie<\/span>\n\t\t\t\t\t\t\t\t\t\t\t<\/a>\n\t\t\t\t\t\t\t\t\t<\/li>\n\t\t\t\t\t\t\t\t<li class=\"elementor-icon-list-item\">\n\t\t\t\t\t\t\t\t\t\t\t<a href=\"https:\/\/www.visitcyprus.com\/heartland-of-legends-route\/\">\n\n\t\t\t\t\t\t\t\t\t\t\t<span class=\"elementor-icon-list-text\">Szlak do Serca Cypru<\/span>\n\t\t\t\t\t\t\t\t\t\t\t<\/a>\n\t\t\t\t\t\t\t\t\t<\/li>\n\t\t\t\t\t\t\t\t<li class=\"elementor-icon-list-item\">\n\t\t\t\t\t\t\t\t\t\t\t<a href=\"https:\/\/www.visitcyprus.com\/commandaria-route\/\">\n\n\t\t\t\t\t\t\t\t\t\t\t<span class=\"elementor-icon-list-text\">Commandaria<\/span>\n\t\t\t\t\t\t\t\t\t\t\t<\/a>\n\t\t\t\t\t\t\t\t\t<\/li>\n\t\t\t\t\t\t\t\t<li class=\"elementor-icon-list-item\">\n\t\t\t\t\t\t\t\t\t\t\t<a href=\"https:\/\/www.visitcyprus.com\/cyprus-breakfast\/\">\n\n\t\t\t\t\t\t\t\t\t\t\t<span class=\"elementor-icon-list-text\">Cypryjskie \u015aniadania<\/span>\n\t\t\t\t\t\t\t\t\t\t\t<\/a>\n\t\t\t\t\t\t\t\t\t<\/li>\n\t\t\t\t\t\t\t\t<li class=\"elementor-icon-list-item\">\n\t\t\t\t\t\t\t\t\t\t\t<a href=\"https:\/\/www.visitcyprus.com\/taste-cyprus-delightful-journeys\/\">\n\n\t\t\t\t\t\t\t\t\t\t\t<span class=\"elementor-icon-list-text\">Rozsmakuj si\u0119 w Cyprze<\/span>\n\t\t\t\t\t\t\t\t\t\t\t<\/a>\n\t\t\t\t\t\t\t\t\t<\/li>\n\t\t\t\t\t\t\t\t<li class=\"elementor-icon-list-item\">\n\t\t\t\t\t\t\t\t\t\t\t<a href=\"https:\/\/www.visitcyprus.com\/wine-routes\/\">\n\n\t\t\t\t\t\t\t\t\t\t\t<span class=\"elementor-icon-list-text\">Szlakiem Cypryjskich Winnic<\/span>\n\t\t\t\t\t\t\t\t\t\t\t<\/a>\n\t\t\t\t\t\t\t\t\t<\/li>\n\t\t\t\t\t\t\t\t<li class=\"elementor-icon-list-item\">\n\t\t\t\t\t\t\t\t\t\t\t<a href=\"https:\/\/www.visitcyprus.com\/cyprus-convention-bureau\/\">\n\n\t\t\t\t\t\t\t\t\t\t\t<span class=\"elementor-icon-list-text\">Cyprus Convention Bureau<\/span>\n\t\t\t\t\t\t\t\t\t\t\t<\/a>\n\t\t\t\t\t\t\t\t\t<\/li>\n\t\t\t\t\t\t\t\t<li class=\"elementor-icon-list-item\">\n\t\t\t\t\t\t\t\t\t\t\t<a href=\"https:\/\/www.visitcyprus.com\/colourful-villages-of-cyprus\/\">\n\n\t\t\t\t\t\t\t\t\t\t\t<span class=\"elementor-icon-list-text\">Barwne Wioski Cypryjskie<\/span>\n\t\t\t\t\t\t\t\t\t\t\t<\/a>\n\t\t\t\t\t\t\t\t\t<\/li>\n\t\t\t\t\t\t\t\t<li class=\"elementor-icon-list-item\">\n\t\t\t\t\t\t\t\t\t\t\t<a href=\"https:\/\/www.visitcyprus.com\/christmas-villages-of-cyprus\/\">\n\n\t\t\t\t\t\t\t\t\t\t\t<span class=\"elementor-icon-list-text\">Jarmarki Bo\u017conarodzeniowe<\/span>\n\t\t\t\t\t\t\t\t\t\t\t<\/a>\n\t\t\t\t\t\t\t\t\t<\/li>\n\t\t\t\t\t\t\t\t<li class=\"elementor-icon-list-item\">\n\t\t\t\t\t\t\t\t\t\t\t<a href=\"https:\/\/www.visitcyprus.com\/cyprus-nature-trails\/\">\n\n\t\t\t\t\t\t\t\t\t\t\t<span class=\"elementor-icon-list-text\">Szlaki Przyrodnicze na Cyprze<\/span>\n\t\t\t\t\t\t\t\t\t\t\t<\/a>\n\t\t\t\t\t\t\t\t\t<\/li>\n\t\t\t\t\t\t\t\t<li class=\"elementor-icon-list-item\">\n\t\t\t\t\t\t\t\t\t\t\t<a href=\"https:\/\/www.visitcyprus.com\/troodos-geopark\/\">\n\n\t\t\t\t\t\t\t\t\t\t\t<span class=\"elementor-icon-list-text\">Troodos Geopark<\/span>\n\t\t\t\t\t\t\t\t\t\t\t<\/a>\n\t\t\t\t\t\t\t\t\t<\/li>\n\t\t\t\t\t\t\t\t<li class=\"elementor-icon-list-item\">\n\t\t\t\t\t\t\t\t\t\t\t<a href=\"https:\/\/www.visitcyprus.com\/blue-flags\/\">\n\n\t\t\t\t\t\t\t\t\t\t\t<span class=\"elementor-icon-list-text\">B\u0142\u0119kitne Flagi<\/span>\n\t\t\t\t\t\t\t\t\t\t\t<\/a>\n\t\t\t\t\t\t\t\t\t<\/li>\n\t\t\t\t\t\t\t\t<li class=\"elementor-icon-list-item\">\n\t\t\t\t\t\t\t\t\t\t\t<a href=\"https:\/\/www.visitcyprus.com\/theme-parks-of-cyprus\/\">\n\n\t\t\t\t\t\t\t\t\t\t\t<span class=\"elementor-icon-list-text\">Cypryjskie Parki Tematyczne<\/span>\n\t\t\t\t\t\t\t\t\t\t\t<\/a>\n\t\t\t\t\t\t\t\t\t<\/li>\n\t\t\t\t\t\t\t\t<li class=\"elementor-icon-list-item\">\n\t\t\t\t\t\t\t\t\t\t\t<a href=\"https:\/\/www.visitcyprus.com\/vegan-friendly\/\">\n\n\t\t\t\t\t\t\t\t\t\t\t<span class=\"elementor-icon-list-text\">Przyjazny dla Wegan<\/span>\n\t\t\t\t\t\t\t\t\t\t\t<\/a>\n\t\t\t\t\t\t\t\t\t<\/li>\n\t\t\t\t\t\t<\/ul>\n\t\t\t\t\t\t<\/div>\n\t\t\t\t<\/div>\n\t\t\t\t<\/div>\n\t\t\t\t<\/div>\n\t\t\t\t<\/div>\n\t\t","protected":false},"excerpt":{"rendered":"<p>Rozsmakuj Si\u0119 w Cyprze Oznaczenie \u201eRozsmakuj si\u0119 w Cyprze\u201d potwierdza otrzymanie nagrody i spe\u0142nienie uprzednio ustanowionych kryteri\u00f3w zwi\u0105zanych z cypryjskimi standardami gastronomicznymi. Firmy, kt\u00f3re chc\u0105 si\u0119 sta\u0107 ambasadorami cypryjskiej to\u017csamo\u015bci [&hellip;]<\/p>\n","protected":false},"author":1,"featured_media":0,"parent":0,"menu_order":0,"comment_status":"closed","ping_status":"closed","template":"","meta":{"_acf_changed":false,"footnotes":""},"class_list":["post-557655","page","type-page","status-publish","hentry"],"acf":[],"yoast_head":"<!-- This site is optimized with the Yoast SEO plugin v27.4 - https:\/\/yoast.com\/product\/yoast-seo-wordpress\/ -->\n<title>Rozsmakuj Si\u0119 w Cyprze - Visit Cyprus<\/title>\n<meta name=\"robots\" content=\"index, follow, max-snippet:-1, max-image-preview:large, max-video-preview:-1\" \/>\n<link rel=\"canonical\" href=\"https:\/\/www.visitcyprus.com\/pl\/taste-cyprus-delightful-journeys\/\" \/>\n<meta property=\"og:locale\" content=\"pl_PL\" \/>\n<meta property=\"og:type\" content=\"article\" \/>\n<meta property=\"og:title\" content=\"Rozsmakuj Si\u0119 w Cyprze - Visit Cyprus\" \/>\n<meta property=\"og:description\" content=\"Rozsmakuj Si\u0119 w Cyprze Oznaczenie \u201eRozsmakuj si\u0119 w Cyprze\u201d potwierdza otrzymanie nagrody i spe\u0142nienie uprzednio ustanowionych kryteri\u00f3w zwi\u0105zanych z cypryjskimi standardami gastronomicznymi. Firmy, kt\u00f3re chc\u0105 si\u0119 sta\u0107 ambasadorami cypryjskiej to\u017csamo\u015bci [&hellip;]\" \/>\n<meta property=\"og:url\" content=\"https:\/\/www.visitcyprus.com\/pl\/taste-cyprus-delightful-journeys\/\" \/>\n<meta property=\"og:site_name\" content=\"Visit Cyprus\" \/>\n<meta property=\"article:publisher\" content=\"https:\/\/www.facebook.com\/VisitCyprus.cy\/\" \/>\n<meta property=\"article:modified_time\" content=\"2024-09-26T10:46:00+00:00\" \/>\n<meta property=\"og:image\" content=\"https:\/\/www.visitcyprus.com\/wp-content\/uploads\/2024\/04\/TASTE_LOGO-1.png\" \/>\n<meta name=\"twitter:card\" content=\"summary_large_image\" \/>\n<meta name=\"twitter:site\" content=\"@visitcyprus\" \/>\n<meta name=\"twitter:label1\" content=\"Est. reading time\" \/>\n\t<meta name=\"twitter:data1\" content=\"1 minute\" \/>\n<script type=\"application\/ld+json\" class=\"yoast-schema-graph\">{\"@context\":\"https:\\\/\\\/schema.org\",\"@graph\":[{\"@type\":\"WebPage\",\"@id\":\"https:\\\/\\\/www.visitcyprus.com\\\/pl\\\/taste-cyprus-delightful-journeys\\\/\",\"url\":\"https:\\\/\\\/www.visitcyprus.com\\\/pl\\\/taste-cyprus-delightful-journeys\\\/\",\"name\":\"Rozsmakuj Si\u0119 w Cyprze - Visit Cyprus\",\"isPartOf\":{\"@id\":\"https:\\\/\\\/www.visitcyprus.com\\\/pl\\\/#website\"},\"primaryImageOfPage\":{\"@id\":\"https:\\\/\\\/www.visitcyprus.com\\\/pl\\\/taste-cyprus-delightful-journeys\\\/#primaryimage\"},\"image\":{\"@id\":\"https:\\\/\\\/www.visitcyprus.com\\\/pl\\\/taste-cyprus-delightful-journeys\\\/#primaryimage\"},\"thumbnailUrl\":\"https:\\\/\\\/www.visitcyprus.com\\\/wp-content\\\/uploads\\\/2024\\\/04\\\/TASTE_LOGO-1.png\",\"datePublished\":\"2024-04-27T17:15:09+00:00\",\"dateModified\":\"2024-09-26T10:46:00+00:00\",\"breadcrumb\":{\"@id\":\"https:\\\/\\\/www.visitcyprus.com\\\/pl\\\/taste-cyprus-delightful-journeys\\\/#breadcrumb\"},\"inLanguage\":\"pl-PL\",\"potentialAction\":[{\"@type\":\"ReadAction\",\"target\":[\"https:\\\/\\\/www.visitcyprus.com\\\/pl\\\/taste-cyprus-delightful-journeys\\\/\"]}]},{\"@type\":\"ImageObject\",\"inLanguage\":\"pl-PL\",\"@id\":\"https:\\\/\\\/www.visitcyprus.com\\\/pl\\\/taste-cyprus-delightful-journeys\\\/#primaryimage\",\"url\":\"https:\\\/\\\/www.visitcyprus.com\\\/wp-content\\\/uploads\\\/2024\\\/04\\\/TASTE_LOGO-1.png\",\"contentUrl\":\"https:\\\/\\\/www.visitcyprus.com\\\/wp-content\\\/uploads\\\/2024\\\/04\\\/TASTE_LOGO-1.png\"},{\"@type\":\"BreadcrumbList\",\"@id\":\"https:\\\/\\\/www.visitcyprus.com\\\/pl\\\/taste-cyprus-delightful-journeys\\\/#breadcrumb\",\"itemListElement\":[{\"@type\":\"ListItem\",\"position\":1,\"name\":\"Home\",\"item\":\"https:\\\/\\\/www.visitcyprus.com\\\/pl\\\/\"},{\"@type\":\"ListItem\",\"position\":2,\"name\":\"Rozsmakuj Si\u0119 w Cyprze\"}]},{\"@type\":\"WebSite\",\"@id\":\"https:\\\/\\\/www.visitcyprus.com\\\/pl\\\/#website\",\"url\":\"https:\\\/\\\/www.visitcyprus.com\\\/pl\\\/\",\"name\":\"Visit Cyprus\",\"description\":\"\",\"publisher\":{\"@id\":\"https:\\\/\\\/www.visitcyprus.com\\\/pl\\\/#organization\"},\"potentialAction\":[{\"@type\":\"SearchAction\",\"target\":{\"@type\":\"EntryPoint\",\"urlTemplate\":\"https:\\\/\\\/www.visitcyprus.com\\\/pl\\\/?s={search_term_string}\"},\"query-input\":{\"@type\":\"PropertyValueSpecification\",\"valueRequired\":true,\"valueName\":\"search_term_string\"}}],\"inLanguage\":\"pl-PL\"},{\"@type\":\"Organization\",\"@id\":\"https:\\\/\\\/www.visitcyprus.com\\\/pl\\\/#organization\",\"name\":\"Visit Cyprus\",\"url\":\"https:\\\/\\\/www.visitcyprus.com\\\/pl\\\/\",\"logo\":{\"@type\":\"ImageObject\",\"inLanguage\":\"pl-PL\",\"@id\":\"https:\\\/\\\/www.visitcyprus.com\\\/pl\\\/#\\\/schema\\\/logo\\\/image\\\/\",\"url\":\"https:\\\/\\\/www.visitcyprus.com\\\/wp-content\\\/uploads\\\/2024\\\/04\\\/visitcyprus-logo.png\",\"contentUrl\":\"https:\\\/\\\/www.visitcyprus.com\\\/wp-content\\\/uploads\\\/2024\\\/04\\\/visitcyprus-logo.png\",\"width\":89,\"height\":167,\"caption\":\"Visit Cyprus\"},\"image\":{\"@id\":\"https:\\\/\\\/www.visitcyprus.com\\\/pl\\\/#\\\/schema\\\/logo\\\/image\\\/\"},\"sameAs\":[\"https:\\\/\\\/www.facebook.com\\\/VisitCyprus.cy\\\/\",\"https:\\\/\\\/x.com\\\/visitcyprus\"]}]}<\/script>\n<!-- \/ Yoast SEO plugin. -->","yoast_head_json":{"title":"Rozsmakuj Si\u0119 w Cyprze - Visit Cyprus","robots":{"index":"index","follow":"follow","max-snippet":"max-snippet:-1","max-image-preview":"max-image-preview:large","max-video-preview":"max-video-preview:-1"},"canonical":"https:\/\/www.visitcyprus.com\/pl\/taste-cyprus-delightful-journeys\/","og_locale":"pl_PL","og_type":"article","og_title":"Rozsmakuj Si\u0119 w Cyprze - Visit Cyprus","og_description":"Rozsmakuj Si\u0119 w Cyprze Oznaczenie \u201eRozsmakuj si\u0119 w Cyprze\u201d potwierdza otrzymanie nagrody i spe\u0142nienie uprzednio ustanowionych kryteri\u00f3w zwi\u0105zanych z cypryjskimi standardami gastronomicznymi. Firmy, kt\u00f3re chc\u0105 si\u0119 sta\u0107 ambasadorami cypryjskiej to\u017csamo\u015bci [&hellip;]","og_url":"https:\/\/www.visitcyprus.com\/pl\/taste-cyprus-delightful-journeys\/","og_site_name":"Visit Cyprus","article_publisher":"https:\/\/www.facebook.com\/VisitCyprus.cy\/","article_modified_time":"2024-09-26T10:46:00+00:00","og_image":[{"url":"https:\/\/www.visitcyprus.com\/wp-content\/uploads\/2024\/04\/TASTE_LOGO-1.png","type":"","width":"","height":""}],"twitter_card":"summary_large_image","twitter_site":"@visitcyprus","twitter_misc":{"Est. reading time":"1 minute"},"schema":{"@context":"https:\/\/schema.org","@graph":[{"@type":"WebPage","@id":"https:\/\/www.visitcyprus.com\/pl\/taste-cyprus-delightful-journeys\/","url":"https:\/\/www.visitcyprus.com\/pl\/taste-cyprus-delightful-journeys\/","name":"Rozsmakuj Si\u0119 w Cyprze - Visit Cyprus","isPartOf":{"@id":"https:\/\/www.visitcyprus.com\/pl\/#website"},"primaryImageOfPage":{"@id":"https:\/\/www.visitcyprus.com\/pl\/taste-cyprus-delightful-journeys\/#primaryimage"},"image":{"@id":"https:\/\/www.visitcyprus.com\/pl\/taste-cyprus-delightful-journeys\/#primaryimage"},"thumbnailUrl":"https:\/\/www.visitcyprus.com\/wp-content\/uploads\/2024\/04\/TASTE_LOGO-1.png","datePublished":"2024-04-27T17:15:09+00:00","dateModified":"2024-09-26T10:46:00+00:00","breadcrumb":{"@id":"https:\/\/www.visitcyprus.com\/pl\/taste-cyprus-delightful-journeys\/#breadcrumb"},"inLanguage":"pl-PL","potentialAction":[{"@type":"ReadAction","target":["https:\/\/www.visitcyprus.com\/pl\/taste-cyprus-delightful-journeys\/"]}]},{"@type":"ImageObject","inLanguage":"pl-PL","@id":"https:\/\/www.visitcyprus.com\/pl\/taste-cyprus-delightful-journeys\/#primaryimage","url":"https:\/\/www.visitcyprus.com\/wp-content\/uploads\/2024\/04\/TASTE_LOGO-1.png","contentUrl":"https:\/\/www.visitcyprus.com\/wp-content\/uploads\/2024\/04\/TASTE_LOGO-1.png"},{"@type":"BreadcrumbList","@id":"https:\/\/www.visitcyprus.com\/pl\/taste-cyprus-delightful-journeys\/#breadcrumb","itemListElement":[{"@type":"ListItem","position":1,"name":"Home","item":"https:\/\/www.visitcyprus.com\/pl\/"},{"@type":"ListItem","position":2,"name":"Rozsmakuj Si\u0119 w Cyprze"}]},{"@type":"WebSite","@id":"https:\/\/www.visitcyprus.com\/pl\/#website","url":"https:\/\/www.visitcyprus.com\/pl\/","name":"Visit Cyprus","description":"","publisher":{"@id":"https:\/\/www.visitcyprus.com\/pl\/#organization"},"potentialAction":[{"@type":"SearchAction","target":{"@type":"EntryPoint","urlTemplate":"https:\/\/www.visitcyprus.com\/pl\/?s={search_term_string}"},"query-input":{"@type":"PropertyValueSpecification","valueRequired":true,"valueName":"search_term_string"}}],"inLanguage":"pl-PL"},{"@type":"Organization","@id":"https:\/\/www.visitcyprus.com\/pl\/#organization","name":"Visit Cyprus","url":"https:\/\/www.visitcyprus.com\/pl\/","logo":{"@type":"ImageObject","inLanguage":"pl-PL","@id":"https:\/\/www.visitcyprus.com\/pl\/#\/schema\/logo\/image\/","url":"https:\/\/www.visitcyprus.com\/wp-content\/uploads\/2024\/04\/visitcyprus-logo.png","contentUrl":"https:\/\/www.visitcyprus.com\/wp-content\/uploads\/2024\/04\/visitcyprus-logo.png","width":89,"height":167,"caption":"Visit Cyprus"},"image":{"@id":"https:\/\/www.visitcyprus.com\/pl\/#\/schema\/logo\/image\/"},"sameAs":["https:\/\/www.facebook.com\/VisitCyprus.cy\/","https:\/\/x.com\/visitcyprus"]}]}},"_links":{"self":[{"href":"https:\/\/www.visitcyprus.com\/pl\/wp-json\/wp\/v2\/pages\/557655","targetHints":{"allow":["GET"]}}],"collection":[{"href":"https:\/\/www.visitcyprus.com\/pl\/wp-json\/wp\/v2\/pages"}],"about":[{"href":"https:\/\/www.visitcyprus.com\/pl\/wp-json\/wp\/v2\/types\/page"}],"author":[{"embeddable":true,"href":"https:\/\/www.visitcyprus.com\/pl\/wp-json\/wp\/v2\/users\/1"}],"replies":[{"embeddable":true,"href":"https:\/\/www.visitcyprus.com\/pl\/wp-json\/wp\/v2\/comments?post=557655"}],"version-history":[{"count":0,"href":"https:\/\/www.visitcyprus.com\/pl\/wp-json\/wp\/v2\/pages\/557655\/revisions"}],"wp:attachment":[{"href":"https:\/\/www.visitcyprus.com\/pl\/wp-json\/wp\/v2\/media?parent=557655"}],"curies":[{"name":"wp","href":"https:\/\/api.w.org\/{rel}","templated":true}]}}